{"id":113660,"date":"2022-01-18T00:00:00","date_gmt":"2022-01-17T23:00:00","guid":{"rendered":"http:\/\/gpl-love.com\/fr\/produit\/vlog-video-blog-et-podcast-wordpress-theme\/"},"modified":"2026-04-10T18:45:10","modified_gmt":"2026-04-10T16:45:10","slug":"vlog-video-blog-et-podcast-wordpress-theme","status":"publish","type":"product","link":"https:\/\/gpl-love.com\/fr\/produit\/vlog-video-blog-et-podcast-wordpress-theme\/","title":{"rendered":"Vlog Video Blog et Podcast WordPress Theme 2.5"},"content":{"rendered":"<h3>Vlog Video Blog et Podcast WordPress Theme Traits<\/h3>\n<p>Le blog vid\u00e9o Vlog et le th\u00e8me WordPress du podcast, une plate-forme tr\u00e8s polyvalente et riche en fonctionnalit\u00e9s, a \u00e9t\u00e9 sp\u00e9cialement con\u00e7u pour r\u00e9pondre aux divers besoins des cr\u00e9ateurs de contenu. \u00c9quip\u00e9 d&rsquo;une interface intuitive et conviviale, ainsi que d&rsquo;une pl\u00e9thore d&rsquo;options personnalisables, ce th\u00e8me permet aux cr\u00e9ateurs de fabriquer des blogs vid\u00e9o, des podcasts et des vlogs visuellement frappants qui s&rsquo;alignent sans effort avec leur marque et leur style distinctifs. Offrant une gamme de fonctionnalit\u00e9s avanc\u00e9es, y compris un lecteur vid\u00e9o personnalisable, un lecteur de podcast et une int\u00e9gration transparente avec des plateformes de m\u00e9dias sociaux populaires, ce th\u00e8me assure un niveau de flexibilit\u00e9 et de contr\u00f4le sans pr\u00e9c\u00e9dent. Que vous soyez un professionnel chevronn\u00e9 avec des ann\u00e9es d&rsquo;exp\u00e9rience ou un novice qui se lance dans votre parcours de cr\u00e9ation de contenu, le blog vid\u00e9o Vlog et le th\u00e8me WordPress podcast sont ind\u00e9niablement un choix exemplaire qui \u00e9l\u00e8vera sans aucun doute les prouesses de la cr\u00e9ation de contenu \u00e0 de nouveaux sommets.<\/p>\n<ul>\n<li>Un th\u00e8me moderne et \u00e9l\u00e9gant con\u00e7u sp\u00e9cifiquement pour les vloggers, les blogueurs vid\u00e9o et les podcasteurs<\/li>\n<li>Construit sur la plate-forme WordPress, offrant une exp\u00e9rience conviviale et personnalisable<\/li>\n<li>La conception enti\u00e8rement r\u00e9active garantit que votre contenu a fi\u00e8re allure sur tous les appareils, des ordinateurs de bureau aux t\u00e9l\u00e9phones mobiles<\/li>\n<li>Comprend une vari\u00e9t\u00e9 de formats de post tels que la vid\u00e9o, l&rsquo;audio et le texte, permettant la polyvalence dans la cr\u00e9ation de contenu<\/li>\n<li>Int\u00e9gration transparente avec des plugins de podcasting populaires tels que WP Chimp et PowerPress<\/li>\n<li>Parmi les options de disposition multiples, y compris les dispositions de pleine largeur, en bo\u00eete et grille<\/li>\n<li>Personnalisation facile via le personnalisateur WordPress, avec des options pour les couleurs, les polices et plus<\/li>\n<li>Comprend des widgets postaux en vedette pour mettre en \u00e9vidence votre dernier contenu ou vos \u00e9pisodes en vedette<\/li>\n<li>Boutons de partage des m\u00e9dias sociaux int\u00e9gr\u00e9s et de suivi, ce qui permet \u00e0 vos t\u00e9l\u00e9spectateurs de partager et de se connecter facilement avec vos cha\u00eenes<\/li>\n<li>Compatible avec des plugins populaires tels que Jetpack, Contact Form 7 et Yoast SEO.<\/li>\n<\/ul>\n","protected":false},"excerpt":{"rendered":"<p>Le th\u00e8me WordPress d&rsquo;entr\u00e9e se pr\u00e9sente comme une option id\u00e9ale pour les personnes qui cherchent \u00e0 \u00e9tablir un site Web sophistiqu\u00e9 et esth\u00e9tiquement adapt\u00e9 aux vlogs, aux blogs vid\u00e9o et aux podcasts. Son cadre con\u00e7u contemporain et personnalisable vous distingue non seulement de la foule, mais garantit \u00e9galement que votre site Web reste visuellement captivant. De plus, ses fonctionnalit\u00e9s robustes, comme un lecteur vid\u00e9o int\u00e9gr\u00e9, garantissent que votre contenu reste facilement accessible et captivant pour votre public. Avec son processus de configuration et d&rsquo;installation transparente, vous pouvez lancer rapidement votre site Web et le faire op\u00e9rationnel dans une p\u00e9riode remarquablement courte. Ne perdez pas de temps et commencez \u00e0 partager votre passion et votre expertise profondes avec la communaut\u00e9 mondiale en utilisant aujourd&rsquo;hui le th\u00e8me WordPress d&rsquo;entr\u00e9e.<\/p>\n","protected":false},"featured_media":145728,"comment_status":"open","ping_status":"open","template":"","meta":[],"product_brand":[2433],"product_cat":[1220,1212,1213],"product_tag":[1366],"class_list":{"0":"post-113660","1":"product","2":"type-product","3":"status-publish","4":"has-post-thumbnail","6":"product_brand-themeforest","7":"product_cat-blog-magazine","8":"product_cat-themes","9":"product_cat-wordpress-themes","10":"product_tag-themeforest","11":"member-discount","12":"discount-restricted","14":"first","15":"instock","16":"sale","17":"downloadable","18":"virtual","19":"sold-individually","20":"purchasable","21":"product-type-simple"},"_links":{"self":[{"href":"https:\/\/gpl-love.com\/fr\/wp-json\/wp\/v2\/product\/113660","targetHints":{"allow":["GET"]}}],"collection":[{"href":"https:\/\/gpl-love.com\/fr\/wp-json\/wp\/v2\/product"}],"about":[{"href":"https:\/\/gpl-love.com\/fr\/wp-json\/wp\/v2\/types\/product"}],"replies":[{"embeddable":true,"href":"https:\/\/gpl-love.com\/fr\/wp-json\/wp\/v2\/comments?post=113660"}],"wp:featuredmedia":[{"embeddable":true,"href":"https:\/\/gpl-love.com\/fr\/wp-json\/wp\/v2\/media\/145728"}],"wp:attachment":[{"href":"https:\/\/gpl-love.com\/fr\/wp-json\/wp\/v2\/media?parent=113660"}],"wp:term":[{"taxonomy":"product_brand","embeddable":true,"href":"https:\/\/gpl-love.com\/fr\/wp-json\/wp\/v2\/product_brand?post=113660"},{"taxonomy":"product_cat","embeddable":true,"href":"https:\/\/gpl-love.com\/fr\/wp-json\/wp\/v2\/product_cat?post=113660"},{"taxonomy":"product_tag","embeddable":true,"href":"https:\/\/gpl-love.com\/fr\/wp-json\/wp\/v2\/product_tag?post=113660"}],"curies":[{"name":"wp","href":"https:\/\/api.w.org\/{rel}","templated":true}]}}