{"id":113658,"date":"2023-11-21T00:00:00","date_gmt":"2023-11-20T23:00:00","guid":{"rendered":"http:\/\/gpl-love.com\/fr\/produit\/read-wp-minimalist-wordpress-blog-theme\/"},"modified":"2026-03-20T23:33:14","modified_gmt":"2026-03-20T22:33:14","slug":"read-wp-minimalist-wordpress-blog-theme","status":"publish","type":"product","link":"https:\/\/gpl-love.com\/fr\/produit\/read-wp-minimalist-wordpress-blog-theme\/","title":{"rendered":"Read WP Minimalist WordPress Blog Theme 4.6.3"},"content":{"rendered":"<h3>Read WP Minimalist WordPress Blog Theme Traits<\/h3>\n<p>Le th\u00e8me du blog Minimaliste WP Minimalist WordPress est un mod\u00e8le exquis et contemporain m\u00e9ticuleusement con\u00e7u pour les blogueurs qui accordent une grande importance aux vertus de la simplicit\u00e9 et de la lisibilit\u00e9. Avec son cadre vierge et sans fioritures, ce th\u00e8me garantit que les projecteurs sont carr\u00e9ment sur votre contenu, tandis que ses fonctionnalit\u00e9s adaptables vous offrent la possibilit\u00e9 de personnaliser votre site Web en fonction de vos pr\u00e9f\u00e9rences. De plus, gr\u00e2ce \u00e0 sa conception r\u00e9active, votre blog d\u00e9gagera la splendeur sur tous les appareils, et son interface conviviale fait de la gestion de votre site un jeu d&rsquo;enfant. Que vous poss\u00e9diez une vaste exp\u00e9rience dans le domaine des blogs ou que vous vous lanciez simplement dans ce voyage passionnant, le th\u00e8me de blog Minimaliste WP Minimalist WordPress est un choix impeccable pour engendrer un blog \u00e0 la fois poli et captivant.<\/p>\n<ul>\n<li>Design simpliste et \u00e9l\u00e9gant, parfait pour les blogueurs qui veulent un look minimaliste pour leur site Web<\/li>\n<li>Enti\u00e8rement r\u00e9actif et adapt\u00e9 aux mobiles, assurant une exp\u00e9rience de visualisation optimale sur tous les appareils<\/li>\n<li>Options de couleurs personnalisables, donnant la flexibilit\u00e9 pour correspondre \u00e0 votre marque ou \u00e0 votre style personnel<\/li>\n<li>Interface conviviale et mise en page personnalisable, permettant une navigation facile et une organisation de poste<\/li>\n<li>Optimisation du r\u00e9f\u00e9rencement, assurant une visibilit\u00e9 plus \u00e9lev\u00e9e et un meilleur classement des moteurs de recherche<\/li>\n<li>Compatible avec les plugins WordPress populaires pour des fonctionnalit\u00e9s ajout\u00e9es<\/li>\n<li>Mises \u00e0 jour et maintenance r\u00e9guli\u00e8res, assurant un site Web en douceur<\/li>\n<li>Support client 24\/7, avec une \u00e9quipe de professionnels pr\u00eats \u00e0 r\u00e9pondre \u00e0 toute question ou pr\u00e9occupation.<\/li>\n<\/ul>\n","protected":false},"excerpt":{"rendered":"<p>Le th\u00e8me Blog WordPress Minimalist WordPress Read WP pr\u00e9sente une solution id\u00e9ale pour les blogueurs d\u00e9sireux d&rsquo;une apparence simple et immacul\u00e9e pour leur site Web. Sa conception minimaliste accentue efficacement le contenu, facilitant la navigation en douceur pour les lecteurs. De plus, sa disposition r\u00e9active s&rsquo;adapte de mani\u00e8re transparente \u00e0 diverses tailles d&rsquo;\u00e9cran et appareils, garantissant une exp\u00e9rience visuelle exceptionnelle sur n&rsquo;importe quelle plate-forme. Am\u00e9liorez l&rsquo;attrait visuel de votre blog en le personnalisant avec un \u00e9ventail d&rsquo;options de polices et de couleurs, tandis que la fonction de galerie int\u00e9gr\u00e9e pr\u00e9sente sans effort vos images. De plus, ce th\u00e8me est m\u00e9ticuleusement optimis\u00e9 pour le r\u00e9f\u00e9rencement, garantissant que les moteurs de recherche d\u00e9couvrent et classent sans effort votre blog. Commencez votre parcours de blogging sur la bonne trajectoire avec le th\u00e8me Blog Minimaliste WP Minimalist WordPress.<\/p>\n","protected":false},"featured_media":145081,"comment_status":"open","ping_status":"open","template":"","meta":[],"product_brand":[2433],"product_cat":[1220,1212,1213],"product_tag":[1366],"class_list":{"0":"post-113658","1":"product","2":"type-product","3":"status-publish","4":"has-post-thumbnail","6":"product_brand-themeforest","7":"product_cat-blog-magazine","8":"product_cat-themes","9":"product_cat-wordpress-themes","10":"product_tag-themeforest","11":"member-discount","12":"discount-restricted","14":"first","15":"instock","16":"sale","17":"downloadable","18":"virtual","19":"sold-individually","20":"purchasable","21":"product-type-simple"},"_links":{"self":[{"href":"https:\/\/gpl-love.com\/fr\/wp-json\/wp\/v2\/product\/113658","targetHints":{"allow":["GET"]}}],"collection":[{"href":"https:\/\/gpl-love.com\/fr\/wp-json\/wp\/v2\/product"}],"about":[{"href":"https:\/\/gpl-love.com\/fr\/wp-json\/wp\/v2\/types\/product"}],"replies":[{"embeddable":true,"href":"https:\/\/gpl-love.com\/fr\/wp-json\/wp\/v2\/comments?post=113658"}],"wp:featuredmedia":[{"embeddable":true,"href":"https:\/\/gpl-love.com\/fr\/wp-json\/wp\/v2\/media\/145081"}],"wp:attachment":[{"href":"https:\/\/gpl-love.com\/fr\/wp-json\/wp\/v2\/media?parent=113658"}],"wp:term":[{"taxonomy":"product_brand","embeddable":true,"href":"https:\/\/gpl-love.com\/fr\/wp-json\/wp\/v2\/product_brand?post=113658"},{"taxonomy":"product_cat","embeddable":true,"href":"https:\/\/gpl-love.com\/fr\/wp-json\/wp\/v2\/product_cat?post=113658"},{"taxonomy":"product_tag","embeddable":true,"href":"https:\/\/gpl-love.com\/fr\/wp-json\/wp\/v2\/product_tag?post=113658"}],"curies":[{"name":"wp","href":"https:\/\/api.w.org\/{rel}","templated":true}]}}