{"id":113656,"date":"2021-04-09T00:00:00","date_gmt":"2021-04-08T22:00:00","guid":{"rendered":"http:\/\/gpl-love.com\/fr\/produit\/milton-multipurpose-creative-wordpress-theme\/"},"modified":"2026-04-10T18:31:32","modified_gmt":"2026-04-10T16:31:32","slug":"milton-multipurpose-creative-wordpress-theme","status":"publish","type":"product","link":"https:\/\/gpl-love.com\/fr\/produit\/milton-multipurpose-creative-wordpress-theme\/","title":{"rendered":"Milton Multipurpose Creative WordPress Theme 1.2.3"},"content":{"rendered":"<h3>Milton Multipurpose Creative WordPress Theme Traits<\/h3>\n<p>Le th\u00e8me Creative WordPress cr\u00e9atif Milton, avec sa nature tr\u00e8s polyvalente et flexible, offre aux utilisateurs la capacit\u00e9 in\u00e9gal\u00e9e \u00e0 cr\u00e9er des sites Web frappants visuellement qui laissent une impression durable. Ce th\u00e8me exceptionnel poss\u00e8de une vaste gamme de d\u00e9mos et de dispositions pr\u00e9d\u00e9finies, chacune adapt\u00e9e \u00e0 diff\u00e9rentes niches et objectifs, que ce soit un portfolio, une agence, un blog, une plate-forme de commerce \u00e9lectronique ou au-del\u00e0. Ce qui distingue vraiment ce th\u00e8me, c&rsquo;est son inclusion d&rsquo;un constructeur de pages \u00e0 glisser-d\u00e9poser puissant et intuitif, permettant aux utilisateurs de personnaliser sans effort chaque \u00e9l\u00e9ment de leur site Web sans n\u00e9cessiter d&rsquo;expertise de codage. De plus, le th\u00e8me offre aux utilisateurs des options avanc\u00e9es pour la typographie, les couleurs, les animations et les widgets, garantissant une touche vraiment personnalis\u00e9e. Sans oublier, la conception enti\u00e8rement r\u00e9active du th\u00e8me garantit une exp\u00e9rience utilisateur optimale sur tous les appareils, tandis que son optimisation compl\u00e8te de r\u00e9f\u00e9rencement assure une visibilit\u00e9 en ligne maximale. En un mot, le th\u00e8me Creative WordPress cr\u00e9atif Milton est sans aucun doute le choix ultime pour ceux qui cherchent \u00e0 cr\u00e9er un site Web professionnel qui se d\u00e9marque sans effort au milieu de la mer des concurrents.<\/p>\n<ul>\n<li>Th\u00e8me hautement personnalisable pour les sites Web WordPress<\/li>\n<li>Convient pour une vari\u00e9t\u00e9 de niches cr\u00e9atives et commerciales<\/li>\n<li>Livr\u00e9 avec 12 dispositions de page d&rsquo;accueil uniques pour une configuration facile<\/li>\n<li>Page de page de glisser-d\u00e9poser int\u00e9gr\u00e9 pour une personnalisation sans effort<\/li>\n<li>Comprend une gamme de mod\u00e8les pr\u00e9-con\u00e7us pour diff\u00e9rentes pages<\/li>\n<li>SEO optimis\u00e9 pour un meilleur classement des moteurs de recherche<\/li>\n<li>Conception r\u00e9active mobile pour une visualisation optimale sur tous les appareils<\/li>\n<li>Croisement compatible pour les fonctionnalit\u00e9s transparentes<\/li>\n<li>Int\u00e9gre parfaitement avec les plugins populaires, notamment WooCommerce et le formulaire de contact 7<\/li>\n<li>R\u00e9guli\u00e8rement mis \u00e0 jour avec de nouvelles fonctionnalit\u00e9s et am\u00e9liorations.<\/li>\n<\/ul>\n","protected":false},"excerpt":{"rendered":"<p>Le th\u00e8me Creative WordPress cr\u00e9atif Milton, avec sa nature multiforme et sa conception sophistiqu\u00e9e, se pr\u00e9sente comme un choix id\u00e9al pour un \u00e9ventail diversifi\u00e9 de sites Web, allant des portefeuilles aux sites commerciaux. B\u00e9n\u00e9ficiant d&rsquo;une abondance de choix de personnalisation et de mod\u00e8les pr\u00e9-con\u00e7us, les individus peuvent infliger sans effort des pages distinctives et visuellement captivantes, le tout sans n\u00e9cessiter aucune expertise en codage. De plus, ce th\u00e8me a \u00e9t\u00e9 m\u00e9ticuleusement optimis\u00e9 pour une rapidit\u00e9 optimale et une adaptabilit\u00e9 mobile, garantissant que votre site d\u00e9gage non seulement l&rsquo;\u00e9clat esth\u00e9tique, mais se charge \u00e9galement rapidement sur tous les appareils. De plus, le th\u00e8me de Milton comprend un r\u00e9f\u00e9rentiel complet de documentation et de support, ce qui le rend une option exceptionnellement formidable pour les utilisateurs de WordPress \u00e0 tout niveau de comp\u00e9tence.<\/p>\n","protected":false},"featured_media":144543,"comment_status":"open","ping_status":"open","template":"","meta":[],"product_brand":[2433],"product_cat":[1214,1212,1213],"product_tag":[1366],"class_list":{"0":"post-113656","1":"product","2":"type-product","3":"status-publish","4":"has-post-thumbnail","6":"product_brand-themeforest","7":"product_cat-polyvalent","8":"product_cat-themes","9":"product_cat-wordpress-themes","10":"product_tag-themeforest","11":"member-discount","12":"discount-restricted","14":"first","15":"instock","16":"sale","17":"downloadable","18":"virtual","19":"sold-individually","20":"purchasable","21":"product-type-simple"},"_links":{"self":[{"href":"https:\/\/gpl-love.com\/fr\/wp-json\/wp\/v2\/product\/113656","targetHints":{"allow":["GET"]}}],"collection":[{"href":"https:\/\/gpl-love.com\/fr\/wp-json\/wp\/v2\/product"}],"about":[{"href":"https:\/\/gpl-love.com\/fr\/wp-json\/wp\/v2\/types\/product"}],"replies":[{"embeddable":true,"href":"https:\/\/gpl-love.com\/fr\/wp-json\/wp\/v2\/comments?post=113656"}],"wp:featuredmedia":[{"embeddable":true,"href":"https:\/\/gpl-love.com\/fr\/wp-json\/wp\/v2\/media\/144543"}],"wp:attachment":[{"href":"https:\/\/gpl-love.com\/fr\/wp-json\/wp\/v2\/media?parent=113656"}],"wp:term":[{"taxonomy":"product_brand","embeddable":true,"href":"https:\/\/gpl-love.com\/fr\/wp-json\/wp\/v2\/product_brand?post=113656"},{"taxonomy":"product_cat","embeddable":true,"href":"https:\/\/gpl-love.com\/fr\/wp-json\/wp\/v2\/product_cat?post=113656"},{"taxonomy":"product_tag","embeddable":true,"href":"https:\/\/gpl-love.com\/fr\/wp-json\/wp\/v2\/product_tag?post=113656"}],"curies":[{"name":"wp","href":"https:\/\/api.w.org\/{rel}","templated":true}]}}