{"id":113654,"date":"2025-10-23T00:00:00","date_gmt":"2025-10-22T22:00:00","guid":{"rendered":"http:\/\/gpl-love.com\/fr\/produit\/hozing-hotel-booking-wordpress-theme\/"},"modified":"2026-03-20T23:19:51","modified_gmt":"2026-03-20T22:19:51","slug":"hozing-hotel-booking-wordpress-theme","status":"publish","type":"product","link":"https:\/\/gpl-love.com\/fr\/produit\/hozing-hotel-booking-wordpress-theme\/","title":{"rendered":"Hozing Hotel Booking WordPress Theme 1.3.2"},"content":{"rendered":"<h3>Hozing Hotel Booking WordPress Theme Traits<\/h3>\n<p>Le th\u00e8me WordPress de r\u00e9servation d&rsquo;h\u00f4tel Hozing propose une solution globale et complexe pour les h\u00f4tels et les propri\u00e9t\u00e9s de location cherchant \u00e0 g\u00e9rer efficacement leurs r\u00e9servations. Ce th\u00e8me poss\u00e8de un \u00e9ventail de fonctionnalit\u00e9s hautement personnalisables, allant des fonctionnalit\u00e9s de r\u00e9servation en ligne aux calendriers de disponibilit\u00e9, aux outils de gestion des salles et aux int\u00e9grations avec des passerelles de paiement bien connues. Son objectif principal est de fournir une exp\u00e9rience de r\u00e9servation transparente pour les clients tout en offrant simultan\u00e9ment sur les propri\u00e9taires une exp\u00e9rience de gestion sans effort. Avec son interface intuitive pour les utilisateurs et un design contemporain et attrayant, le th\u00e8me WordPress de r\u00e9servation d&rsquo;h\u00f4tel Hozing se pr\u00e9sente comme la solution id\u00e9ale pour tout h\u00f4tel ou propri\u00e9t\u00e9 locative visant \u00e0 \u00e9lever sa pr\u00e9sence en ligne et \u00e0 rationaliser son processus de r\u00e9servation.<\/p>\n<ul>\n<li>Th\u00e8me WordPress r\u00e9actif et attrayant con\u00e7u sp\u00e9cifiquement pour les sites Web de r\u00e9servation d&rsquo;h\u00f4tels<\/li>\n<li>Comprend des mod\u00e8les pr\u00e9-con\u00e7us pour les listes de chambres, les informations de l&rsquo;h\u00f4tel, les formulaires de r\u00e9servation et plus encore<\/li>\n<li>Options personnalisables pour les sch\u00e9mas de couleurs, les mises en page et la typographie pour s&rsquo;adapter \u00e0 n&rsquo;importe quelle marque ou style de conception<\/li>\n<li>Int\u00e9gration avec des moteurs de r\u00e9servation populaires comme Booking.com, Expedia et Airbnb pour une gestion facile des r\u00e9servations<\/li>\n<li>Des calendriers de disponibilit\u00e9 pr\u00e9cis qui pr\u00e9sentent une disponibilit\u00e9 en temps r\u00e9el et peuvent \u00eatre facilement synchronis\u00e9s avec les plateformes de r\u00e9servation externes<\/li>\n<li>Filtres de recherche avanc\u00e9s pour aider les utilisateurs \u00e0 trouver la bonne pi\u00e8ce pour leurs besoins en fonction du prix, du type de pi\u00e8ce, de l&#8217;emplacement et des \u00e9quipements<\/li>\n<li>Prise en charge int\u00e9gr\u00e9e pour plusieurs devises et langues pour accueillir les voyageurs internationaux<\/li>\n<li>Int\u00e9gration facile avec les r\u00e9seaux sociaux et les sites d&rsquo;examen populaires comme TripAdvisor pour une visibilit\u00e9 accrue et un engagement client<\/li>\n<li>Documentation compl\u00e8te et support client pour aider les utilisateurs \u00e0 configurer et \u00e0 personnaliser facilement leur site Web<\/li>\n<\/ul>\n","protected":false},"excerpt":{"rendered":"<p>\u00cates-vous \u00e0 la recherche d&rsquo;un th\u00e8me WordPress non seulement \u00e9l\u00e9gant mais \u00e9galement convivial pour votre site Web de r\u00e9servation d&rsquo;h\u00f4tel? Si c&rsquo;est le cas, vous n&rsquo;avez pas besoin de chercher plus loin que le magnifique th\u00e8me WordPress de r\u00e9servation d&rsquo;h\u00f4tel Hozing! Ce th\u00e8me premium extraordinaire poss\u00e8de un design extr\u00eamement \u00e9l\u00e9gant et moderne, associ\u00e9 \u00e0 une vaste gamme de fonctionnalit\u00e9s incroyablement utiles qui ne feront pas de faire tout le processus de r\u00e9servation pour vos clients estim\u00e9s. Avec sa conception tr\u00e8s r\u00e9active et une multitude d&rsquo;options facilement personnalisables, le th\u00e8me WordPress de r\u00e9servation d&rsquo;h\u00f4tel Hozing est vraiment un match fait dans le paradis pour les h\u00f4tels, les motels et toutes les autres entreprises h\u00f4teli\u00e8res qui sont impatientes d&rsquo;am\u00e9liorer leur pr\u00e9sence en ligne et de rationaliser sans effort leurs proc\u00e9dures de r\u00e9servation . N&rsquo;h\u00e9sitez plus et essayez-le aujourd&rsquo;hui pour assister \u00e0 la transformation remarquable que cela peut apporter \u00e0 votre site Web!<\/p>\n","protected":false},"featured_media":144199,"comment_status":"open","ping_status":"open","template":"","meta":[],"product_brand":[2433],"product_cat":[1558,1212,1213],"product_tag":[1366],"class_list":{"0":"post-113654","1":"product","2":"type-product","3":"status-publish","4":"has-post-thumbnail","6":"product_brand-themeforest","7":"product_cat-hotel-resort","8":"product_cat-themes","9":"product_cat-wordpress-themes","10":"product_tag-themeforest","11":"member-discount","12":"discount-restricted","14":"first","15":"instock","16":"sale","17":"downloadable","18":"virtual","19":"sold-individually","20":"purchasable","21":"product-type-simple"},"_links":{"self":[{"href":"https:\/\/gpl-love.com\/fr\/wp-json\/wp\/v2\/product\/113654","targetHints":{"allow":["GET"]}}],"collection":[{"href":"https:\/\/gpl-love.com\/fr\/wp-json\/wp\/v2\/product"}],"about":[{"href":"https:\/\/gpl-love.com\/fr\/wp-json\/wp\/v2\/types\/product"}],"replies":[{"embeddable":true,"href":"https:\/\/gpl-love.com\/fr\/wp-json\/wp\/v2\/comments?post=113654"}],"wp:featuredmedia":[{"embeddable":true,"href":"https:\/\/gpl-love.com\/fr\/wp-json\/wp\/v2\/media\/144199"}],"wp:attachment":[{"href":"https:\/\/gpl-love.com\/fr\/wp-json\/wp\/v2\/media?parent=113654"}],"wp:term":[{"taxonomy":"product_brand","embeddable":true,"href":"https:\/\/gpl-love.com\/fr\/wp-json\/wp\/v2\/product_brand?post=113654"},{"taxonomy":"product_cat","embeddable":true,"href":"https:\/\/gpl-love.com\/fr\/wp-json\/wp\/v2\/product_cat?post=113654"},{"taxonomy":"product_tag","embeddable":true,"href":"https:\/\/gpl-love.com\/fr\/wp-json\/wp\/v2\/product_tag?post=113654"}],"curies":[{"name":"wp","href":"https:\/\/api.w.org\/{rel}","templated":true}]}}