{"id":113652,"date":"2025-10-23T00:00:00","date_gmt":"2025-10-22T22:00:00","guid":{"rendered":"http:\/\/gpl-love.com\/fr\/produit\/charihope-charity-et-donation-wordpress-theme\/"},"modified":"2026-03-20T22:58:20","modified_gmt":"2026-03-20T21:58:20","slug":"charihope-charity-et-donation-wordpress-theme","status":"publish","type":"product","link":"https:\/\/gpl-love.com\/fr\/produit\/charihope-charity-et-donation-wordpress-theme\/","title":{"rendered":"Charihope Charity et Donation WordPress Theme 1.2.4"},"content":{"rendered":"<h3>Charihope Charity et Donation WordPress Theme Traits<\/h3>\n<p>Le th\u00e8me WordPress de Charihope Charity and Don, un outil robuste et puissant, a \u00e9t\u00e9 m\u00e9ticuleusement con\u00e7u pour r\u00e9pondre aux besoins des organisations \u00e0 but non lucratif et des services caritatifs. Avec son interface remarquablement instinctive et conviviale, ce th\u00e8me vous permet de fa\u00e7onner un site Web impressionnant qui affiche impeccablement la mission, les objectifs et les r\u00e9alisations triomphants de votre organisation. De plus, le th\u00e8me est dot\u00e9 d&rsquo;une personnalisation compl\u00e8te, vous offrant la possibilit\u00e9 de personnaliser chaque facette de votre site dans le d\u00e9sir de votre c\u0153ur. En outre, le syst\u00e8me de don du th\u00e8me se fusionne parfaitement avec des passerelles de paiement populaires et largement fiables telles que PayPal, Stripe et Authorize.net, rendant le processus de r\u00e9ception de dons de partisans ferme \u00e0 travers le monde une brise absolue. Comme si cela ne suffisait pas, le th\u00e8me WordPress de la charit\u00e9 et de don de Charihope est en outre compl\u00e9t\u00e9 par une pl\u00e9thore de fonctionnalit\u00e9s inestimables, englobant la gestion des \u00e9v\u00e9nements, la gestion des b\u00e9n\u00e9voles et m\u00eame les fonctionnalit\u00e9s d&rsquo;une boutique en ligne. Tout bien consid\u00e9r\u00e9, ce th\u00e8me exceptionnel sert de choix extraordinaire et optimal pour toute organisation \u00e0 but non lucratif aspirant \u00e0 \u00e9tablir une pr\u00e9sence en ligne professionnelle et percutante.<\/p>\n<ul>\n<li>-Com\u00e8tre de page d&rsquo;accueil personnalisable avec plusieurs zones de widget<\/li>\n<li>-Les options de couleurs non limit\u00e9es<\/li>\n<li>-Igration avec des plateformes de dons populaires telles que PayPal et Stripe<\/li>\n<li>-Cesion r\u00e9alis\u00e9e et adapt\u00e9e aux mobiles<\/li>\n<li>-Conde de collecte de fonds<\/li>\n<li>-Event Syst\u00e8me de gestion avec ventes de billets<\/li>\n<li>&#8211; Blog int\u00e9gr\u00e9 pour partager des mises \u00e0 jour et des histoires de r\u00e9ussite<\/li>\n<li>-Camorde \u00e0 rebours du Campaign<\/li>\n<li>&#8211; Processus de don simple et convivial<\/li>\n<li>-AFFORME d&rsquo;utiliser le syst\u00e8me de gestion backend<\/li>\n<li>&#8211; Documentation et support client.<\/li>\n<\/ul>\n","protected":false},"excerpt":{"rendered":"<p>D\u00e9couvrez le vrai pouvoir de donner avec notre th\u00e8me de charit\u00e9 Charihope et de don WordPress. Construit avec un c\u0153ur pour les organisations \u00e0 but non lucratif, ce th\u00e8me est parfait pour les organismes de bienfaisance, les dons et les plateformes de collecte de fonds. Il est con\u00e7u avec une interface intuitive, offrant une exp\u00e9rience utilisateur transparente \u00e0 votre public. Ses fonctionnalit\u00e9s avanc\u00e9es incluent des \u00e9l\u00e9ments Web personnalisables, un tableau de bord convivial et des formulaires de dons faciles \u00e0 utiliser. Avec Charihope, vous pouvez facilement configurer et g\u00e9rer votre plateforme de charit\u00e9 en ligne, vous permettant de vous concentrer davantage sur votre cause. Ce th\u00e8me WordPress est \u00e9galement r\u00e9actif et compatible sur tous les appareils. Embrassez l&rsquo;esprit de g\u00e9n\u00e9rosit\u00e9 et faites une diff\u00e9rence avec Charihope.<\/p>\n","protected":false},"featured_media":143375,"comment_status":"open","ping_status":"open","template":"","meta":[],"product_brand":[2433],"product_cat":[1242,1212,1213],"product_tag":[1366],"class_list":{"0":"post-113652","1":"product","2":"type-product","3":"status-publish","4":"has-post-thumbnail","6":"product_brand-themeforest","7":"product_cat-creatif","8":"product_cat-themes","9":"product_cat-wordpress-themes","10":"product_tag-themeforest","11":"member-discount","12":"discount-restricted","14":"first","15":"instock","16":"sale","17":"downloadable","18":"virtual","19":"sold-individually","20":"purchasable","21":"product-type-simple"},"_links":{"self":[{"href":"https:\/\/gpl-love.com\/fr\/wp-json\/wp\/v2\/product\/113652","targetHints":{"allow":["GET"]}}],"collection":[{"href":"https:\/\/gpl-love.com\/fr\/wp-json\/wp\/v2\/product"}],"about":[{"href":"https:\/\/gpl-love.com\/fr\/wp-json\/wp\/v2\/types\/product"}],"replies":[{"embeddable":true,"href":"https:\/\/gpl-love.com\/fr\/wp-json\/wp\/v2\/comments?post=113652"}],"wp:featuredmedia":[{"embeddable":true,"href":"https:\/\/gpl-love.com\/fr\/wp-json\/wp\/v2\/media\/143375"}],"wp:attachment":[{"href":"https:\/\/gpl-love.com\/fr\/wp-json\/wp\/v2\/media?parent=113652"}],"wp:term":[{"taxonomy":"product_brand","embeddable":true,"href":"https:\/\/gpl-love.com\/fr\/wp-json\/wp\/v2\/product_brand?post=113652"},{"taxonomy":"product_cat","embeddable":true,"href":"https:\/\/gpl-love.com\/fr\/wp-json\/wp\/v2\/product_cat?post=113652"},{"taxonomy":"product_tag","embeddable":true,"href":"https:\/\/gpl-love.com\/fr\/wp-json\/wp\/v2\/product_tag?post=113652"}],"curies":[{"name":"wp","href":"https:\/\/api.w.org\/{rel}","templated":true}]}}