{"id":113648,"date":"2025-07-25T00:00:00","date_gmt":"2025-07-24T22:00:00","guid":{"rendered":"http:\/\/gpl-love.com\/fr\/produit\/aleb-event-wordpress-theme-pour-conference-marketing\/"},"modified":"2026-03-20T22:54:16","modified_gmt":"2026-03-20T21:54:16","slug":"aleb-event-wordpress-theme-pour-conference-marketing","status":"publish","type":"product","link":"https:\/\/gpl-love.com\/fr\/produit\/aleb-event-wordpress-theme-pour-conference-marketing\/","title":{"rendered":"Aleb Event WordPress Th\u00e8me pour Conference Marketing 1.4.9"},"content":{"rendered":"<h3>Aleb Event WordPress Th\u00e8me pour Conference Marketing Traits<\/h3>\n<p>Le th\u00e8me WordPress de l&rsquo;\u00e9v\u00e9nement ALEB est une solution de marketing tr\u00e8s polyvalente et personnalisable, m\u00e9ticuleusement con\u00e7ue pour r\u00e9pondre aux besoins des conf\u00e9rences et des \u00e9v\u00e9nements. Arborant une esth\u00e9tique \u00e9l\u00e9gante et contemporaine, ce th\u00e8me appara\u00eet comme le choix par excellence pour promouvoir efficacement votre \u00e9v\u00e9nement et captiver les participants potentiels. B\u00e9n\u00e9ficiant d&rsquo;une r\u00e9activit\u00e9 compl\u00e8te, le th\u00e8me offre \u00e9galement une pl\u00e9thore de fonctionnalit\u00e9s impressionnantes, y compris la possibilit\u00e9 de personnaliser les formulaires d&rsquo;enregistrement, d&rsquo;incorporer des minuteries \u00e0 rebours, des profils de haut-parleurs de vitrine et des horaires d&rsquo;\u00e9v\u00e9nements interactifs actuels. De plus, avec ses options de personnalisation conviviales, vous avez la libert\u00e9 d&rsquo;adapter m\u00e9ticuleusement le th\u00e8me pour s&rsquo;aligner parfaitement avec votre identit\u00e9 de marque et vos exigences d&rsquo;\u00e9v\u00e9nements. En substance, le th\u00e8me WordPress de l&rsquo;\u00e9v\u00e9nement ALEB appara\u00eet comme un atout incroyablement puissant dans les efforts de marketing de conf\u00e9rence, facilitant sans effort la cr\u00e9ation d&rsquo;un site Web d&rsquo;\u00e9v\u00e9nements engageant et tr\u00e8s percutant.<\/p>\n<ul>\n<li>Design moderne et visuellement magnifique<\/li>\n<li>Personnalisation facile et interface conviviale<\/li>\n<li>Enregistrement des \u00e9v\u00e9nements int\u00e9gr\u00e9s et syst\u00e8me de billetterie<\/li>\n<li>Horaire de session et fonctionnalit\u00e9s de gestion des conf\u00e9renciers<\/li>\n<li>Int\u00e9gr\u00e9 \u00e0 des outils tiers populaires tels que MailChimp et Google Maps<\/li>\n<li>R\u00e9actif et convivial<\/li>\n<li>SEO optimis\u00e9 pour aider \u00e0 augmenter la visibilit\u00e9 des moteurs de recherche<\/li>\n<li>Soutien d\u00e9di\u00e9 et documentation compl\u00e8te<\/li>\n<li>Id\u00e9al pour divers types de conf\u00e9rences, s\u00e9minaires et ateliers<\/li>\n<\/ul>\n","protected":false},"excerpt":{"rendered":"<p>Immergez-vous dans le th\u00e8me WordPress de l&rsquo;\u00e9v\u00e9nement ALEB dynamique et interactif, un incontournable pour tous vos besoins en marketing de conf\u00e9rence. Avec son interface facile \u00e0 utiliser et ses fonctionnalit\u00e9s personnalisables, il vous permet de cr\u00e9er des pages d&rsquo;\u00e9v\u00e9nements accrocheuses qui captiveront votre public. Il est parfait pour tous les types d&rsquo;\u00e9v\u00e9nements, des conf\u00e9rences d&rsquo;entreprise aux festivals de musique. Ses performances \u00e0 grande vitesse laisseront vos visiteurs impressionn\u00e9s, tandis que sa conception conviviale assurera une visibilit\u00e9 maximale pour vos \u00e9v\u00e9nements. Le th\u00e8me ALEB comprend \u00e9galement une vari\u00e9t\u00e9 de plugins premium pour am\u00e9liorer la fonctionnalit\u00e9 de votre site Web. De plus, avec une conception r\u00e9active, vos pages d&rsquo;\u00e9v\u00e9nements seront \u00e9tonnantes sur n&rsquo;importe quel appareil. Que vous soyez un planificateur chevronn\u00e9 ou un d\u00e9butant, le th\u00e8me WordPress de l&rsquo;\u00e9v\u00e9nement ALEB fait du marketing de conf\u00e9rence.<\/p>\n","protected":false},"featured_media":143106,"comment_status":"open","ping_status":"open","template":"","meta":[],"product_brand":[2433],"product_cat":[1516,1212,1213],"product_tag":[1366],"class_list":{"0":"post-113648","1":"product","2":"type-product","3":"status-publish","4":"has-post-thumbnail","6":"product_brand-themeforest","7":"product_cat-entreprise","8":"product_cat-themes","9":"product_cat-wordpress-themes","10":"product_tag-themeforest","11":"member-discount","12":"discount-restricted","14":"first","15":"instock","16":"sale","17":"downloadable","18":"virtual","19":"sold-individually","20":"purchasable","21":"product-type-simple"},"_links":{"self":[{"href":"https:\/\/gpl-love.com\/fr\/wp-json\/wp\/v2\/product\/113648","targetHints":{"allow":["GET"]}}],"collection":[{"href":"https:\/\/gpl-love.com\/fr\/wp-json\/wp\/v2\/product"}],"about":[{"href":"https:\/\/gpl-love.com\/fr\/wp-json\/wp\/v2\/types\/product"}],"replies":[{"embeddable":true,"href":"https:\/\/gpl-love.com\/fr\/wp-json\/wp\/v2\/comments?post=113648"}],"wp:featuredmedia":[{"embeddable":true,"href":"https:\/\/gpl-love.com\/fr\/wp-json\/wp\/v2\/media\/143106"}],"wp:attachment":[{"href":"https:\/\/gpl-love.com\/fr\/wp-json\/wp\/v2\/media?parent=113648"}],"wp:term":[{"taxonomy":"product_brand","embeddable":true,"href":"https:\/\/gpl-love.com\/fr\/wp-json\/wp\/v2\/product_brand?post=113648"},{"taxonomy":"product_cat","embeddable":true,"href":"https:\/\/gpl-love.com\/fr\/wp-json\/wp\/v2\/product_cat?post=113648"},{"taxonomy":"product_tag","embeddable":true,"href":"https:\/\/gpl-love.com\/fr\/wp-json\/wp\/v2\/product_tag?post=113648"}],"curies":[{"name":"wp","href":"https:\/\/api.w.org\/{rel}","templated":true}]}}