{"id":113644,"date":"2024-10-15T00:00:00","date_gmt":"2024-10-14T22:00:00","guid":{"rendered":"http:\/\/gpl-love.com\/fr\/produit\/aldo-black-et-white-gutenberg-blog-wordpress-theme\/"},"modified":"2026-03-20T22:54:15","modified_gmt":"2026-03-20T21:54:15","slug":"aldo-black-et-white-gutenberg-blog-wordpress-theme","status":"publish","type":"product","link":"https:\/\/gpl-love.com\/fr\/produit\/aldo-black-et-white-gutenberg-blog-wordpress-theme\/","title":{"rendered":"Aldo Black et White Gutenberg Blog WordPress Theme 1.0.9"},"content":{"rendered":"<h3>Aldo Black et White Gutenberg Blog WordPress Theme Traits<\/h3>\n<p>Le th\u00e8me WordPress du blog Gutenberg en noir et blanc Aldo propose une esth\u00e9tique \u00e9l\u00e9gante et \u00e9l\u00e9gante, ce qui en fait un choix id\u00e9al pour les blogueurs \u00e0 la recherche d&rsquo;une apparence contemporaine et vierge. Ce th\u00e8me a \u00e9t\u00e9 sp\u00e9cifiquement optimis\u00e9 pour l&rsquo;\u00e9diteur de Gutenberg, permettant une personnalisation sans effort des publications et des pages. De plus, sa palette de couleurs raffin\u00e9e en noir et blanc donne une touche de sophistication et de professionnalisme \u00e0 n&rsquo;importe quel blog, tandis que sa conception r\u00e9active garantit une exp\u00e9rience de visualisation optimale sur tous les appareils. Avec son interface utilisateur intuitive et son vaste \u00e9ventail d&rsquo;options de personnalisation, le th\u00e8me WordPress de Black and White Gutenberg Black Gutenberg s&rsquo;av\u00e8re \u00eatre une s\u00e9lection exceptionnelle pour les blogueurs d\u00e9sireux d&rsquo;un th\u00e8me qui fusionne de mani\u00e8re transparente la fonctionnalit\u00e9 avec Visual Allure.<\/p>\n<ul>\n<li>Design \u00e9l\u00e9gant et \u00e9l\u00e9gant, parfait pour les blogueurs qui souhaitent faire une d\u00e9claration avec leur site Web<\/li>\n<li>Options d&rsquo;en-t\u00eate et d&rsquo;arri\u00e8re-plan personnalisables pour correspondre \u00e0 votre marque<\/li>\n<li>La conception r\u00e9active mobile garantit que votre site Web a fi\u00e8re allure sur tous les appareils<\/li>\n<li>Comprend plusieurs formats de publication tels que la vid\u00e9o, la galerie et l&rsquo;audio pour une cr\u00e9ation de contenu diversifi\u00e9e<\/li>\n<li>Livr\u00e9 avec un panneau d&rsquo;options de th\u00e8me convivial pour une personnalisation et un contr\u00f4le faciles<\/li>\n<li>Int\u00e9gration facile avec des plugins WordPress populaires pour des fonctionnalit\u00e9s ajout\u00e9es<\/li>\n<li>Options de partage des m\u00e9dias sociaux int\u00e9gr\u00e9s pour augmenter la port\u00e9e de votre site Web<\/li>\n<li>Compatibilit\u00e9 entre les navigateurs pour la visualisation de site Web sans couture, quel que soit le choix du navigateur<\/li>\n<li>Les mises \u00e0 jour de th\u00e8me r\u00e9guli\u00e8res et le support client d\u00e9di\u00e9 garantissent que votre site Web reste \u00e0 jour et efficace.<\/li>\n<\/ul>\n","protected":false},"excerpt":{"rendered":"<p>Embrassez une exp\u00e9rience de blogging transparente avec notre th\u00e8me WordPress de blog Gutenberg en noir et blanc Aldo. Ce th\u00e8me unique est con\u00e7u exclusivement pour Gutenberg, le nouvel \u00e9diteur WordPress, offrant une superbe esth\u00e9tique visuelle qui associe parfaitement les tons en noir et blanc. La conception d&rsquo;Ado est non seulement \u00e9l\u00e9gante et moderne, mais elle est \u00e9galement hautement personnalisable, vous permettant de cr\u00e9er un blog qui refl\u00e8te vraiment votre personnalit\u00e9 et votre style. Son interface intuitive et ses fonctionnalit\u00e9s puissantes permettent \u00e0 quiconque de cr\u00e9er facilement un blog engageant et professionnel. De plus, c&rsquo;est r\u00e9actif, en vous assurant que votre blog semble fantastique sur tous les appareils. Le th\u00e8me WordPress du blog Aldo Gutenberg est un choix intelligent pour les blogueurs qui veulent se d\u00e9marquer de la foule et captiver leur public avec un contenu convaincant et un design impressionnant.<\/p>\n","protected":false},"featured_media":143105,"comment_status":"open","ping_status":"open","template":"","meta":[],"product_brand":[2433],"product_cat":[1242,1212,1213],"product_tag":[1366],"class_list":{"0":"post-113644","1":"product","2":"type-product","3":"status-publish","4":"has-post-thumbnail","6":"product_brand-themeforest","7":"product_cat-creatif","8":"product_cat-themes","9":"product_cat-wordpress-themes","10":"product_tag-themeforest","11":"member-discount","12":"discount-restricted","14":"first","15":"instock","16":"sale","17":"downloadable","18":"virtual","19":"sold-individually","20":"purchasable","21":"product-type-simple"},"_links":{"self":[{"href":"https:\/\/gpl-love.com\/fr\/wp-json\/wp\/v2\/product\/113644","targetHints":{"allow":["GET"]}}],"collection":[{"href":"https:\/\/gpl-love.com\/fr\/wp-json\/wp\/v2\/product"}],"about":[{"href":"https:\/\/gpl-love.com\/fr\/wp-json\/wp\/v2\/types\/product"}],"replies":[{"embeddable":true,"href":"https:\/\/gpl-love.com\/fr\/wp-json\/wp\/v2\/comments?post=113644"}],"wp:featuredmedia":[{"embeddable":true,"href":"https:\/\/gpl-love.com\/fr\/wp-json\/wp\/v2\/media\/143105"}],"wp:attachment":[{"href":"https:\/\/gpl-love.com\/fr\/wp-json\/wp\/v2\/media?parent=113644"}],"wp:term":[{"taxonomy":"product_brand","embeddable":true,"href":"https:\/\/gpl-love.com\/fr\/wp-json\/wp\/v2\/product_brand?post=113644"},{"taxonomy":"product_cat","embeddable":true,"href":"https:\/\/gpl-love.com\/fr\/wp-json\/wp\/v2\/product_cat?post=113644"},{"taxonomy":"product_tag","embeddable":true,"href":"https:\/\/gpl-love.com\/fr\/wp-json\/wp\/v2\/product_tag?post=113644"}],"curies":[{"name":"wp","href":"https:\/\/api.w.org\/{rel}","templated":true}]}}