{"id":113634,"date":"2025-08-30T00:00:00","date_gmt":"2025-08-29T22:00:00","guid":{"rendered":"http:\/\/gpl-love.com\/fr\/produit\/yith-woocommerce-terms-et-conditions-popup-premium\/"},"modified":"2026-04-18T06:32:44","modified_gmt":"2026-04-18T04:32:44","slug":"yith-woocommerce-terms-et-conditions-popup-premium","status":"publish","type":"product","link":"https:\/\/gpl-love.com\/fr\/produit\/yith-woocommerce-terms-et-conditions-popup-premium\/","title":{"rendered":"YITH Terms et Conditions Popup Premium 1.55.0"},"content":{"rendered":"<h3>YITH Terms et Conditions Popup Premium Traits<\/h3>\n<p>Les termes et conditions de Yith popup ont des exploits d&rsquo;immenses pouvoir, accordant aux propri\u00e9taires des magasins de commerce \u00e9lectronique la capacit\u00e9 de pr\u00e9senter leurs termes et conditions d&rsquo;une mani\u00e8re qui d\u00e9gage l&rsquo;\u00e9l\u00e9gance et le professionnalisme. Ce plugin \u00e9tonnant permet aux utilisateurs de modeler des fen\u00eatres pop-up sur mesure, qui se mat\u00e9rialisent lorsque les clients potentiels ornent leur site Web avec leur pr\u00e9sence. Il inculque un m\u00e9canisme simpliste mais formidable qui donne des connaissances aux visiteurs concernant les politiques r\u00e9gissant votre \u00e9tablissement estim\u00e9, tout en garantissant simultan\u00e9ment leur respect in\u00e9branlable desdites politiques avant de se lancer dans leur parcours d&rsquo;achat. La pl\u00e9nitude des options de personnalisation a fourni aux utilisateurs la capacit\u00e9 de modifier de mani\u00e8re transparente la conception, le contenu textuel et les aspects comportementaux de la fen\u00eatre contextuelle, lui permettant ainsi de s&rsquo;aligner harmonieusement sur la marque unique et les \u00e9l\u00e9ments stylistiques de leur magasin. Ce plugin premium impressionnant repr\u00e9sente un joyau non n\u00e9gociable pour toute entreprise de commerce \u00e9lectronique aspirant \u00e0 diffuser efficacement leurs politiques d&rsquo;une mani\u00e8re sans ambigu\u00eft\u00e9 et succincte, tout en \u00e9levant simultan\u00e9ment l&rsquo;exp\u00e9rience client globale.<\/p>\n<ul>\n<li>Un plugin pour WordPress qui affiche une fen\u00eatre contextuelle personnalisable avec des termes et conditions aux utilisateurs avant de pouvoir acc\u00e9der \u00e0 votre site Web.<\/li>\n<li>Vous permet de cr\u00e9er et de personnaliser rapidement vos propres termes et conditions de la politique de confidentialit\u00e9.<\/li>\n<li>Compatible avec Gutenberg et l&rsquo;\u00e9diteur classique, ainsi qu&rsquo;avec les th\u00e8mes WordPress et WooCommerce.<\/li>\n<li>Offre diverses options de personnalisation, telles que la modification de la couleur, de la police et de l&rsquo;arri\u00e8re-plan de la fen\u00eatre contextuelle.<\/li>\n<li>Peut \u00eatre configur\u00e9 pour appara\u00eetre automatiquement ou en cliquant sur un bouton, et pour afficher uniquement les nouveaux utilisateurs ou \u00e0 chaque visite.<\/li>\n<li>Vous aide \u00e0 vous conformer au RGPD et \u00e0 d&rsquo;autres exigences l\u00e9gales en percevant le consentement des utilisateurs \u00e0 vos politiques.<\/li>\n<li>Fournit des rapports et des statistiques sur l&rsquo;utilisation et l&rsquo;acceptation de vos conditions g\u00e9n\u00e9rales et vous permet de les exporter.<\/li>\n<li>Offre un support client et une assistance pour tout probl\u00e8me ou question que vous pourriez avoir.<\/li>\n<\/ul>\n","protected":false},"excerpt":{"rendered":"<p>Yith Termes and Conditions Popup Premium est un plugin incroyablement robuste qui vous accorde la possibilit\u00e9 de pr\u00e9senter vos termes et conditions dans une fen\u00eatre contextuelle hautement personnalisable sur votre site Web estim\u00e9. Ce plugin premium exceptionnel vous aide profond\u00e9ment \u00e0 adh\u00e9rer aux exigences l\u00e9gales imp\u00e9ratives et \u00e0 prot\u00e9ger l&rsquo;int\u00e9grit\u00e9 de votre entreprise en ligne en garantissant que tous les visiteurs consent sans r\u00e9serve \u00e0 vos termes et conditions complets avant d&rsquo;utiliser vos services exceptionnels ou de proc\u00e9der \u00e0 tous les achats. Gr\u00e2ce \u00e0 la mise en \u0153uvre de Yith Termes and Conditions Popup Premium, vous avez un acc\u00e8s sans effort \u00e0 une vaste gamme d&rsquo;options de personnalisation, vous permettant d&rsquo;aligner harmonieusement l&rsquo;esth\u00e9tique, le contenu et le comportement de votre popup avec l&rsquo;ambiance globale et l&rsquo;identit\u00e9 de votre site Web estim\u00e9. Vraiment un instrument essentiel pour tout magasin de commerce \u00e9lectronique ou entreprise en ligne qui cherche consciencieusement \u00e0 assurer une conformit\u00e9 juridique absolue et \u00e0 fortifier avec succ\u00e8s la s\u00e9curit\u00e9 globale et la long\u00e9vit\u00e9 de leurs efforts commerciaux estim\u00e9s.<\/p>\n","protected":false},"featured_media":146441,"comment_status":"open","ping_status":"open","template":"","meta":[],"product_brand":[2487],"product_cat":[1182,1223,1181],"product_tag":[1437],"class_list":{"0":"post-113634","1":"product","2":"type-product","3":"status-publish","4":"has-post-thumbnail","6":"product_brand-yith","7":"product_cat-commerce-electronique-plugins","8":"product_cat-personnalisation-commerce-electronique-plugins","9":"product_cat-plugins","10":"product_tag-yith","11":"member-discount","12":"discount-restricted","14":"first","15":"instock","16":"sale","17":"downloadable","18":"virtual","19":"sold-individually","20":"purchasable","21":"product-type-simple"},"_links":{"self":[{"href":"https:\/\/gpl-love.com\/fr\/wp-json\/wp\/v2\/product\/113634","targetHints":{"allow":["GET"]}}],"collection":[{"href":"https:\/\/gpl-love.com\/fr\/wp-json\/wp\/v2\/product"}],"about":[{"href":"https:\/\/gpl-love.com\/fr\/wp-json\/wp\/v2\/types\/product"}],"replies":[{"embeddable":true,"href":"https:\/\/gpl-love.com\/fr\/wp-json\/wp\/v2\/comments?post=113634"}],"wp:featuredmedia":[{"embeddable":true,"href":"https:\/\/gpl-love.com\/fr\/wp-json\/wp\/v2\/media\/146441"}],"wp:attachment":[{"href":"https:\/\/gpl-love.com\/fr\/wp-json\/wp\/v2\/media?parent=113634"}],"wp:term":[{"taxonomy":"product_brand","embeddable":true,"href":"https:\/\/gpl-love.com\/fr\/wp-json\/wp\/v2\/product_brand?post=113634"},{"taxonomy":"product_cat","embeddable":true,"href":"https:\/\/gpl-love.com\/fr\/wp-json\/wp\/v2\/product_cat?post=113634"},{"taxonomy":"product_tag","embeddable":true,"href":"https:\/\/gpl-love.com\/fr\/wp-json\/wp\/v2\/product_tag?post=113634"}],"curies":[{"name":"wp","href":"https:\/\/api.w.org\/{rel}","templated":true}]}}