{"id":113632,"date":"2024-02-27T00:00:00","date_gmt":"2024-02-26T23:00:00","guid":{"rendered":"http:\/\/gpl-love.com\/fr\/produit\/yith-paypal-payouts-pour-woocommerce\/"},"modified":"2026-04-18T06:32:11","modified_gmt":"2026-04-18T04:32:11","slug":"yith-paypal-payouts-pour-woocommerce","status":"publish","type":"product","link":"https:\/\/gpl-love.com\/fr\/produit\/yith-paypal-payouts-pour-woocommerce\/","title":{"rendered":"YITH PayPal Payouts pour WooCommerce 2.14.0"},"content":{"rendered":"<h3>YITH PayPal Payouts pour WooCommerce Traits<\/h3>\n<p>Les paiements PayPal de Yith pour WooCommerce pr\u00e9sente une solution remarquable et tr\u00e8s pratique pour les utilisateurs qui cherchent \u00e0 g\u00e9rer efficacement leurs op\u00e9rations de paiement et de paiement via PayPal. Gr\u00e2ce \u00e0 l&rsquo;utilisation de cet outil inestimable, les propri\u00e9taires de magasins en ligne sont autoris\u00e9s \u00e0 \u00e9mettre rapidement des paiements directement de leur magasin WooCommerce aux vendeurs, fournisseurs, affili\u00e9s ou m\u00eame employ\u00e9s. Ce plugin remarquable s&rsquo;int\u00e8gre de mani\u00e8re transparente \u00e0 l&rsquo;API de paiement de masse offerte par PayPal, garantissant ainsi la plus grande s\u00e9curit\u00e9 et fiabilit\u00e9 en mati\u00e8re de transactions. En outre, les paiements de Yith PayPal pour WooCommerce sont \u00e9quip\u00e9s de la capacit\u00e9 de suivre et de signaler les transactions en temps r\u00e9el, facilitant ainsi un processus comptable simplifi\u00e9 et acc\u00e9l\u00e9r\u00e9. La facilit\u00e9 avec laquelle ce plugin peut \u00eatre configur\u00e9 et configur\u00e9, combin\u00e9 avec sa compatibilit\u00e9 avec WooCommerce Versions 3.0 et plus, rend Yith PayPal les paiements pour WooCommerce un actif vraiment exceptionnel pour rationaliser les op\u00e9rations de gestion financi\u00e8re et simplifier le processus de paiement pour les entreprises.<\/p>\n<ul>\n<li>Permet aux utilisateurs de traiter facilement les paiements aux vendeurs ou aux affili\u00e9s directement \u00e0 partir de leur magasin WooCommerce \u00e0 l&rsquo;aide de PayPal<\/li>\n<li>Active les paiements rapides et s\u00e9curis\u00e9s, en r\u00e9duisant le risque d&rsquo;erreurs ou de fraude<\/li>\n<li>Peut \u00eatre configur\u00e9 pour traiter automatiquement les paiements sur un horaire r\u00e9gulier ou initi\u00e9 manuellement au besoin<\/li>\n<li>Fournit des rapports d\u00e9taill\u00e9s et un suivi des transactions de paiement \u00e0 des fins administratives<\/li>\n<li>Prend en charge plusieurs devises et langues, permettant aux utilisateurs de g\u00e9rer facilement les paiements pour une client\u00e8le mondiale<\/li>\n<li>Int\u00e9gre parfaitement avec d&rsquo;autres plugins Yith pour plus de fonctionnalit\u00e9s et de commodit\u00e9<\/li>\n<li>Offre un excellent support client et documentation pour assurer une configuration en douceur et une exp\u00e9rience d&rsquo;utilisation continue<\/li>\n<\/ul>\n","protected":false},"excerpt":{"rendered":"<p>Le plugin Yith PayPal pour WooCommerce est une solution incroyablement robuste et efficace, m\u00e9ticuleusement con\u00e7ue pour rationaliser la t\u00e2che complexe de compenser les vendeurs ou les affili\u00e9s. En utilisant ce plugin ing\u00e9nieux, vous ex\u00e9cutez sans effort les paiements \u00e0 grande \u00e9chelle en quelques clics, sans effort et directement dans votre boutique WooCommerce. De plus, il vous accorde la capacit\u00e9 remarquable d&rsquo;administrer et de surveiller efficacement tous vos paiements \u00e0 partir d&rsquo;un seul emplacement centralis\u00e9, att\u00e9nuant ainsi la n\u00e9cessit\u00e9 de t\u00e2ches manuelles \u00e0 forte intensit\u00e9 de main-d&rsquo;\u0153uvre et longues. En plus de cela, le plugin vous offre l&rsquo;avantage inestimable de l&rsquo;automatisation de votre processus de paiement en vous permettant d&rsquo;\u00e9tablir des r\u00e8gles personnalis\u00e9es en fonction de divers facteurs tels que l&rsquo;\u00e9tat de commande, le type de produit ou la cat\u00e9gorie, parmi une myriade d&rsquo;autres possibilit\u00e9s. Par cons\u00e9quent, ce plugin appara\u00eet comme un outil indispensable pour tout propri\u00e9taire d&rsquo;une boutique en ligne aspirant \u00e0 optimiser son processus de paiement tout en garantissant simultan\u00e9ment une tenue de dossiers financiers m\u00e9ticuleuse.<\/p>\n","protected":false},"featured_media":146404,"comment_status":"open","ping_status":"open","template":"","meta":[],"product_brand":[2487],"product_cat":[1183,1182,1181],"product_tag":[1437],"class_list":{"0":"post-113632","1":"product","2":"type-product","3":"status-publish","4":"has-post-thumbnail","6":"product_brand-yith","7":"product_cat-administration","8":"product_cat-commerce-electronique-plugins","9":"product_cat-plugins","10":"product_tag-yith","11":"member-discount","12":"discount-restricted","14":"first","15":"instock","16":"sale","17":"downloadable","18":"virtual","19":"sold-individually","20":"purchasable","21":"product-type-simple"},"_links":{"self":[{"href":"https:\/\/gpl-love.com\/fr\/wp-json\/wp\/v2\/product\/113632","targetHints":{"allow":["GET"]}}],"collection":[{"href":"https:\/\/gpl-love.com\/fr\/wp-json\/wp\/v2\/product"}],"about":[{"href":"https:\/\/gpl-love.com\/fr\/wp-json\/wp\/v2\/types\/product"}],"replies":[{"embeddable":true,"href":"https:\/\/gpl-love.com\/fr\/wp-json\/wp\/v2\/comments?post=113632"}],"wp:featuredmedia":[{"embeddable":true,"href":"https:\/\/gpl-love.com\/fr\/wp-json\/wp\/v2\/media\/146404"}],"wp:attachment":[{"href":"https:\/\/gpl-love.com\/fr\/wp-json\/wp\/v2\/media?parent=113632"}],"wp:term":[{"taxonomy":"product_brand","embeddable":true,"href":"https:\/\/gpl-love.com\/fr\/wp-json\/wp\/v2\/product_brand?post=113632"},{"taxonomy":"product_cat","embeddable":true,"href":"https:\/\/gpl-love.com\/fr\/wp-json\/wp\/v2\/product_cat?post=113632"},{"taxonomy":"product_tag","embeddable":true,"href":"https:\/\/gpl-love.com\/fr\/wp-json\/wp\/v2\/product_tag?post=113632"}],"curies":[{"name":"wp","href":"https:\/\/api.w.org\/{rel}","templated":true}]}}