{"id":113630,"date":"2022-04-03T00:00:00","date_gmt":"2022-04-02T22:00:00","guid":{"rendered":"http:\/\/gpl-love.com\/fr\/produit\/networker-tech-news-wordpress-theme-with-dark-mode\/"},"modified":"2026-04-10T18:33:35","modified_gmt":"2026-04-10T16:33:35","slug":"networker-tech-news-wordpress-theme-with-dark-mode","status":"publish","type":"product","link":"https:\/\/gpl-love.com\/fr\/produit\/networker-tech-news-wordpress-theme-with-dark-mode\/","title":{"rendered":"Networker Tech News WordPress Th\u00e8me with Dark Mode 1.1.4"},"content":{"rendered":"<h3>Networker Tech News WordPress Th\u00e8me with Dark Mode Traits<\/h3>\n<p>Le th\u00e8me WordPress de Networker Tech News, un incontournable pour tout blog de technologie ou site Web d&rsquo;actualit\u00e9s, poss\u00e8de un design \u00e9l\u00e9gant et moderne qui met parfaitement votre contenu de mani\u00e8re visuellement captivante et polie professionnellement. De plus, l&rsquo;inclusion d&rsquo;une caract\u00e9ristique en mode sombre donne un air de sophistication et de raffinement au th\u00e8me, le rendant particuli\u00e8rement id\u00e9al pour les personnes qui ch\u00e9rissent une esth\u00e9tique plus discr\u00e8te et discr\u00e8te. Ce th\u00e8me a \u00e9t\u00e9 m\u00e9ticuleusement con\u00e7u en pensant \u00e0 l&rsquo;utilisateur final, permettant une personnalisation sans effort et en vous assurant que votre site Web d\u00e9gage une touche personnalis\u00e9e qui s&rsquo;aligne parfaitement avec votre style et vos n\u00e9cessit\u00e9s uniques. Avec le th\u00e8me remarquable de Networker Tech News WordPress \u00e0 votre disposition, vous pouvez \u00eatre assur\u00e9 en toute confiance que votre site Web \u00e9mergera comme la destination d\u00e9finitive pour toutes les nouvelles et les plus grandes nouvelles et mises \u00e0 jour technologiques.<\/p>\n<ul>\n<li>Design moderne et professionnel avec une option de mode sombre \u00e9l\u00e9gant<\/li>\n<li>Disposition r\u00e9active pour une vision sans faille sur tous les appareils<\/li>\n<li>Facilement personnalisable avec diverses options et param\u00e8tres de th\u00e8me<\/li>\n<li>Ic\u00f4nes int\u00e9gr\u00e9es de m\u00e9dias sociaux pour le partage et la promotion<\/li>\n<li>Widgets personnalis\u00e9s pour afficher les derniers articles, cat\u00e9gories et balises<\/li>\n<li>Mod\u00e8les de plusieurs pages pour cr\u00e9er une disposition de site Web unique<\/li>\n<li>Optimisation de SEO int\u00e9gr\u00e9e pour un meilleur classement des moteurs de recherche<\/li>\n<li>Comprend du contenu de d\u00e9monstration pour la configuration du site Web rapide<\/li>\n<li>\u00c9quipe de support d\u00e9di\u00e9e \u00e0 tout d\u00e9pannage ou questions.<\/li>\n<\/ul>\n","protected":false},"excerpt":{"rendered":"<p>Le th\u00e8me WordPress de Networker Tech News, qui poss\u00e8de une d\u00e9licieuse inclusion de mode sombre, se pr\u00e9sente comme une option exceptionnelle pour tout site Web Tech News cherchant \u00e0 d\u00e9gager un air de sophistication et de raffinement. Exposant un design \u00e9l\u00e9gant et moderne, ce th\u00e8me parvient \u00e0 captiver l&rsquo;attention de ses utilisateurs tout en garantissant simultan\u00e9ment la plus grande convivialit\u00e9 des utilisateurs. Sa fonctionnalit\u00e9 en mode sombre, en particulier, conf\u00e8re une aura d&rsquo;\u00e9l\u00e9gance et de sophistication, \u00e9levant l&rsquo;apparence g\u00e9n\u00e9rale de votre site Web \u00e0 de nouveaux sommets. De plus, ce th\u00e8me offre une pl\u00e9thore d&rsquo;options personnalisables, facilitant une couture facile pour s&rsquo;aligner sur vos pr\u00e9f\u00e9rences personnelles. Utilisant les derni\u00e8res normes HTML \/ CSS, le th\u00e8me WordPress de Networker Tech WordPress garantit une r\u00e9activit\u00e9 compl\u00e8te, garantissant ainsi une vision d&rsquo;un site Web transparent sur tous les appareils. En incorporant ce th\u00e8me professionnel et \u00e9l\u00e9gant dans votre site Web, soyez assur\u00e9 que vous impressionnerez et captiverez vos lecteurs sans effort.<\/p>\n","protected":false},"featured_media":144720,"comment_status":"open","ping_status":"open","template":"","meta":[],"product_brand":[2433],"product_cat":[1242,1212,1213],"product_tag":[1366],"class_list":{"0":"post-113630","1":"product","2":"type-product","3":"status-publish","4":"has-post-thumbnail","6":"product_brand-themeforest","7":"product_cat-creatif","8":"product_cat-themes","9":"product_cat-wordpress-themes","10":"product_tag-themeforest","11":"member-discount","12":"discount-restricted","14":"first","15":"instock","16":"sale","17":"downloadable","18":"virtual","19":"sold-individually","20":"purchasable","21":"product-type-simple"},"_links":{"self":[{"href":"https:\/\/gpl-love.com\/fr\/wp-json\/wp\/v2\/product\/113630","targetHints":{"allow":["GET"]}}],"collection":[{"href":"https:\/\/gpl-love.com\/fr\/wp-json\/wp\/v2\/product"}],"about":[{"href":"https:\/\/gpl-love.com\/fr\/wp-json\/wp\/v2\/types\/product"}],"replies":[{"embeddable":true,"href":"https:\/\/gpl-love.com\/fr\/wp-json\/wp\/v2\/comments?post=113630"}],"wp:featuredmedia":[{"embeddable":true,"href":"https:\/\/gpl-love.com\/fr\/wp-json\/wp\/v2\/media\/144720"}],"wp:attachment":[{"href":"https:\/\/gpl-love.com\/fr\/wp-json\/wp\/v2\/media?parent=113630"}],"wp:term":[{"taxonomy":"product_brand","embeddable":true,"href":"https:\/\/gpl-love.com\/fr\/wp-json\/wp\/v2\/product_brand?post=113630"},{"taxonomy":"product_cat","embeddable":true,"href":"https:\/\/gpl-love.com\/fr\/wp-json\/wp\/v2\/product_cat?post=113630"},{"taxonomy":"product_tag","embeddable":true,"href":"https:\/\/gpl-love.com\/fr\/wp-json\/wp\/v2\/product_tag?post=113630"}],"curies":[{"name":"wp","href":"https:\/\/api.w.org\/{rel}","templated":true}]}}