{"id":113628,"date":"2022-02-26T00:00:00","date_gmt":"2022-02-25T23:00:00","guid":{"rendered":"http:\/\/gpl-love.com\/fr\/produit\/modula-pro-best-wordpress-image-gallery\/"},"modified":"2026-04-10T18:40:26","modified_gmt":"2026-04-10T16:40:26","slug":"modula-pro-best-wordpress-image-gallery","status":"publish","type":"product","link":"https:\/\/gpl-love.com\/fr\/produit\/modula-pro-best-wordpress-image-gallery\/","title":{"rendered":"Stachethemes WordPress Events Calendar Plugin 3.2.6"},"content":{"rendered":"<h3>Stachethemes WordPress Events Calendar Plugin Traits<\/h3>\n<p>Le plugin du calendrier des \u00e9v\u00e9nements WordPress Stachememes, dot\u00e9 de ses immenses capacit\u00e9s, sert d&rsquo;instrument influent pour g\u00e9rer et pr\u00e9senter efficacement les \u00e9v\u00e9nements sur votre site Web. Avec son interface con\u00e7ue pour \u00eatre conviviale et des param\u00e8tres qui peuvent \u00eatre adapt\u00e9s \u00e0 vos pr\u00e9f\u00e9rences, vous pouvez incorporer, modifier et pr\u00e9senter des \u00e9v\u00e9nements d&rsquo;une mani\u00e8re qui d\u00e9gage le professionnalisme et le charme visuel. Ce plugin exceptionnel comprend une pl\u00e9thore de fonctionnalit\u00e9s, qui englobent la possibilit\u00e9 de personnaliser les couleurs des \u00e9v\u00e9nements, des \u00e9v\u00e9nements r\u00e9currents, une cat\u00e9gorisation d&rsquo;\u00e9v\u00e9nements, ainsi qu&rsquo;une int\u00e9gration transparente avec les ventes de billets. De plus, il poss\u00e8de une conception r\u00e9active, permettant \u00e0 votre calendrier de s&rsquo;adapter de mani\u00e8re transparente \u00e0 n&rsquo;importe quelle taille d&rsquo;\u00e9cran, garantissant ainsi un \u00e9cran visuellement magnifique sur les ordinateurs de bureau, les tablettes et les appareils mobiles. Essentiellement, le plugin Calendrier des \u00e9v\u00e9nements WordPress Stachememes est un outil indispensable pour chaque site Web qui vise \u00e0 pr\u00e9senter leurs \u00e9v\u00e9nements de mani\u00e8re \u00e9quilibr\u00e9e et ordonn\u00e9e.<\/p>\n<ul>\n<li>Interface utilisateur simple et intuitive pour une gestion d&rsquo;\u00e9v\u00e9nements faciles<\/li>\n<li>Conception enti\u00e8rement personnalisable pour correspondre au th\u00e8me de votre site Web<\/li>\n<li>Option pour cr\u00e9er des \u00e9v\u00e9nements r\u00e9currents illimit\u00e9s avec diff\u00e9rentes fr\u00e9quences<\/li>\n<li>Prend en charge plusieurs langues et fuseaux horaires<\/li>\n<li>Fonction de gestion des sites pour ajouter des informations de localisation d\u00e9taill\u00e9es pour chaque \u00e9v\u00e9nement<\/li>\n<li>RSVP et syst\u00e8me de billetterie pour l&rsquo;enregistrement des \u00e9v\u00e9nements et le traitement des \u00e9v\u00e9nements faciles<\/li>\n<li>Int\u00e9gration transparente avec des services tiers populaires comme Google Calendar et PayPal<\/li>\n<li>SEO ami avec des \u00e9tiquettes de m\u00e9ta personnalisables et un balisage de donn\u00e9es structur\u00e9es<\/li>\n<li>Conception r\u00e9active mobile pour une visualisation optimale sur n&rsquo;importe quel appareil<\/li>\n<li>Mises \u00e0 jour r\u00e9guli\u00e8res et support client fiable de l&rsquo;\u00e9quipe Stachethemes.<\/li>\n<\/ul>\n","protected":false},"excerpt":{"rendered":"<p>Le plugin du calendrier des \u00e9v\u00e9nements WordPress Stachememes, qui est disponible moyennant des frais, a \u00e9t\u00e9 ing\u00e9nieusement con\u00e7u pour faciliter la gestion sans effort de votre horaire d&rsquo;\u00e9v\u00e9nements. Il poss\u00e8de une interface immacul\u00e9e et conviviale qui peut \u00eatre faite sur mesure pour s&rsquo;harmoniser parfaitement avec l&rsquo;esth\u00e9tique globale de votre site Web. Arm\u00e9 d&rsquo;un \u00e9ventail impressionnant de fonctionnalit\u00e9s telles que des \u00e9v\u00e9nements r\u00e9currents, diverses options de visualisation, des champs d&rsquo;\u00e9v\u00e9nements personnalis\u00e9s et une int\u00e9gration transparente avec Google Maps, ce plugin remarquable offre une solution globale pour toutes les exigences de votre organisation d&rsquo;\u00e9v\u00e9nements. Que vous soyez un propri\u00e9taire commercial, un leader d&rsquo;une institution ou un blogueur d\u00e9vou\u00e9, ce plugin indispensable est une n\u00e9cessit\u00e9 absolue pour garantir que vous ne n\u00e9gligez plus jamais aucun \u00e9v\u00e9nement \u00e0 venir.<\/p>\n","protected":false},"featured_media":145319,"comment_status":"open","ping_status":"open","template":"","meta":[],"product_brand":[2435],"product_cat":[1189,1181,1186],"product_tag":[1231],"class_list":{"0":"post-113628","1":"product","2":"type-product","3":"status-publish","4":"has-post-thumbnail","6":"product_brand-codecanyon","7":"product_cat-personnalisation","8":"product_cat-plugins","9":"product_cat-wordpress-plugins","10":"product_tag-codecanyon","11":"member-discount","12":"discount-restricted","14":"first","15":"instock","16":"sale","17":"downloadable","18":"virtual","19":"sold-individually","20":"purchasable","21":"product-type-simple"},"_links":{"self":[{"href":"https:\/\/gpl-love.com\/fr\/wp-json\/wp\/v2\/product\/113628","targetHints":{"allow":["GET"]}}],"collection":[{"href":"https:\/\/gpl-love.com\/fr\/wp-json\/wp\/v2\/product"}],"about":[{"href":"https:\/\/gpl-love.com\/fr\/wp-json\/wp\/v2\/types\/product"}],"replies":[{"embeddable":true,"href":"https:\/\/gpl-love.com\/fr\/wp-json\/wp\/v2\/comments?post=113628"}],"wp:featuredmedia":[{"embeddable":true,"href":"https:\/\/gpl-love.com\/fr\/wp-json\/wp\/v2\/media\/145319"}],"wp:attachment":[{"href":"https:\/\/gpl-love.com\/fr\/wp-json\/wp\/v2\/media?parent=113628"}],"wp:term":[{"taxonomy":"product_brand","embeddable":true,"href":"https:\/\/gpl-love.com\/fr\/wp-json\/wp\/v2\/product_brand?post=113628"},{"taxonomy":"product_cat","embeddable":true,"href":"https:\/\/gpl-love.com\/fr\/wp-json\/wp\/v2\/product_cat?post=113628"},{"taxonomy":"product_tag","embeddable":true,"href":"https:\/\/gpl-love.com\/fr\/wp-json\/wp\/v2\/product_tag?post=113628"}],"curies":[{"name":"wp","href":"https:\/\/api.w.org\/{rel}","templated":true}]}}