{"id":113626,"date":"2026-02-18T00:00:00","date_gmt":"2026-02-17T23:00:00","guid":{"rendered":"http:\/\/gpl-love.com\/fr\/produit\/tasty-recipes-wordpress-recipe-plugin-pour-food-blogs\/"},"modified":"2026-04-10T18:42:03","modified_gmt":"2026-04-10T16:42:03","slug":"tasty-recipes-wordpress-recipe-plugin-pour-food-blogs","status":"publish","type":"product","link":"https:\/\/gpl-love.com\/fr\/produit\/tasty-recipes-wordpress-recipe-plugin-pour-food-blogs\/","title":{"rendered":"Tasty Recipes 4.0.2"},"content":{"rendered":"<h3>Tasty Recipes Traits<\/h3>\n<p>Le savoureux plugin de recettes WordPress Recipes est un outil indispensable que chaque blogueur alimentaire devrait avoir dans leur arsenal. Ce plugin remarquable rationalise l&rsquo;ensemble du processus de fabrication de cartes de recettes visuellement captivantes et con\u00e7ues par des professionnels. Il offre une pl\u00e9thore de fonctionnalit\u00e9s impressionnantes, y compris l&rsquo;optimisation du r\u00e9f\u00e9rencement des recettes et la conversion automatique des mesures, entre autres. Gr\u00e2ce \u00e0 de d\u00e9licieuses recettes, vous avez la capacit\u00e9 de personnaliser l&rsquo;apparence et l&rsquo;esth\u00e9tique de vos recettes, ainsi que d&rsquo;int\u00e9grer des notes de recettes, des notes et des informations nutritionnelles. De plus, ce plugin s&rsquo;int\u00e8gre de mani\u00e8re transparente avec d&rsquo;autres plugins WordPress bien connus et est enti\u00e8rement r\u00e9actif sur les appareils mobiles. Adieu \u00e0 la t\u00e2che fastidieuse et longue de cr\u00e9er des cartes de recettes \u00e0 partir de z\u00e9ro, et permettez au plugin de recettes WordPress de recettes de r\u00e9volutionner votre blog culinaire \u00e0 des hauteurs sans pr\u00e9c\u00e9dent.<\/p>\n<ul>\n<li>Installation et configuration faciles sur n&rsquo;importe quel site Web WordPress<\/li>\n<li>Large gamme de styles de pr\u00e9sentation de recettes et de dispositions pour votre blog<\/li>\n<li>Champs de recettes personnalisables vous permettant d&rsquo;ajouter vos propres conseils de cuisine et notes<\/li>\n<li>Syst\u00e8me de notes et avis de recettes int\u00e9gr\u00e9es pour s&rsquo;engager avec votre public<\/li>\n<li>Caract\u00e9ristiques d&rsquo;optimisation des moteurs de recherche (SEO) pour am\u00e9liorer la visibilit\u00e9 de votre recette sur Google<\/li>\n<li>Conception r\u00e9active mobile garantissant que vos recettes ont fi\u00e8re allure sur n&rsquo;importe quel appareil<\/li>\n<li>Compatible avec les principaux services d&rsquo;indexation de recettes tels que Yummly et Schema de recettes<\/li>\n<li>Int\u00e9gration avec des sites de m\u00e9dias sociaux populaires pour promouvoir vos recettes et d\u00e9velopper votre lectorat<\/li>\n<li>Recherche de recettes avanc\u00e9e permettant aux lecteurs de trouver et de filtrer les recettes \u00e0 leurs pr\u00e9f\u00e9rences<\/li>\n<li>Acc\u00e8s au support client premium et \u00e0 des mises \u00e0 jour r\u00e9guli\u00e8res pour garantir des performances optimales.<\/li>\n<\/ul>\n","protected":false},"excerpt":{"rendered":"<p>Le plugin de recettes WordPress de recettes est une solution impeccable pour les blogueurs alimentaires qui souhaitent distribuer sans effort des recettes d\u00e9licieuses sur leur site Web. Ce plugin regorge d&rsquo;une gamme de fonctionnalit\u00e9s, y compris des informations nutritionnelles, des mod\u00e8les de recettes personnalisables et des outils d&rsquo;optimisation des moteurs de recherche. Ces fonctionnalit\u00e9s exceptionnelles facilitent la cr\u00e9ation de recettes visuellement captivantes qui ne peuvent pas provoquer des r\u00e9actions all\u00e9chantes de vos lecteurs. Que vous soyez un blogueur alimentaire exp\u00e9riment\u00e9 ou un novice qui se lance dans ce voyage, des recettes savoureuses se pr\u00e9sentent comme la plate-forme ultime pour montrer votre expertise culinaire et favoriser des connexions significatives avec votre public.<\/p>\n","protected":false},"featured_media":145452,"comment_status":"open","ping_status":"open","template":"","meta":[],"product_brand":[2669],"product_cat":[1189,1181,1186],"product_tag":[1887],"class_list":{"0":"post-113626","1":"product","2":"type-product","3":"status-publish","4":"has-post-thumbnail","6":"product_brand-wp-tasty","7":"product_cat-personnalisation","8":"product_cat-plugins","9":"product_cat-wordpress-plugins","10":"product_tag-wp-tasty","11":"member-discount","12":"discount-restricted","14":"first","15":"instock","16":"sale","17":"downloadable","18":"virtual","19":"sold-individually","20":"purchasable","21":"product-type-simple"},"_links":{"self":[{"href":"https:\/\/gpl-love.com\/fr\/wp-json\/wp\/v2\/product\/113626","targetHints":{"allow":["GET"]}}],"collection":[{"href":"https:\/\/gpl-love.com\/fr\/wp-json\/wp\/v2\/product"}],"about":[{"href":"https:\/\/gpl-love.com\/fr\/wp-json\/wp\/v2\/types\/product"}],"replies":[{"embeddable":true,"href":"https:\/\/gpl-love.com\/fr\/wp-json\/wp\/v2\/comments?post=113626"}],"wp:featuredmedia":[{"embeddable":true,"href":"https:\/\/gpl-love.com\/fr\/wp-json\/wp\/v2\/media\/145452"}],"wp:attachment":[{"href":"https:\/\/gpl-love.com\/fr\/wp-json\/wp\/v2\/media?parent=113626"}],"wp:term":[{"taxonomy":"product_brand","embeddable":true,"href":"https:\/\/gpl-love.com\/fr\/wp-json\/wp\/v2\/product_brand?post=113626"},{"taxonomy":"product_cat","embeddable":true,"href":"https:\/\/gpl-love.com\/fr\/wp-json\/wp\/v2\/product_cat?post=113626"},{"taxonomy":"product_tag","embeddable":true,"href":"https:\/\/gpl-love.com\/fr\/wp-json\/wp\/v2\/product_tag?post=113626"}],"curies":[{"name":"wp","href":"https:\/\/api.w.org\/{rel}","templated":true}]}}