{"id":113624,"date":"2021-05-12T00:00:00","date_gmt":"2021-05-11T22:00:00","guid":{"rendered":"http:\/\/gpl-love.com\/fr\/produit\/ultimate-member-mycred\/"},"modified":"2026-04-10T18:38:22","modified_gmt":"2026-04-10T16:38:22","slug":"ultimate-member-mycred","status":"publish","type":"product","link":"https:\/\/gpl-love.com\/fr\/produit\/ultimate-member-mycred\/","title":{"rendered":"Ridestyle Bike Sport Store WooCommerce Theme 1.2"},"content":{"rendered":"<h3>Ridestyle Bike Sport Store WooCommerce Theme Traits<\/h3>\n<p>Le th\u00e8me WooCommerce du magasin de v\u00e9los Rideyle Bike poss\u00e8de une pl\u00e9thore d&rsquo;attributs personnalisables et r\u00e9actifs, ce qui en fait une option privil\u00e9gi\u00e9e pour les magasins de v\u00e9los et les entreprises li\u00e9es au sport cherchant \u00e0 \u00e9lever leur pr\u00e9sence en ligne. Son int\u00e9gration avec la plate-forme WooCommerce robuste assure une connexion transparente \u00e0 votre vitrine virtuelle. Ce th\u00e8me offre une vaste gamme de fonctionnalit\u00e9s et de choix qui vous permettent de cr\u00e9er un site Web poli et captivant, pr\u00e9sentant efficacement vos produits de mani\u00e8re optimale. B\u00e9n\u00e9ficiant d&rsquo;une conception \u00e9l\u00e9gante, d&rsquo;une disposition adaptable et d&rsquo;une personnalisation de pointe, le th\u00e8me WooCommerce du magasin de v\u00e9los de ridicule se r\u00e9v\u00e8le \u00eatre la s\u00e9lection ultime pour les entreprises visant \u00e0 transcender leur empreinte num\u00e9rique.<\/p>\n<ul>\n<li>Th\u00e8me WooCommerce convivial et facilement personnalisable adapt\u00e9 aux magasins de v\u00e9los sportifs<\/li>\n<li>Conception r\u00e9active qui s&rsquo;adapte \u00e0 diverses tailles d&rsquo;\u00e9cran et appareils pour une exp\u00e9rience de navigation d&rsquo;utilisateurs sans couture<\/li>\n<li>Plusieurs dispositions de page d&rsquo;accueil avec diff\u00e9rentes sections pour pr\u00e9senter des produits, des promotions et des informations de stockage<\/li>\n<li>Divers sch\u00e9mas de couleurs \u00e0 choisir avec l&rsquo;option pour personnaliser et cr\u00e9er votre propre sch\u00e9ma de couleurs<\/li>\n<li>Compatible avec les constructeurs de page WordPress populaires comme Elementor et Visual Composer pour une personnalisation de mise en page facile<\/li>\n<li>Pages de produits personnalisables avec plusieurs galeries d&rsquo;images et sections de produits connexes pour la vente inverse et la vente crois\u00e9e<\/li>\n<li>Mega menu int\u00e9gr\u00e9 pour une navigation plus facile et pr\u00e9senter des produits et cat\u00e9gories<\/li>\n<li>Int\u00e9gration avec des plugins WooCommerce populaires comme le commutateur de devises WooCommerce, les filtres de produit et les listes de souhaits<\/li>\n<li>Compatible avec diff\u00e9rentes passerelles de paiement et options d&rsquo;exp\u00e9dition pour un processus de paiement client transparent<\/li>\n<li>Mises \u00e0 jour r\u00e9guli\u00e8res et support client pour les probl\u00e8mes techniques et l&rsquo;assistance<\/li>\n<\/ul>\n","protected":false},"excerpt":{"rendered":"<p>Le th\u00e8me WooCommerce du magasin de v\u00e9los RidyTyle WooCommerce appara\u00eet comme une s\u00e9lection incroyable pour les individus passionn\u00e9s par les v\u00e9los qui aspirent \u00e0 inaugurer leur march\u00e9 num\u00e9rique. Poss\u00e9dant une disposition polie et contemporaine aux c\u00f4t\u00e9s de l&rsquo;int\u00e9gration transparente avec WooCommerce, ce th\u00e8me accorde une rencontre utilisateur in\u00e9gal\u00e9e \u00e0 la fois \u00e0 la client\u00e8le et aux fournisseurs. De plus, ce th\u00e8me est rempli d&rsquo;une abondance d&rsquo;alternatives de personnalisation, facilitant ainsi l&rsquo;adaptation sans effort de la conception en fonction de votre marque et accentuera bien votre marchandise. De plus, ce th\u00e8me est m\u00e9ticuleusement optimis\u00e9 pour les moteurs de recherche, garantissant efficacement l&rsquo;\u00e9l\u00e9vation de la position de votre magasin dans les r\u00e9sultats de recherche. Avec le th\u00e8me WooCommerce du magasin de v\u00e9los Rideyle Bike \u00e0 votre disposition, commencez la vente de vos v\u00e9los, accessoires et \u00e9quipements aujourd&rsquo;hui.<\/p>\n","protected":false},"featured_media":145137,"comment_status":"open","ping_status":"open","template":"","meta":[],"product_brand":[2433],"product_cat":[1238,1851,1212],"product_tag":[1366],"class_list":{"0":"post-113624","1":"product","2":"type-product","3":"status-publish","4":"has-post-thumbnail","6":"product_brand-themeforest","7":"product_cat-commerce-electronique-themes","8":"product_cat-entreprise-commerce-electronique-themes","9":"product_cat-themes","10":"product_tag-themeforest","11":"member-discount","12":"discount-restricted","14":"first","15":"instock","16":"sale","17":"downloadable","18":"virtual","19":"sold-individually","20":"purchasable","21":"product-type-simple"},"_links":{"self":[{"href":"https:\/\/gpl-love.com\/fr\/wp-json\/wp\/v2\/product\/113624","targetHints":{"allow":["GET"]}}],"collection":[{"href":"https:\/\/gpl-love.com\/fr\/wp-json\/wp\/v2\/product"}],"about":[{"href":"https:\/\/gpl-love.com\/fr\/wp-json\/wp\/v2\/types\/product"}],"replies":[{"embeddable":true,"href":"https:\/\/gpl-love.com\/fr\/wp-json\/wp\/v2\/comments?post=113624"}],"wp:featuredmedia":[{"embeddable":true,"href":"https:\/\/gpl-love.com\/fr\/wp-json\/wp\/v2\/media\/145137"}],"wp:attachment":[{"href":"https:\/\/gpl-love.com\/fr\/wp-json\/wp\/v2\/media?parent=113624"}],"wp:term":[{"taxonomy":"product_brand","embeddable":true,"href":"https:\/\/gpl-love.com\/fr\/wp-json\/wp\/v2\/product_brand?post=113624"},{"taxonomy":"product_cat","embeddable":true,"href":"https:\/\/gpl-love.com\/fr\/wp-json\/wp\/v2\/product_cat?post=113624"},{"taxonomy":"product_tag","embeddable":true,"href":"https:\/\/gpl-love.com\/fr\/wp-json\/wp\/v2\/product_tag?post=113624"}],"curies":[{"name":"wp","href":"https:\/\/api.w.org\/{rel}","templated":true}]}}