{"id":113622,"date":"2025-07-18T00:00:00","date_gmt":"2025-07-17T22:00:00","guid":{"rendered":"http:\/\/gpl-love.com\/fr\/produit\/the-events-calendar-community-tickets\/"},"modified":"2026-04-10T18:42:13","modified_gmt":"2026-04-10T16:42:13","slug":"the-events-calendar-community-tickets","status":"publish","type":"product","link":"https:\/\/gpl-love.com\/fr\/produit\/the-events-calendar-community-tickets\/","title":{"rendered":"The Events Calendar Community Tickets 4.9.6"},"content":{"rendered":"<h3>The Events Calendar Community Tickets Traits<\/h3>\n<p>Le plugin de billets communautaires du calendrier des \u00e9v\u00e9nements sert d&rsquo;outil pr\u00e9cieux, sp\u00e9cifiquement adapt\u00e9 pour augmenter la fonctionnalit\u00e9 du calendrier des \u00e9v\u00e9nements, en autonomisant les organisateurs d&rsquo;\u00e9v\u00e9nements ayant la capacit\u00e9 de g\u00e9n\u00e9rer des revenus sans effort en vendant des billets directement \u00e0 partir de leur propre site Web. Remarquablement, ce plugin offre aux organisateurs la possibilit\u00e9 de superviser de mani\u00e8re transparente les ventes de billets, d&rsquo;administrer des remboursements et de surveiller m\u00e9ticuleusement la fr\u00e9quentation. Notamment, l&rsquo;une des fonctionnalit\u00e9s remarquables de ce plugin est son formulaire d&rsquo;enregistrement hautement personnalisable, qui offre aux organisateurs la possibilit\u00e9 de recueillir des informations cruciales des participants. En outre, ce plugin s&rsquo;int\u00e8gre de mani\u00e8re transparente aux passerelles de paiement renomm\u00e9es telles que PayPal et Stripe, offrant ainsi aux organisateurs la tranquillit\u00e9 d&rsquo;esprit du traitement en toute s\u00e9curit\u00e9. En substance, les billets communautaires du calendrier des \u00e9v\u00e9nements repr\u00e9sentent une solution in\u00e9gal\u00e9e et efficace pour g\u00e9rer efficacement les ventes de billets d&rsquo;\u00e9v\u00e9nements.<\/p>\n<ul>\n<li>Permet aux utilisateurs de cr\u00e9er et de vendre des billets pour des \u00e9v\u00e9nements sur leur site WordPress<\/li>\n<li>Int\u00e9gration transparente avec le plugin du calendrier des \u00e9v\u00e9nements<\/li>\n<li>Donne acc\u00e8s aux achats de billets et aux informations des participants via le tableau de bord WordPress<\/li>\n<li>Offre des types de billets personnalisables et des options de tarification<\/li>\n<li>Fonctionnement de num\u00e9risation des billets faciles \u00e0 utiliser pour l&rsquo;enregistrement des \u00e9v\u00e9nements<\/li>\n<li>Prend en charge plusieurs passerelles de paiement pour les achats de billets<\/li>\n<li>Notifications de courrier \u00e9lectronique automatis\u00e9es aux participants et aux organisateurs<\/li>\n<li>Enregistrement et collecte de donn\u00e9es facultatifs<\/li>\n<li>Comprend des pages de d\u00e9part personnalisables et des formulaires d&rsquo;enregistrement<\/li>\n<li>Fournit une prise en charge et une documentation int\u00e9gr\u00e9es pour une impl\u00e9mentation facile.<\/li>\n<\/ul>\n","protected":false},"excerpt":{"rendered":"<p>Les billets communautaires du calendrier des \u00e9v\u00e9nements sont une application logicielle innovante et intuitive qui a \u00e9t\u00e9 m\u00e9ticuleusement con\u00e7ue pour rationaliser le processus complexe de gestion d&rsquo;\u00e9v\u00e9nements et la vente de billets pour les communaut\u00e9s en ligne. Ce produit extraordinaire permet aux utilisateurs de cr\u00e9er, promouvoir et vendre efficacement les billets pour leurs \u00e9v\u00e9nements tr\u00e8s attendus, tout en assurant une int\u00e9gration simple avec leur site WordPress pr\u00e9existant. L&rsquo;interface remarquablement conviviale, compl\u00e9t\u00e9e par sa gamme de fonctionnalit\u00e9s remarquablement robuste et compl\u00e8te, offre aux utilisateurs la capacit\u00e9 in\u00e9gal\u00e9e \u00e0 personnaliser parfaitement les d\u00e9tails de l&rsquo;\u00e9v\u00e9nement et \u00e0 g\u00e9rer habilement tous les aspects de la gestion des billets, du traitement des paiements et de l&rsquo;enregistrement des participants. Que vous organisiez un rassemblement modeste ou orchestrant une conf\u00e9rence grandiose, les billets communautaires du calendrier des \u00e9v\u00e9nements se proposent gracieusement comme la solution ultime pour harmoniser vos processus de gestion d&rsquo;\u00e9v\u00e9nements et favoriser une connexion profonde avec votre communaut\u00e9 en ligne florissante.<\/p>\n","protected":false},"featured_media":145464,"comment_status":"open","ping_status":"open","template":"","meta":[],"product_brand":[2671],"product_cat":[1189,1181,1186],"product_tag":[1532],"class_list":{"0":"post-113622","1":"product","2":"type-product","3":"status-publish","4":"has-post-thumbnail","6":"product_brand-the-events-calendar","7":"product_cat-personnalisation","8":"product_cat-plugins","9":"product_cat-wordpress-plugins","10":"product_tag-the-events-calendar","11":"member-discount","12":"discount-restricted","14":"first","15":"instock","16":"sale","17":"downloadable","18":"virtual","19":"sold-individually","20":"purchasable","21":"product-type-simple"},"_links":{"self":[{"href":"https:\/\/gpl-love.com\/fr\/wp-json\/wp\/v2\/product\/113622","targetHints":{"allow":["GET"]}}],"collection":[{"href":"https:\/\/gpl-love.com\/fr\/wp-json\/wp\/v2\/product"}],"about":[{"href":"https:\/\/gpl-love.com\/fr\/wp-json\/wp\/v2\/types\/product"}],"replies":[{"embeddable":true,"href":"https:\/\/gpl-love.com\/fr\/wp-json\/wp\/v2\/comments?post=113622"}],"wp:featuredmedia":[{"embeddable":true,"href":"https:\/\/gpl-love.com\/fr\/wp-json\/wp\/v2\/media\/145464"}],"wp:attachment":[{"href":"https:\/\/gpl-love.com\/fr\/wp-json\/wp\/v2\/media?parent=113622"}],"wp:term":[{"taxonomy":"product_brand","embeddable":true,"href":"https:\/\/gpl-love.com\/fr\/wp-json\/wp\/v2\/product_brand?post=113622"},{"taxonomy":"product_cat","embeddable":true,"href":"https:\/\/gpl-love.com\/fr\/wp-json\/wp\/v2\/product_cat?post=113622"},{"taxonomy":"product_tag","embeddable":true,"href":"https:\/\/gpl-love.com\/fr\/wp-json\/wp\/v2\/product_tag?post=113622"}],"curies":[{"name":"wp","href":"https:\/\/api.w.org\/{rel}","templated":true}]}}