{"id":113620,"date":"2024-05-05T00:00:00","date_gmt":"2024-05-04T22:00:00","guid":{"rendered":"http:\/\/gpl-love.com\/fr\/produit\/virtual-events-the-events-calendar-pro-addon\/"},"modified":"2026-04-10T18:42:16","modified_gmt":"2026-04-10T16:42:16","slug":"virtual-events-the-events-calendar-pro-addon","status":"publish","type":"product","link":"https:\/\/gpl-love.com\/fr\/produit\/virtual-events-the-events-calendar-pro-addon\/","title":{"rendered":"The Events Calendar Pro Addon Virtual Events 1.15.8"},"content":{"rendered":"<h3>The Events Calendar Pro Addon Virtual Events Traits<\/h3>\n<p>Les \u00e9v\u00e9nements Calendar Pro Addon Virtual Events, un outil robuste et avanc\u00e9, offre aux utilisateurs la possibilit\u00e9 de cr\u00e9er et de superviser sans effort des \u00e9v\u00e9nements virtuels. Cet addon hautement compatible s&rsquo;int\u00e8gre parfaitement avec les \u00e9v\u00e9nements Calendar Pro, \u00e9quipant les utilisateurs de tous les attributs essentiels n\u00e9cessaires pour \u00e9laborer des exp\u00e9riences virtuelles captivantes. Son design d\u00e9lib\u00e9r\u00e9 r\u00e9pond aux besoins des organisateurs d&rsquo;\u00e9v\u00e9nements et des participants, garantissant une exp\u00e9rience fluide et agr\u00e9able pour toutes les parties impliqu\u00e9es. Les organisateurs peuvent \u00e9tablir sans effort des \u00e9v\u00e9nements virtuels et g\u00e9rer efficacement les inscriptions des participants, tandis que les participants peuvent acc\u00e9der commod\u00e9ment et s&rsquo;engager activement dans ces \u00e9v\u00e9nements gr\u00e2ce \u00e0 une gamme diversifi\u00e9e de plateformes virtuelles. B\u00e9n\u00e9ficiant d&rsquo;un \u00e9ventail complet de fonctionnalit\u00e9s, les \u00e9v\u00e9nements Calendar Pro Addon Virtual Events s&rsquo;av\u00e8re \u00eatre une solution in\u00e9gal\u00e9e pour les entreprises, les organisations et les personnes cherchant \u00e0 accueillir des \u00e9v\u00e9nements virtuels extraordinaires.<\/p>\n<ul>\n<li>Permet aux utilisateurs de cr\u00e9er et d&rsquo;h\u00e9berger des \u00e9v\u00e9nements virtuels dans le calendrier des \u00e9v\u00e9nements<\/li>\n<li>Fournit une gamme d&rsquo;options de billets et d&rsquo;enregistrement pour les \u00e9v\u00e9nements virtuels<\/li>\n<li>Permet l&rsquo;int\u00e9gration avec les plateformes de vid\u00e9oconf\u00e9rence populaires<\/li>\n<li>Permet aux utilisateurs de personnaliser les pages d&rsquo;\u00e9v\u00e9nements avec des \u00e9l\u00e9ments de marque et de conception<\/li>\n<li>Fournit des outils pour g\u00e9rer les participants \u00e0 l&rsquo;\u00e9v\u00e9nement virtuel et envoyer une communication<\/li>\n<li>Offre une int\u00e9gration transparente avec d&rsquo;autres modules compl\u00e9mentaires et extensions dans le Calendar Pro Events<\/li>\n<li>Fournit des analyses d\u00e9taill\u00e9es et des rapports sur l&rsquo;engagement et la fr\u00e9quentation des \u00e9v\u00e9nements virtuels<\/li>\n<li>Offre un support technique \u00e9tendu et une documentation pour les utilisateurs<\/li>\n<li>Permet une int\u00e9gration transparente avec des plateformes de commerce \u00e9lectronique populaires pour les ventes de billets et les promotions.<\/li>\n<\/ul>\n","protected":false},"excerpt":{"rendered":"<p>Les \u00e9v\u00e9nements Calendar Pro Addon Virtual Events sert d&rsquo;outil crucial pour les personnes cherchant \u00e0 g\u00e9n\u00e9rer sans effort des \u00e9v\u00e9nements virtuels. Cet addon offre la possibilit\u00e9 d&rsquo;augmenter votre site Web avec des attributs robustes qui r\u00e9pondent sp\u00e9cifiquement aux exigences des \u00e9v\u00e9nements virtuels, englobant l&rsquo;int\u00e9gration transparente avec des plateformes de vid\u00e9oconf\u00e9rence largement utilis\u00e9es telles que Zoom, Google Meet et Skype. De plus, il englobe la gestion avanc\u00e9e du RSVP, les pages d&rsquo;\u00e9v\u00e9nements virtuelles avec des \u00e9l\u00e9ments de marque personnalis\u00e9s et la capacit\u00e9 d&rsquo;\u00e9tablir des \u00e9v\u00e9nements virtuels r\u00e9currents. En utilisant les \u00e9v\u00e9nements Virtual Events Calendar Pro Addon, vous pouvez \u00e9lever vos \u00e9v\u00e9nements virtuels \u00e0 de nouveaux sommets et offrir \u00e0 vos participants une exp\u00e9rience captivante et durable.<\/p>\n","protected":false},"featured_media":145468,"comment_status":"open","ping_status":"open","template":"","meta":[],"product_brand":[2671],"product_cat":[1189,1181,1186],"product_tag":[1532],"class_list":{"0":"post-113620","1":"product","2":"type-product","3":"status-publish","4":"has-post-thumbnail","6":"product_brand-the-events-calendar","7":"product_cat-personnalisation","8":"product_cat-plugins","9":"product_cat-wordpress-plugins","10":"product_tag-the-events-calendar","11":"member-discount","12":"discount-restricted","14":"first","15":"instock","16":"sale","17":"downloadable","18":"virtual","19":"sold-individually","20":"purchasable","21":"product-type-simple"},"_links":{"self":[{"href":"https:\/\/gpl-love.com\/fr\/wp-json\/wp\/v2\/product\/113620","targetHints":{"allow":["GET"]}}],"collection":[{"href":"https:\/\/gpl-love.com\/fr\/wp-json\/wp\/v2\/product"}],"about":[{"href":"https:\/\/gpl-love.com\/fr\/wp-json\/wp\/v2\/types\/product"}],"replies":[{"embeddable":true,"href":"https:\/\/gpl-love.com\/fr\/wp-json\/wp\/v2\/comments?post=113620"}],"wp:featuredmedia":[{"embeddable":true,"href":"https:\/\/gpl-love.com\/fr\/wp-json\/wp\/v2\/media\/145468"}],"wp:attachment":[{"href":"https:\/\/gpl-love.com\/fr\/wp-json\/wp\/v2\/media?parent=113620"}],"wp:term":[{"taxonomy":"product_brand","embeddable":true,"href":"https:\/\/gpl-love.com\/fr\/wp-json\/wp\/v2\/product_brand?post=113620"},{"taxonomy":"product_cat","embeddable":true,"href":"https:\/\/gpl-love.com\/fr\/wp-json\/wp\/v2\/product_cat?post=113620"},{"taxonomy":"product_tag","embeddable":true,"href":"https:\/\/gpl-love.com\/fr\/wp-json\/wp\/v2\/product_tag?post=113620"}],"curies":[{"name":"wp","href":"https:\/\/api.w.org\/{rel}","templated":true}]}}