{"id":113618,"date":"2021-04-08T00:00:00","date_gmt":"2021-04-07T22:00:00","guid":{"rendered":"http:\/\/gpl-love.com\/fr\/produit\/eventalk-event-conference-wordpress-theme\/"},"modified":"2026-03-20T23:04:41","modified_gmt":"2026-03-20T22:04:41","slug":"eventalk-event-conference-wordpress-theme","status":"publish","type":"product","link":"https:\/\/gpl-love.com\/fr\/produit\/eventalk-event-conference-wordpress-theme\/","title":{"rendered":"EvenTalk Event Conference WordPress Theme 1.6.5"},"content":{"rendered":"<h3>EvenTalk Event Conference WordPress Theme Traits<\/h3>\n<p>Eventalk, un th\u00e8me WordPress de conf\u00e9rence sur les \u00e9v\u00e9nements de pointe, a \u00e9t\u00e9 m\u00e9ticuleusement con\u00e7u pour am\u00e9liorer la gestion de votre conf\u00e9rence ou \u00e9v\u00e9nement. Son design \u00e9l\u00e9gant et sophistiqu\u00e9, coupl\u00e9 \u00e0 son interface intuitivement conviviale, facilite la navigation sans effort et la cr\u00e9ation d&rsquo;une exp\u00e9rience immersive et captivante pour tous les participants. En outre, EventalK poss\u00e8de une pl\u00e9thore de fonctionnalit\u00e9s personnalisables, notamment la gestion des horaires, la billetterie et les profils de conf\u00e9renciers, le rendant indispensable en g\u00e9rant et en orchestrant efficacement un \u00e9v\u00e9nement r\u00e9ussi. La plus grande r\u00e9activit\u00e9 du th\u00e8me garantit une perfection visuelle in\u00e9gal\u00e9e sur tous les appareils, garantissant une exp\u00e9rience de vision optimale et sans couture. De plus, EventalK s&rsquo;int\u00e8gre de mani\u00e8re transparente \u00e0 des plugins largement acclam\u00e9s tels que WooCommerce et MailChimp, simplifiant consid\u00e9rablement les t\u00e2ches ardues de l&rsquo;enregistrement et de la promotion des \u00e9v\u00e9nements. En r\u00e9sum\u00e9, Eventalk repr\u00e9sente un choix exceptionnel pour les personnes qui cherchent \u00e0 \u00e9tablir une plate-forme d&rsquo;\u00e9v\u00e9nements poli et engageante qui d\u00e9gage le professionnalisme.<\/p>\n<ul>\n<li>Design moderne et professionnel pour faire ressortir votre \u00e9v\u00e9nement<\/li>\n<li>Enti\u00e8rement personnalisable pour correspondre \u00e0 votre marque et \u00e0 votre style d&rsquo;\u00e9v\u00e9nement<\/li>\n<li>Syst\u00e8me d&rsquo;inscription des \u00e9v\u00e9nements int\u00e9gr\u00e9s pour la gestion des participants faciles<\/li>\n<li>Conception r\u00e9active mobile pour une exp\u00e9rience de participation transparente<\/li>\n<li>Options de mise en page flexibles pour le calendrier des \u00e9v\u00e9nements et les informations du haut-parleur<\/li>\n<li>Int\u00e9gration avec des plugins populaires tels que WooCommerce et MailChimp<\/li>\n<li>Support linguistique multiple pour les \u00e9v\u00e9nements internationaux<\/li>\n<li>Navigation fluide et interface conviviale<\/li>\n<li>Performances fiables et rapides pour les \u00e9v\u00e9nements de trafic \u00e9lev\u00e9<\/li>\n<li>Documentation compl\u00e8te et support client 24\/7.<\/li>\n<\/ul>\n","protected":false},"excerpt":{"rendered":"<p>Eventalk, un th\u00e8me WordPress exceptionnel, a \u00e9t\u00e9 m\u00e9ticuleusement con\u00e7u uniquement \u00e0 des fins de sites Web d&rsquo;\u00e9v\u00e9nements et de conf\u00e9rence. Sa mise en page immacul\u00e9e et contemporaine fournit une plate-forme conviviale qui simplifie la cr\u00e9ation et la gestion de votre site Web d&rsquo;\u00e9v\u00e9nements. Ce th\u00e8me poss\u00e8de un niveau \u00e9lev\u00e9 de personnalisation, une interface intuitive et une conception r\u00e9active, garantissant une visibilit\u00e9 et une accessibilit\u00e9 optimales sur une gamme diversifi\u00e9e d&rsquo;appareils. De plus, Eventalk est \u00e9quip\u00e9 d&rsquo;une pl\u00e9thore de fonctionnalit\u00e9s puissantes, notamment la gestion des horaires, des outils d&rsquo;enregistrement conviviaux, un syst\u00e8me de billetterie efficace, une gestion compl\u00e8te des haut-parleurs, une int\u00e9gration transparente avec diverses plateformes de m\u00e9dias sociaux et un \u00e9ventail d&rsquo;autres fonctionnalit\u00e9s remarquables. Par cons\u00e9quent, c&rsquo;est l&rsquo;option id\u00e9ale pour fabriquer un site Web d&rsquo;\u00e9v\u00e9nement impressionnant et triomphant.<\/p>\n","protected":false},"featured_media":143790,"comment_status":"open","ping_status":"open","template":"","meta":[],"product_brand":[2433],"product_cat":[1242,1212,1213],"product_tag":[1366],"class_list":{"0":"post-113618","1":"product","2":"type-product","3":"status-publish","4":"has-post-thumbnail","6":"product_brand-themeforest","7":"product_cat-creatif","8":"product_cat-themes","9":"product_cat-wordpress-themes","10":"product_tag-themeforest","11":"member-discount","12":"discount-restricted","14":"first","15":"instock","16":"sale","17":"downloadable","18":"virtual","19":"sold-individually","20":"purchasable","21":"product-type-simple"},"_links":{"self":[{"href":"https:\/\/gpl-love.com\/fr\/wp-json\/wp\/v2\/product\/113618","targetHints":{"allow":["GET"]}}],"collection":[{"href":"https:\/\/gpl-love.com\/fr\/wp-json\/wp\/v2\/product"}],"about":[{"href":"https:\/\/gpl-love.com\/fr\/wp-json\/wp\/v2\/types\/product"}],"replies":[{"embeddable":true,"href":"https:\/\/gpl-love.com\/fr\/wp-json\/wp\/v2\/comments?post=113618"}],"wp:featuredmedia":[{"embeddable":true,"href":"https:\/\/gpl-love.com\/fr\/wp-json\/wp\/v2\/media\/143790"}],"wp:attachment":[{"href":"https:\/\/gpl-love.com\/fr\/wp-json\/wp\/v2\/media?parent=113618"}],"wp:term":[{"taxonomy":"product_brand","embeddable":true,"href":"https:\/\/gpl-love.com\/fr\/wp-json\/wp\/v2\/product_brand?post=113618"},{"taxonomy":"product_cat","embeddable":true,"href":"https:\/\/gpl-love.com\/fr\/wp-json\/wp\/v2\/product_cat?post=113618"},{"taxonomy":"product_tag","embeddable":true,"href":"https:\/\/gpl-love.com\/fr\/wp-json\/wp\/v2\/product_tag?post=113618"}],"curies":[{"name":"wp","href":"https:\/\/api.w.org\/{rel}","templated":true}]}}