{"id":113616,"date":"2022-02-15T00:00:00","date_gmt":"2022-02-14T23:00:00","guid":{"rendered":"http:\/\/gpl-love.com\/fr\/produit\/sticky-mini-cart-for-woocommerce\/"},"modified":"2026-04-10T18:40:32","modified_gmt":"2026-04-10T16:40:32","slug":"sticky-mini-cart-for-woocommerce","status":"publish","type":"product","link":"https:\/\/gpl-love.com\/fr\/produit\/sticky-mini-cart-for-woocommerce\/","title":{"rendered":"Sticky Mini Cart For WooCommerce 1.1.1"},"content":{"rendered":"<h3>Sticky Mini Cart For WooCommerce Traits<\/h3>\n<p>Le mini-panier collant pour WooCommerce est un plugin essentiel qui doit \u00eatre incorpor\u00e9 dans tout magasin de commerce \u00e9lectronique aliment\u00e9 par WooCommerce. Ce plugin remarquable pr\u00e9sente une exp\u00e9rience d&rsquo;achat sans couture et conviviale pour vos pr\u00e9cieux clients, gracieuset\u00e9 de l&rsquo;inclusion d&rsquo;un mini-panier collant sur votre site Web. En mettant en \u0153uvre cette fonctionnalit\u00e9, il permet aux clients de parcourir sans effort leur panier sans avoir besoin de naviguer dans les allers-retours entre diff\u00e9rentes pages. Le Mini Cart pr\u00e9sente efficacement les noms de produits, les quantit\u00e9s et les prix globaux pertinents, tout en accordant aux clients la commodit\u00e9 de pouvoir modifier facilement leur panier directement \u00e0 partir du mini carillon lui-m\u00eame. De plus, le plugin poss\u00e8de un niveau de configurabilit\u00e9 exemplaire, vous offrant la possibilit\u00e9 d&rsquo;adapter la position, le sch\u00e9ma de couleurs et le contenu textuel du mini panier pour s&rsquo;harmoniser parfaitement avec l&rsquo;esth\u00e9tique globale de conception de votre site Web. Gr\u00e2ce \u00e0 l&rsquo;int\u00e9gration du Mini Cart Sticky pour WooCommerce, vous pourrez s\u00fbrement augmenter consid\u00e9rablement l&rsquo;exp\u00e9rience d&rsquo;achat de vos clients, conduisant ainsi \u00e0 une augmentation notable de vos chiffres de vente.<\/p>\n<ul>\n<li>MINI CANCE COMPACT ET Efficace pour les sites Web propuls\u00e9s par WooCommerce<\/li>\n<li>Peut \u00eatre facilement install\u00e9 et int\u00e9gr\u00e9 \u00e0 la conception existante de votre site<\/li>\n<li>Utilise des fonctionnalit\u00e9s collantes pour rester visible et accessible aux utilisateurs lorsqu&rsquo;ils naviguent<\/li>\n<li>Montre aux utilisateurs un aper\u00e7u rapide de leur contenu de panier d&rsquo;achat avec des images, des noms de produits et des informations sur les prix<\/li>\n<li>Permet aux utilisateurs de visualiser leur panier, de mettre \u00e0 jour les quantit\u00e9s et de supprimer les articles sans avoir \u00e0 naviguer loin de leur page actuelle<\/li>\n<li>Aide \u00e0 r\u00e9duire l&rsquo;abandon des chariots et \u00e0 augmenter les conversions en gardant le chariot devant l&rsquo;attention des utilisateurs \u00e0 tout moment<\/li>\n<li>Options de conception et de placement personnalisables pour correspondre \u00e0 la marque et \u00e0 l&rsquo;esth\u00e9tique visuelle de votre site<\/li>\n<li>Compatible avec les th\u00e8mes et plugins WordPress populaires pour une int\u00e9gration transparente avec votre site<\/li>\n<li>Fournit une exp\u00e9rience d&rsquo;achat conviviale et pratique pour les clients, aidant \u00e0 stimuler les ventes et \u00e0 stimuler la satisfaction des clients.<\/li>\n<\/ul>\n","protected":false},"excerpt":{"rendered":"<p>Le mini-panier collant pour WooCommerce est un plugin extr\u00eamement pratique et fonctionnel qui offre aux utilisateurs la capacit\u00e9 sans effort pour surveiller et acc\u00e9der constamment \u00e0 leur panier. Gr\u00e2ce \u00e0 sa conception extr\u00eamement \u00e9l\u00e9gante et compacte, le Mini Cart s&rsquo;int\u00e8gre parfaitement dans tout site Web compatible WooCommerce et conserve sa position sur la page \u00e0 mesure que les utilisateurs naviguent. Cette fonctionnalit\u00e9 remarquable permet aux clients de parcourir et de modifier sans effort leurs articles de panier, de continuer de mani\u00e8re transparente \u00e0 faire du shopping ou de passer \u00e0 la caisse, le tout sans avoir besoin de naviguer loin de leur page actuelle. Sans aucun doute, le Mini Cart Sticky est un atout indispensable pour toute boutique en ligne s&rsquo;effor\u00e7ant d&rsquo;\u00e9lever l&rsquo;exp\u00e9rience d&rsquo;achat de leurs clients tout en renfor\u00e7ant simultan\u00e9ment leurs chiffres de vente.<\/p>\n","protected":false},"featured_media":145327,"comment_status":"open","ping_status":"open","template":"","meta":[],"product_brand":[2435],"product_cat":[1182,1223,1181],"product_tag":[1231],"class_list":{"0":"post-113616","1":"product","2":"type-product","3":"status-publish","4":"has-post-thumbnail","6":"product_brand-codecanyon","7":"product_cat-commerce-electronique-plugins","8":"product_cat-personnalisation-commerce-electronique-plugins","9":"product_cat-plugins","10":"product_tag-codecanyon","11":"member-discount","12":"discount-restricted","14":"first","15":"instock","16":"sale","17":"downloadable","18":"virtual","19":"sold-individually","20":"purchasable","21":"product-type-simple"},"_links":{"self":[{"href":"https:\/\/gpl-love.com\/fr\/wp-json\/wp\/v2\/product\/113616","targetHints":{"allow":["GET"]}}],"collection":[{"href":"https:\/\/gpl-love.com\/fr\/wp-json\/wp\/v2\/product"}],"about":[{"href":"https:\/\/gpl-love.com\/fr\/wp-json\/wp\/v2\/types\/product"}],"replies":[{"embeddable":true,"href":"https:\/\/gpl-love.com\/fr\/wp-json\/wp\/v2\/comments?post=113616"}],"wp:featuredmedia":[{"embeddable":true,"href":"https:\/\/gpl-love.com\/fr\/wp-json\/wp\/v2\/media\/145327"}],"wp:attachment":[{"href":"https:\/\/gpl-love.com\/fr\/wp-json\/wp\/v2\/media?parent=113616"}],"wp:term":[{"taxonomy":"product_brand","embeddable":true,"href":"https:\/\/gpl-love.com\/fr\/wp-json\/wp\/v2\/product_brand?post=113616"},{"taxonomy":"product_cat","embeddable":true,"href":"https:\/\/gpl-love.com\/fr\/wp-json\/wp\/v2\/product_cat?post=113616"},{"taxonomy":"product_tag","embeddable":true,"href":"https:\/\/gpl-love.com\/fr\/wp-json\/wp\/v2\/product_tag?post=113616"}],"curies":[{"name":"wp","href":"https:\/\/api.w.org\/{rel}","templated":true}]}}