{"id":113614,"date":"2021-07-19T00:00:00","date_gmt":"2021-07-18T22:00:00","guid":{"rendered":"http:\/\/gpl-love.com\/fr\/produit\/stack-multipurpose-wordpress-theme\/"},"modified":"2026-04-10T18:40:27","modified_gmt":"2026-04-10T16:40:27","slug":"stack-multipurpose-wordpress-theme","status":"publish","type":"product","link":"https:\/\/gpl-love.com\/fr\/produit\/stack-multipurpose-wordpress-theme\/","title":{"rendered":"Stack MultiPurpose WordPress Theme 10.6.3"},"content":{"rendered":"<h3>Stack MultiPurpose WordPress Theme Traits<\/h3>\n<p>Le th\u00e8me WordPress multipurpose Stack est un th\u00e8me extr\u00eamement polyvalent et hautement personnalisable qui s&rsquo;adresse \u00e0 une gamme diversifi\u00e9e de types de sites Web. B\u00e9n\u00e9ficiant d&rsquo;un design propre et contemporain, ce th\u00e8me est vraiment id\u00e9al pour une pl\u00e9thore de fins, y compris, mais sans s&rsquo;y limiter, les entreprises, les portefeuilles, les blogs, etc. Ce qui distingue ce th\u00e8me des autres, c&rsquo;est sa vaste s\u00e9lection de dispositions pr\u00e9-con\u00e7ues qui peuvent \u00eatre adapt\u00e9es sans effort pour r\u00e9pondre \u00e0 vos exigences sp\u00e9cifiques. En outre, il offre un constructeur de pages de glisser-d\u00e9poser incroyablement robuste, \u00e9liminant la n\u00e9cessit\u00e9 de toute connaissance du codage afin de fa\u00e7onner des pages sur mesure. En plus de son interface conviviale, le th\u00e8me WordPress multipurpose de pile excelle \u00e9galement dans sa conception r\u00e9active, son int\u00e9gration de WooCommerce sans couture, son optimisation de r\u00e9f\u00e9rencement impeccable et une myriade d&rsquo;options de personnalisation, ce qui le rend le choix ultime pour les personnes cherchant \u00e0 \u00e9laborer un polissage et fortement site Web fonctionnel.<\/p>\n<ul>\n<li>Conception r\u00e9active, parfaite pour la visualisation sur n&rsquo;importe quel appareil ou taille d&rsquo;\u00e9cran<\/li>\n<li>Plusieurs dispositions de page d&rsquo;accueil et de page int\u00e9rieures pr\u00e9d\u00e9finies au choix<\/li>\n<li>Personnalisable avec un g\u00e9n\u00e9rateur de page de glisser-d\u00e9poser facile \u00e0 utiliser<\/li>\n<li>SEO optimis\u00e9 pour maximiser la visibilit\u00e9 et le classement sur les moteurs de recherche<\/li>\n<li>WooCommerce pr\u00eat pour une int\u00e9gration facile avec une boutique en ligne<\/li>\n<li>Ic\u00f4nes et graphiques haute r\u00e9solution pour un look et une sensation professionnelles<\/li>\n<li>Int\u00e9gration Google des polices pour les options de typographie sans fin<\/li>\n<li>Mises \u00e0 jour r\u00e9guli\u00e8res et soutien de l&rsquo;\u00e9quipe pour une am\u00e9lioration et une compatibilit\u00e9 continues<\/li>\n<li>Traduction pr\u00eat pour une utilisation dans plusieurs langues diff\u00e9rentes<\/li>\n<li>Documentation approfondie et support client pour une exp\u00e9rience de cr\u00e9ation de site Web sans couture<\/li>\n<\/ul>\n","protected":false},"excerpt":{"rendered":"<p>Bienvenue \u00e0 l&rsquo;introduction de la contribution, un th\u00e8me WordPress polyvalent vraiment exceptionnel et tr\u00e8s adaptable m\u00e9ticuleusement con\u00e7u pour r\u00e9pondre \u00e0 toutes vos exigences de d\u00e9veloppement Web. B\u00e9n\u00e9ficiant d&rsquo;une conception immacul\u00e9e et de pointe, la contribution est un r\u00eave absolu pour tout site Web imaginable, que ce soit pour les entreprises, les soci\u00e9t\u00e9s ou m\u00eame les fins personnelles et artistiques. La puissance du constructeur de pile vous permet de vous permettre de possibilit\u00e9s illimit\u00e9es de personnalisation et de mise en page, vous permettant de vraiment faire de votre site Web un chef-d&rsquo;\u0153uvre unique. De plus, soyez assur\u00e9 que votre site Web s&rsquo;adaptera sans effort et sera \u00e9tonnant sur tous les appareils, gr\u00e2ce \u00e0 la r\u00e9activit\u00e9 compl\u00e8te de l&rsquo;Entar. De plus, la contribution comprend g\u00e9n\u00e9reusement une pl\u00e9thore de mod\u00e8les et de fonctionnalit\u00e9s pr\u00e9d\u00e9finis qui vous laisseront stup\u00e9fait, vous permettant d&rsquo;int\u00e9grer de mani\u00e8re transparente les fonctionnalit\u00e9s de commerce \u00e9lectronique, d&rsquo;optimiser votre site Web pour les moteurs de recherche et d&rsquo;int\u00e9grer sans effort les m\u00e9dias sociaux dans votre pr\u00e9sence en ligne. Embrassez l&rsquo;avenir du d\u00e9veloppement Web aujourd&rsquo;hui et \u00e9levez votre site Web \u00e0 des hauteurs sans pr\u00e9c\u00e9dent avec la brillance in\u00e9gal\u00e9e de la contribution.<\/p>\n","protected":false},"featured_media":145320,"comment_status":"open","ping_status":"open","template":"","meta":[],"product_brand":[2433],"product_cat":[1214,1212,1213],"product_tag":[1366],"class_list":{"0":"post-113614","1":"product","2":"type-product","3":"status-publish","4":"has-post-thumbnail","6":"product_brand-themeforest","7":"product_cat-polyvalent","8":"product_cat-themes","9":"product_cat-wordpress-themes","10":"product_tag-themeforest","11":"member-discount","12":"discount-restricted","14":"first","15":"instock","16":"sale","17":"downloadable","18":"virtual","19":"sold-individually","20":"purchasable","21":"product-type-simple"},"_links":{"self":[{"href":"https:\/\/gpl-love.com\/fr\/wp-json\/wp\/v2\/product\/113614","targetHints":{"allow":["GET"]}}],"collection":[{"href":"https:\/\/gpl-love.com\/fr\/wp-json\/wp\/v2\/product"}],"about":[{"href":"https:\/\/gpl-love.com\/fr\/wp-json\/wp\/v2\/types\/product"}],"replies":[{"embeddable":true,"href":"https:\/\/gpl-love.com\/fr\/wp-json\/wp\/v2\/comments?post=113614"}],"wp:featuredmedia":[{"embeddable":true,"href":"https:\/\/gpl-love.com\/fr\/wp-json\/wp\/v2\/media\/145320"}],"wp:attachment":[{"href":"https:\/\/gpl-love.com\/fr\/wp-json\/wp\/v2\/media?parent=113614"}],"wp:term":[{"taxonomy":"product_brand","embeddable":true,"href":"https:\/\/gpl-love.com\/fr\/wp-json\/wp\/v2\/product_brand?post=113614"},{"taxonomy":"product_cat","embeddable":true,"href":"https:\/\/gpl-love.com\/fr\/wp-json\/wp\/v2\/product_cat?post=113614"},{"taxonomy":"product_tag","embeddable":true,"href":"https:\/\/gpl-love.com\/fr\/wp-json\/wp\/v2\/product_tag?post=113614"}],"curies":[{"name":"wp","href":"https:\/\/api.w.org\/{rel}","templated":true}]}}