{"id":113610,"date":"2025-10-14T00:00:00","date_gmt":"2025-10-13T22:00:00","guid":{"rendered":"http:\/\/gpl-love.com\/fr\/produit\/wpbakery-page-builder-clipboard\/"},"modified":"2026-03-20T23:51:01","modified_gmt":"2026-03-20T22:51:01","slug":"wpbakery-page-builder-clipboard","status":"publish","type":"product","link":"https:\/\/gpl-love.com\/fr\/produit\/wpbakery-page-builder-clipboard\/","title":{"rendered":"WPBakery Page Builder Clipboard 5.0.8"},"content":{"rendered":"<h3>WPBakery Page Builder Clipboard Traits<\/h3>\n<p>Le presse-papiers WPBakery Page Builder, qui est un plugin d&rsquo;immense puissance et de convivialit\u00e9, offre la capacit\u00e9 inestimable de permettre aux utilisateurs de copier, coller sans effort et pr\u00e9server divers \u00e9l\u00e9ments de page et contenu dans la plate-forme WPBakery Page Builder. Au moyen de ce presse-papiers de pointe, les individus re\u00e7oivent la capacit\u00e9 remarquable de reproduire et de r\u00e9utiliser rapidement des structures de pages complexes ou des composants individuels, y compris, mais sans s&rsquo;y limiter . De plus, cet outil remarquable sert \u00e9galement de moyen tr\u00e8s pratique d&rsquo;organiser et de stocker des contenus, des dispositions et des actifs de conception fr\u00e9quemment utilis\u00e9s, facilitant ainsi consid\u00e9rablement le processus de rationalisation de son flux de travail et d&rsquo;acc\u00e9l\u00e9rer le d\u00e9veloppement global des sites Web. Que l&rsquo;on s&rsquo;identifie comme un concepteur Web, un d\u00e9veloppeur ou un cr\u00e9ateur de contenu, il est indubitablement imp\u00e9ratif de poss\u00e9der le presse-papiers WPBakery Page Builder comme une ressource indispensable, car il poss\u00e8de le potentiel in\u00e9gal\u00e9 pour \u00e9conomiser un temps substantiel et att\u00e9nuer les tracles inutiles, tous, tous le tout en assurant la cr\u00e9ation de pages Web visuellement \u00e9tonnantes et supr\u00eamement fonctionnelles.<\/p>\n<ul>\n<li>Le presse-papiers WPBAKERY Page Builder est un outil de sauvetage dans le temps qui rationalise votre processus de cr\u00e9ation de pages.<\/li>\n<li>Avec les commandes de copie et de collage simples, vous pouvez dupliquer ou r\u00e9organiser sans effort les \u00e9l\u00e9ments de votre site.<\/li>\n<li>Dites adieu aux ajustements manuels fastidieux et concentrez-vous sur ce qui compte vraiment &#8211; cr\u00e9er des conceptions fonctionnelles et fonctionnelles.<\/li>\n<li>Ce presse-papiers est enti\u00e8rement int\u00e9gr\u00e9 \u00e0 l&rsquo;interface WPBakery Page Builder, vous pouvez donc y acc\u00e9der directement depuis votre tableau de bord d&rsquo;\u00e9dition.<\/li>\n<li>Vous pouvez \u00e9galement l&rsquo;utiliser sur plusieurs pages, ce qui vous permet d&rsquo;\u00e9conomiser encore plus de temps et d&rsquo;efforts.<\/li>\n<li>Le presse-papiers WPBakery Page Builder est compatible avec tous les navigateurs populaires, garantissant des performances lisses et fiables.<\/li>\n<li>Ce produit est livr\u00e9 avec une interface conviviale qui est facile \u00e0 naviguer, ce qui le rend pratique pour les d\u00e9butants et les utilisateurs avanc\u00e9s.<\/li>\n<li>Obtenez le presse-papiers WPBAKERY Page Builder d\u00e8s aujourd&rsquo;hui et commencez \u00e0 profiter d&rsquo;une construction de pages plus rationalis\u00e9e et efficace!<\/li>\n<\/ul>\n","protected":false},"excerpt":{"rendered":"<p>Le presse-papiers de page WPBAKERY, un outil tr\u00e8s efficace, a \u00e9t\u00e9 ing\u00e9nieusement d\u00e9velopp\u00e9 pour aider \u00e0 l&rsquo;optimisation de votre processus de cr\u00e9ation de contenu. En utilisant ce plugin exceptionnel, vous pourrez dupliquer sans effort et transf\u00e9rer vos \u00e9l\u00e9ments et mod\u00e8les de contenu \u00e0 de nombreuses pages et articles, \u00e9liminant la t\u00e2che fastidieuse de commencer \u00e0 z\u00e9ro \u00e0 chaque fois. Que vous soyez engag\u00e9 dans une entreprise de conception de sites Web \u00e0 multiples facettes ou un simple article de blog, WPBakery Page Builder Clipsarboard garantit une am\u00e9lioration sans pr\u00e9c\u00e9dent de la vitesse et de l&rsquo;efficacit\u00e9 de votre flux de travail. Ne perdez pas de temps et lancez cette exp\u00e9rience transformatrice aujourd&rsquo;hui, \u00e9levant vos prouesses de cr\u00e9ation de contenu \u00e0 des hauteurs sans pr\u00e9c\u00e9dent!<\/p>\n","protected":false},"featured_media":146231,"comment_status":"open","ping_status":"open","template":"","meta":[],"product_brand":[2435],"product_cat":[1189,1181,1186],"product_tag":[1231],"class_list":{"0":"post-113610","1":"product","2":"type-product","3":"status-publish","4":"has-post-thumbnail","6":"product_brand-codecanyon","7":"product_cat-personnalisation","8":"product_cat-plugins","9":"product_cat-wordpress-plugins","10":"product_tag-codecanyon","11":"member-discount","12":"discount-restricted","14":"first","15":"instock","16":"sale","17":"downloadable","18":"virtual","19":"sold-individually","20":"purchasable","21":"product-type-simple"},"_links":{"self":[{"href":"https:\/\/gpl-love.com\/fr\/wp-json\/wp\/v2\/product\/113610","targetHints":{"allow":["GET"]}}],"collection":[{"href":"https:\/\/gpl-love.com\/fr\/wp-json\/wp\/v2\/product"}],"about":[{"href":"https:\/\/gpl-love.com\/fr\/wp-json\/wp\/v2\/types\/product"}],"replies":[{"embeddable":true,"href":"https:\/\/gpl-love.com\/fr\/wp-json\/wp\/v2\/comments?post=113610"}],"wp:featuredmedia":[{"embeddable":true,"href":"https:\/\/gpl-love.com\/fr\/wp-json\/wp\/v2\/media\/146231"}],"wp:attachment":[{"href":"https:\/\/gpl-love.com\/fr\/wp-json\/wp\/v2\/media?parent=113610"}],"wp:term":[{"taxonomy":"product_brand","embeddable":true,"href":"https:\/\/gpl-love.com\/fr\/wp-json\/wp\/v2\/product_brand?post=113610"},{"taxonomy":"product_cat","embeddable":true,"href":"https:\/\/gpl-love.com\/fr\/wp-json\/wp\/v2\/product_cat?post=113610"},{"taxonomy":"product_tag","embeddable":true,"href":"https:\/\/gpl-love.com\/fr\/wp-json\/wp\/v2\/product_tag?post=113610"}],"curies":[{"name":"wp","href":"https:\/\/api.w.org\/{rel}","templated":true}]}}