{"id":113604,"date":"2026-03-16T00:00:00","date_gmt":"2026-03-15T23:00:00","guid":{"rendered":"http:\/\/gpl-love.com\/fr\/produit\/woocommerce-quick-view-pro\/"},"modified":"2026-04-10T18:48:18","modified_gmt":"2026-04-10T16:48:18","slug":"woocommerce-quick-view-pro","status":"publish","type":"product","link":"https:\/\/gpl-love.com\/fr\/produit\/woocommerce-quick-view-pro\/","title":{"rendered":"WooCommerce Quick View Pro 1.7.16"},"content":{"rendered":"<h3>WooCommerce Quick View Pro Traits<\/h3>\n<p>WooCommerce Quick View Pro, un plugin remarquablement robuste, sert \u00e0 enrichir l&rsquo;exp\u00e9rience utilisateur sur les sites Web WooCommerce gr\u00e2ce \u00e0 la fourniture d&rsquo;une fonctionnalit\u00e9 de vue rapide pour les produits. Cette fonctionnalit\u00e9 remarquable accorde aux clients la possibilit\u00e9 de voir les d\u00e9tails complexes du produit sans avoir besoin de s&rsquo;aventurer loin de leur page actuelle, un attribut qui engendre invariablement des \u00e9conomies de temps et augmente la probabilit\u00e9 de conversions. En outre, ce plugin exceptionnel profite \u00e0 une pl\u00e9thore d&rsquo;options de personnalisation, offrant aux utilisateurs la libert\u00e9 de cueillir \u00e0 la main les informations sp\u00e9cifiques du produit \u00e0 montrer dans la fen\u00eatre contextuelle rapide. B\u00e9n\u00e9ficiant d&rsquo;une interface tr\u00e8s intuitive et d&rsquo;une int\u00e9gration transparente avec la plate-forme WooCommerce, Quick View Pro \u00e9merge sans aucun doute comme un outil indispensable pour tout \u00e9tablissement en ligne exigeant d\u00e9sirant d&rsquo;am\u00e9liorer leur exp\u00e9rience client.<\/p>\n<ul>\n<li>Fournit un moyen rapide et facile pour les clients de visualiser les d\u00e9tails du produit sans quitter la page actuelle<\/li>\n<li>La conception r\u00e9active garantit la compatibilit\u00e9 avec tous les appareils<\/li>\n<li>Peut \u00eatre personnalis\u00e9 avec une vari\u00e9t\u00e9 d&rsquo;options pour correspondre \u00e0 l&rsquo;apparence de votre site Web<\/li>\n<li>Comprend des options pour ajouter des variations de produits, des produits connexes et m\u00eame un bouton d&rsquo;appel \u00e0 l&rsquo;action<\/li>\n<li>Peut \u00eatre utilis\u00e9 avec n&rsquo;importe quel th\u00e8me qui prend en charge WooCommerce<\/li>\n<li>Installation et configuration faciles, aucun codage requis<\/li>\n<li>Gave le temps et am\u00e9liore l&rsquo;exp\u00e9rience utilisateur, conduisant \u00e0 une augmentation des ventes<\/li>\n<li>Choisissez parmi une vari\u00e9t\u00e9 d&rsquo;options de mise en page et de conception, y compris une fen\u00eatre contextuelle ou un affichage en ligne<\/li>\n<li>Prend en charge plusieurs langues et devises pour les clients internationaux<\/li>\n<li>Synchronisation automatique avec WooCommerce, garantissant des informations \u00e0 jour sur les produits.<\/li>\n<\/ul>\n","protected":false},"excerpt":{"rendered":"<p>Le WooCommerce Quick View Pro, une extension extraordinairement robuste, a \u00e9t\u00e9 ing\u00e9nieusement con\u00e7u pour augmenter consid\u00e9rablement l&rsquo;exp\u00e9rience d&rsquo;achat des clients sur votre magasin WooCommerce. Avec un seul clic sans effort, les clients sont habilement autoris\u00e9s \u00e0 parcourir sans effort et \u00e0 \u00e9valuer avec diligence les d\u00e9tails approfondis du produit, prenant ainsi rapidement des d\u00e9cisions d&rsquo;achat astucieuses, tout en restant fermement install\u00e9s dans les limites de la page principale. Cet outil rapide et remarquablement convivial sert \u00e0 \u00e9conomiser efficacement le temps inestimable des acheteurs, propulsant simultan\u00e9ment les taux de conversion de votre magasin en hauteurs sans pr\u00e9c\u00e9dent. De plus, le WooCommerce Quick View Pro poss\u00e8de fi\u00e8rement sa nature enti\u00e8rement personnalisable et son support in\u00e9branlable pour les nuances complexes associ\u00e9es aux variations WooCommerce, ce qui le rend la panac\u00e9e par excellence et sans pr\u00e9c\u00e9dent pour tout propri\u00e9taire de magasin en ligne exigeant.<\/p>\n","protected":false},"featured_media":146002,"comment_status":"open","ping_status":"open","template":"","meta":[],"product_brand":[2518],"product_cat":[1182,1223,1181],"product_tag":[1619],"class_list":{"0":"post-113604","1":"product","2":"type-product","3":"status-publish","4":"has-post-thumbnail","6":"product_brand-barn2","7":"product_cat-commerce-electronique-plugins","8":"product_cat-personnalisation-commerce-electronique-plugins","9":"product_cat-plugins","10":"product_tag-barn2","11":"member-discount","12":"discount-restricted","14":"first","15":"instock","16":"sale","17":"downloadable","18":"virtual","19":"sold-individually","20":"purchasable","21":"product-type-simple"},"_links":{"self":[{"href":"https:\/\/gpl-love.com\/fr\/wp-json\/wp\/v2\/product\/113604","targetHints":{"allow":["GET"]}}],"collection":[{"href":"https:\/\/gpl-love.com\/fr\/wp-json\/wp\/v2\/product"}],"about":[{"href":"https:\/\/gpl-love.com\/fr\/wp-json\/wp\/v2\/types\/product"}],"replies":[{"embeddable":true,"href":"https:\/\/gpl-love.com\/fr\/wp-json\/wp\/v2\/comments?post=113604"}],"wp:featuredmedia":[{"embeddable":true,"href":"https:\/\/gpl-love.com\/fr\/wp-json\/wp\/v2\/media\/146002"}],"wp:attachment":[{"href":"https:\/\/gpl-love.com\/fr\/wp-json\/wp\/v2\/media?parent=113604"}],"wp:term":[{"taxonomy":"product_brand","embeddable":true,"href":"https:\/\/gpl-love.com\/fr\/wp-json\/wp\/v2\/product_brand?post=113604"},{"taxonomy":"product_cat","embeddable":true,"href":"https:\/\/gpl-love.com\/fr\/wp-json\/wp\/v2\/product_cat?post=113604"},{"taxonomy":"product_tag","embeddable":true,"href":"https:\/\/gpl-love.com\/fr\/wp-json\/wp\/v2\/product_tag?post=113604"}],"curies":[{"name":"wp","href":"https:\/\/api.w.org\/{rel}","templated":true}]}}