{"id":113600,"date":"2026-04-16T00:00:00","date_gmt":"2026-04-15T22:00:00","guid":{"rendered":"http:\/\/gpl-love.com\/fr\/produit\/workreap-freelance-marketplace-et-directory-wordpress-theme\/"},"modified":"2026-04-17T00:31:22","modified_gmt":"2026-04-16T22:31:22","slug":"workreap-freelance-marketplace-et-directory-wordpress-theme","status":"publish","type":"product","link":"https:\/\/gpl-love.com\/fr\/produit\/workreap-freelance-marketplace-et-directory-wordpress-theme\/","title":{"rendered":"Workreap Freelance Marketplace et Directory WordPress Theme 3.4.5"},"content":{"rendered":"<h3>Workreap Freelance Marketplace et Directory WordPress Theme Traits<\/h3>\n<p>Le march\u00e9 Freelance Workreap et le th\u00e8me WordPress du r\u00e9pertoire se pr\u00e9sente comme une solution extr\u00eamement compl\u00e8te et multiforme, servant de plate-forme tout compris r\u00e9pondant aux besoins des pigistes et des clients. Ce th\u00e8me remarquable poss\u00e8de un \u00e9ventail impressionnant de fonctionnalit\u00e9s, notamment, mais sans s&rsquo;y limiter, les ench\u00e8res de projet, un syst\u00e8me de paiement d&rsquo;entiercement hautement s\u00e9curis\u00e9, un syst\u00e8me de messagerie efficace et transparent, des profils d&rsquo;utilisateurs complexes et d\u00e9taill\u00e9s et une pl\u00e9thore d&rsquo;autres fonctions qui contribuent \u00e0 la polyvalence du th\u00e8me. En outre, la nature conviviale du th\u00e8me et la personnalisation compl\u00e8te en font un choix impeccable pour les individus, quel que soit leur niveau de comp\u00e9tence, que ce soit des novices ou des utilisateurs adeptes. Avec WorkReap \u00e0 votre disposition, on peut sans effort \u00e9tablir et cultiver un march\u00e9 ind\u00e9pendant professionnel, intuitif et extr\u00eamement convivial, forger des connexions entre les clients exigeants et les pigistes talentueux. Par cons\u00e9quent, pour ceux qui aspirent \u00e0 initier leur propre entreprise ind\u00e9pendante ou \u00e0 augmenter une entreprise existante, le march\u00e9 ind\u00e9pendant de Workreap et le th\u00e8me WordPress du r\u00e9pertoire sont le choix d\u00e9finitif, d\u00e9bordant de potentiels incalculables et de possibilit\u00e9s illustr\u00e9es.<\/p>\n<ul>\n<li>Un th\u00e8me WordPress puissant con\u00e7u sp\u00e9cifiquement pour les march\u00e9s ind\u00e9pendants et les r\u00e9pertoires<\/li>\n<li>Comprend une vari\u00e9t\u00e9 de mod\u00e8les et de dispositions pr\u00e9d\u00e9finies pour une personnalisation facile<\/li>\n<li>Prend en charge \u00e0 la fois des projets \u00e0 prix fixe et \u00e0 base horaire pour les pigistes et les employeurs<\/li>\n<li>Propose un tableau de bord convivial pour g\u00e9rer les projets, les offres et les paiements<\/li>\n<li>Fournit une page de profil d\u00e9taill\u00e9e pour chaque pigiste pour pr\u00e9senter ses comp\u00e9tences et leur exp\u00e9rience<\/li>\n<li>Offre des options de recherche et de filtre avanc\u00e9es pour trouver le pigiste ou le projet parfait<\/li>\n<li>Int\u00e9gr\u00e9 aux passerelles de paiement populaires telles que PayPal et Stripe pour les transactions s\u00e9curis\u00e9es<\/li>\n<li>Prend en charge plusieurs langues et a la compatibilit\u00e9 RTL pour les march\u00e9s internationaux<\/li>\n<li>Offre une conception r\u00e9active optimis\u00e9e pour tous les appareils, y compris le mobile et la tablette<\/li>\n<li>Comprend des mises \u00e0 jour gratuites et un soutien d\u00e9di\u00e9 de l&rsquo;\u00e9quipe de d\u00e9veloppeurs<\/li>\n<\/ul>\n","protected":false},"excerpt":{"rendered":"<p>WorkReap, un th\u00e8me WordPress \u00e0 la fois puissant et riche en fonctionnalit\u00e9s, a \u00e9t\u00e9 sp\u00e9cialement con\u00e7u pour les march\u00e9s ind\u00e9pendants et les r\u00e9pertoires. Il poss\u00e8de un design \u00e9l\u00e9gant et professionnel, permettant la cr\u00e9ation d&rsquo;une plate-forme o\u00f9 les pigistes et les clients peuvent se connecter, mettre en valeur leurs comp\u00e9tences et leur expertise et participer activement \u00e0 des opportunit\u00e9s de travail. En plus de son apparence visuellement attrayante, WorkReap propose un large \u00e9ventail d&rsquo;outils et de fonctionnalit\u00e9s, tels que la gestion du profil utilisateur, les listes d&#8217;emplois, un syst\u00e8me d&rsquo;enseignement et d&rsquo;entiercement, les capacit\u00e9s de gestion de projet, les notifications et de nombreuses autres fonctionnalit\u00e9s. En offrant une exp\u00e9rience intuitive et transparente pour les pigistes et les clients, WorkReap appara\u00eet comme la solution id\u00e9ale pour les personnes cherchant \u00e0 \u00e9tablir un march\u00e9 ind\u00e9pendant prosp\u00e8re ou un site Web d&rsquo;annuaire.<\/p>\n","protected":false},"featured_media":146123,"comment_status":"open","ping_status":"open","template":"","meta":[],"product_brand":[2433],"product_cat":[1516,1212,1213],"product_tag":[1366],"class_list":{"0":"post-113600","1":"product","2":"type-product","3":"status-publish","4":"has-post-thumbnail","6":"product_brand-themeforest","7":"product_cat-entreprise","8":"product_cat-themes","9":"product_cat-wordpress-themes","10":"product_tag-themeforest","11":"member-discount","12":"discount-restricted","14":"first","15":"instock","16":"sale","17":"downloadable","18":"virtual","19":"sold-individually","20":"purchasable","21":"product-type-simple"},"_links":{"self":[{"href":"https:\/\/gpl-love.com\/fr\/wp-json\/wp\/v2\/product\/113600","targetHints":{"allow":["GET"]}}],"collection":[{"href":"https:\/\/gpl-love.com\/fr\/wp-json\/wp\/v2\/product"}],"about":[{"href":"https:\/\/gpl-love.com\/fr\/wp-json\/wp\/v2\/types\/product"}],"replies":[{"embeddable":true,"href":"https:\/\/gpl-love.com\/fr\/wp-json\/wp\/v2\/comments?post=113600"}],"wp:featuredmedia":[{"embeddable":true,"href":"https:\/\/gpl-love.com\/fr\/wp-json\/wp\/v2\/media\/146123"}],"wp:attachment":[{"href":"https:\/\/gpl-love.com\/fr\/wp-json\/wp\/v2\/media?parent=113600"}],"wp:term":[{"taxonomy":"product_brand","embeddable":true,"href":"https:\/\/gpl-love.com\/fr\/wp-json\/wp\/v2\/product_brand?post=113600"},{"taxonomy":"product_cat","embeddable":true,"href":"https:\/\/gpl-love.com\/fr\/wp-json\/wp\/v2\/product_cat?post=113600"},{"taxonomy":"product_tag","embeddable":true,"href":"https:\/\/gpl-love.com\/fr\/wp-json\/wp\/v2\/product_tag?post=113600"}],"curies":[{"name":"wp","href":"https:\/\/api.w.org\/{rel}","templated":true}]}}