{"id":113598,"date":"2022-02-08T00:00:00","date_gmt":"2022-02-07T23:00:00","guid":{"rendered":"http:\/\/gpl-love.com\/fr\/produit\/videopro-video-wordpress-theme\/"},"modified":"2026-04-10T18:44:58","modified_gmt":"2026-04-10T16:44:58","slug":"videopro-video-wordpress-theme","status":"publish","type":"product","link":"https:\/\/gpl-love.com\/fr\/produit\/videopro-video-wordpress-theme\/","title":{"rendered":"VideoPro Video WordPress Theme 2.3.7.6"},"content":{"rendered":"<h3>VideoPro Video WordPress Theme Traits<\/h3>\n<p>Le th\u00e8me Videopro Video WordPress se pr\u00e9sente comme la solution id\u00e9ale pour les individus en possession d&rsquo;un site Web qui cherchent \u00e0 \u00e9tablir une plate-forme captivante et \u00e9blouissante visuellement \u00e9mouvante. Ce th\u00e8me particulier offre une vaste gamme de fonctionnalit\u00e9s robustes qui facilitent consid\u00e9rablement le processus de pr\u00e9sentation efficace de ses vid\u00e9os. En vertu de VideoPro, les utilisateurs peuvent facilement g\u00e9n\u00e9rer des listes de lecture vid\u00e9o personnalis\u00e9es, int\u00e9grer des arri\u00e8re-plans vid\u00e9o dans leur site Web et m\u00eame int\u00e9grer des banni\u00e8res vid\u00e9o et des publicit\u00e9s pour mon\u00e9tiser efficacement leur contenu. De plus, ce th\u00e8me poss\u00e8de une r\u00e9activit\u00e9 compl\u00e8te, garantissant ainsi l&rsquo;apparence optimale du contenu vid\u00e9o sur un appareil donn\u00e9. \u00c9quip\u00e9e d&rsquo;une interface de glisser-d\u00e9poser intuitive et d&rsquo;un assortiment impressionnant d&rsquo;options de personnalisation, le th\u00e8me VideOpro Video WordPress appara\u00eet comme la s\u00e9lection ultime pour les individus souhaitant construire un site Web sans pr\u00e9c\u00e9dent et captivant centr\u00e9 sur la vid\u00e9o.<\/p>\n<ul>\n<li>Lecteur vid\u00e9o personnalisable pour la lecture sans couture<\/li>\n<li>Page de page de glisser-d\u00e9poser intuitive<\/li>\n<li>Conception r\u00e9active pour une visualisation optimale sur n&rsquo;importe quel appareil<\/li>\n<li>Plusieurs mises en page de page d&rsquo;accueil et de blog au choix<\/li>\n<li>Int\u00e9gration avec des plateformes vid\u00e9o populaires telles que YouTube et Vimeo<\/li>\n<li>Options avanc\u00e9es de recherche et de filtrage vid\u00e9o<\/li>\n<li>Outils int\u00e9gr\u00e9s pour mon\u00e9tiser le contenu vid\u00e9o<\/li>\n<li>Int\u00e9gration avec les plateformes de m\u00e9dias sociaux pour un partage facile<\/li>\n<li>Prise en charge de plusieurs langues et plugins de traduction<\/li>\n<li>Documentation en support robuste et support client 24\/7<\/li>\n<\/ul>\n","protected":false},"excerpt":{"rendered":"<p>Le th\u00e8me Videopro Video WordPress, r\u00e9put\u00e9 pour sa puissance exceptionnelle et sa nature conviviale, est m\u00e9ticuleusement con\u00e7u pour les sites Web qui hi\u00e9rarchisent le contenu vid\u00e9o. Sa conception de pointe et tr\u00e8s adaptable permet sans effort l&rsquo;exposition transparente de votre mat\u00e9riel vid\u00e9o, captivant un public plus large. B\u00e9n\u00e9ficiant d&rsquo;un vaste \u00e9ventail d&rsquo;attributs, tels que la possibilit\u00e9 de trouver des vid\u00e9os de plusieurs plates-formes, un lecteur vid\u00e9o enti\u00e8rement personnalisable et l&rsquo;inclusion d&rsquo;annonces vid\u00e9o, ce th\u00e8me est fait sur mesure pour \u00e9lever votre contenu vid\u00e9o \u00e0 des hauteurs sans pr\u00e9c\u00e9dent. Avec sa disposition immacul\u00e9e et contemporaine, Videopro appara\u00eet comme la s\u00e9lection par excellence pour les cr\u00e9ateurs de vid\u00e9os en ligne, les blogueurs et les individus aspirant \u00e0 distinguer leur contenu vid\u00e9o de la foule.<\/p>\n","protected":false},"featured_media":145712,"comment_status":"open","ping_status":"open","template":"","meta":[],"product_brand":[2433],"product_cat":[1242,1212,1213],"product_tag":[1366],"class_list":{"0":"post-113598","1":"product","2":"type-product","3":"status-publish","4":"has-post-thumbnail","6":"product_brand-themeforest","7":"product_cat-creatif","8":"product_cat-themes","9":"product_cat-wordpress-themes","10":"product_tag-themeforest","11":"member-discount","12":"discount-restricted","14":"first","15":"instock","16":"sale","17":"downloadable","18":"virtual","19":"sold-individually","20":"purchasable","21":"product-type-simple"},"_links":{"self":[{"href":"https:\/\/gpl-love.com\/fr\/wp-json\/wp\/v2\/product\/113598","targetHints":{"allow":["GET"]}}],"collection":[{"href":"https:\/\/gpl-love.com\/fr\/wp-json\/wp\/v2\/product"}],"about":[{"href":"https:\/\/gpl-love.com\/fr\/wp-json\/wp\/v2\/types\/product"}],"replies":[{"embeddable":true,"href":"https:\/\/gpl-love.com\/fr\/wp-json\/wp\/v2\/comments?post=113598"}],"wp:featuredmedia":[{"embeddable":true,"href":"https:\/\/gpl-love.com\/fr\/wp-json\/wp\/v2\/media\/145712"}],"wp:attachment":[{"href":"https:\/\/gpl-love.com\/fr\/wp-json\/wp\/v2\/media?parent=113598"}],"wp:term":[{"taxonomy":"product_brand","embeddable":true,"href":"https:\/\/gpl-love.com\/fr\/wp-json\/wp\/v2\/product_brand?post=113598"},{"taxonomy":"product_cat","embeddable":true,"href":"https:\/\/gpl-love.com\/fr\/wp-json\/wp\/v2\/product_cat?post=113598"},{"taxonomy":"product_tag","embeddable":true,"href":"https:\/\/gpl-love.com\/fr\/wp-json\/wp\/v2\/product_tag?post=113598"}],"curies":[{"name":"wp","href":"https:\/\/api.w.org\/{rel}","templated":true}]}}