{"id":113596,"date":"2021-04-07T00:00:00","date_gmt":"2021-04-06T22:00:00","guid":{"rendered":"http:\/\/gpl-love.com\/fr\/produit\/ouioui-multi-vendor-marketplace-elementor-woocommerce-theme\/"},"modified":"2026-04-10T18:35:26","modified_gmt":"2026-04-10T16:35:26","slug":"ouioui-multi-vendor-marketplace-elementor-woocommerce-theme","status":"publish","type":"product","link":"https:\/\/gpl-love.com\/fr\/produit\/ouioui-multi-vendor-marketplace-elementor-woocommerce-theme\/","title":{"rendered":"OuiOui Multi Vendor MarketPlace Elementor WooCommerce Theme 1.3.3"},"content":{"rendered":"<h3>OuiOui Multi Vendor MarketPlace Elementor WooCommerce Theme Traits<\/h3>\n<p>Le th\u00e8me WooCommerce du march\u00e9 multi-fournisseur de Ouii se pr\u00e9sente comme une solution de commerce \u00e9lectronique extr\u00eamement puissante qui est sur mesure pour les entreprises qui aspirent \u00e0 \u00e9tablir un march\u00e9 en ligne r\u00e9silient et dynamique. Ce qui distingue ce th\u00e8me, c&rsquo;est sa remarquable compatibilit\u00e9 avec WooCommerce, permettant aux utilisateurs d&rsquo;amalgamer sans effort les capacit\u00e9s impressionnantes du constructeur de page Elementor, les permettant ainsi de personnaliser de mani\u00e8re transparente leurs magasins virtuels. Une caract\u00e9ristique distinctive de ce th\u00e8me est sa capacit\u00e9 \u00e0 faciliter les fonctionnalit\u00e9s multi-fournisseurs, qui permet aux entreprises d&rsquo;incorporer facilement plusieurs vendeurs sur leur march\u00e9, engendrez ainsi une gamme de produits sensiblement diversifi\u00e9s \u00e0 partir desquels les clients peuvent faire leurs s\u00e9lections. En outre, ce th\u00e8me englobe une multitude d&rsquo;options de paiement et d&rsquo;exp\u00e9dition, sans s&rsquo;y limiter \u00e0 PayPal et Stripe, offrant ainsi aux entreprises la libert\u00e9 de choisir le m\u00e9canisme qui r\u00e9pond le mieux \u00e0 leurs besoins. B\u00e9n\u00e9ficiant d&rsquo;un design \u00e9l\u00e9gant et contemporain, coupl\u00e9 \u00e0 sa fonctionnalit\u00e9 avanc\u00e9e, il est sans \u00e9quivoque \u00e9vident que le th\u00e8me WooCommerce du march\u00e9 multi-fournisseur Ouioui est le choix quintessentiel pour les entreprises d\u00e9sireuses d&rsquo;\u00e9lever leur march\u00e9 en ligne \u00e0 des hauteurs sans pr\u00e9c\u00e9dent.<\/p>\n<ul>\n<li>Un th\u00e8me de march\u00e9 multi-fournisseur enti\u00e8rement r\u00e9actif et personnalisable pour WooCommerce.<\/li>\n<li>Int\u00e9gr\u00e9 avec un puissant \u00e9l\u00e9mentor glisser-d\u00e9poser le constructeur de page.<\/li>\n<li>Livr\u00e9 avec 4 d\u00e9mos pr\u00e9d\u00e9finies avec un design unique pour pr\u00e9senter le march\u00e9.<\/li>\n<li>La page d\u00e9taill\u00e9e, le vendeur unique, le magasin de fournisseurs et la page d&rsquo;accueil sont personnalisables.<\/li>\n<li>Prend en charge WooCommerce -X.X et compatible avec Dokan, WC Marketplace, WCFM Marketplace et Yith WooCommerce Multi fournisseur.<\/li>\n<li>Filtrage dynamique Ajax, panier et liste de souhaits et comparaison de produits.<\/li>\n<li>Plusieurs options de paiement telles que PayPal, Bank Transfer, COD et Stripe.<\/li>\n<li>Design moderne et attrayant avec toutes les caract\u00e9ristiques essentielles dont un march\u00e9 multi-vendeurs a besoin.<\/li>\n<li>Syst\u00e8me d&rsquo;examen et de notation int\u00e9gr\u00e9 pour les vendeurs et les produits.<\/li>\n<li>Conception r\u00e9active mobile avec optimisation SEO compl\u00e8te.<\/li>\n<\/ul>\n","protected":false},"excerpt":{"rendered":"<p>Le th\u00e8me WooCommerce du march\u00e9 multi-fournisseur de Ouii est une solution exceptionnelle et in\u00e9gal\u00e9e qui offre la plate-forme parfaite pour \u00e9tablir un march\u00e9 en ligne formidable et personnalis\u00e9. B\u00e9n\u00e9ficiant d&rsquo;un design sophistiqu\u00e9 et contemporain, ainsi qu&rsquo;une interface utilisateur instinctive, ce th\u00e8me poss\u00e8de la capacit\u00e9 remarquable \u00e0 attirer un plus grand bassin d&rsquo;acheteurs et de vendeurs potentiels, tout en rationalisant et en optimisant simultan\u00e9ment vos op\u00e9rations commerciales. Ce th\u00e8me extraordinaire est \u00e9quip\u00e9 d&rsquo;une multitude de fonctionnalit\u00e9s avanc\u00e9es, telles que l&rsquo;enregistrement des fournisseurs et les fonctionnalit\u00e9s de gestion, les revues compl\u00e8tes des produits et les capacit\u00e9s de notation, les passerelles de paiement hautement s\u00e9curis\u00e9es et une vaste gamme d&rsquo;options de personnalisation. En cons\u00e9quence, le th\u00e8me WooCommerce du march\u00e9 multi-fournisseur ouioui r\u00e9volutionne vraiment le processus de construction d&rsquo;un march\u00e9 en ligne prosp\u00e8re et prosp\u00e8re pour les personnes cherchant \u00e0 atteindre un succ\u00e8s in\u00e9gal\u00e9 dans ce domaine.<\/p>\n","protected":false},"featured_media":144879,"comment_status":"open","ping_status":"open","template":"","meta":[],"product_brand":[2613],"product_cat":[1238,1851,1212],"product_tag":[1885],"class_list":{"0":"post-113596","1":"product","2":"type-product","3":"status-publish","4":"has-post-thumbnail","6":"product_brand-wp-theme-go","7":"product_cat-commerce-electronique-themes","8":"product_cat-entreprise-commerce-electronique-themes","9":"product_cat-themes","10":"product_tag-wp-theme-go","11":"member-discount","12":"discount-restricted","14":"first","15":"instock","16":"sale","17":"downloadable","18":"virtual","19":"sold-individually","20":"purchasable","21":"product-type-simple"},"_links":{"self":[{"href":"https:\/\/gpl-love.com\/fr\/wp-json\/wp\/v2\/product\/113596","targetHints":{"allow":["GET"]}}],"collection":[{"href":"https:\/\/gpl-love.com\/fr\/wp-json\/wp\/v2\/product"}],"about":[{"href":"https:\/\/gpl-love.com\/fr\/wp-json\/wp\/v2\/types\/product"}],"replies":[{"embeddable":true,"href":"https:\/\/gpl-love.com\/fr\/wp-json\/wp\/v2\/comments?post=113596"}],"wp:featuredmedia":[{"embeddable":true,"href":"https:\/\/gpl-love.com\/fr\/wp-json\/wp\/v2\/media\/144879"}],"wp:attachment":[{"href":"https:\/\/gpl-love.com\/fr\/wp-json\/wp\/v2\/media?parent=113596"}],"wp:term":[{"taxonomy":"product_brand","embeddable":true,"href":"https:\/\/gpl-love.com\/fr\/wp-json\/wp\/v2\/product_brand?post=113596"},{"taxonomy":"product_cat","embeddable":true,"href":"https:\/\/gpl-love.com\/fr\/wp-json\/wp\/v2\/product_cat?post=113596"},{"taxonomy":"product_tag","embeddable":true,"href":"https:\/\/gpl-love.com\/fr\/wp-json\/wp\/v2\/product_tag?post=113596"}],"curies":[{"name":"wp","href":"https:\/\/api.w.org\/{rel}","templated":true}]}}