{"id":113594,"date":"2022-01-19T00:00:00","date_gmt":"2022-01-18T23:00:00","guid":{"rendered":"http:\/\/gpl-love.com\/fr\/produit\/metro-minimal-woocommerce-wordpress-theme\/"},"modified":"2026-04-10T18:31:29","modified_gmt":"2026-04-10T16:31:29","slug":"metro-minimal-woocommerce-wordpress-theme","status":"publish","type":"product","link":"https:\/\/gpl-love.com\/fr\/produit\/metro-minimal-woocommerce-wordpress-theme\/","title":{"rendered":"Metro Minimal WooCommerce WordPress Theme 2.0.0"},"content":{"rendered":"<h3>Metro Minimal WooCommerce WordPress Theme Traits<\/h3>\n<p>Le th\u00e8me WordPress WooCommerce Metro Minimal est un th\u00e8me extr\u00eamement con\u00e7u et m\u00e9ticuleusement con\u00e7u qui s&rsquo;adresse aux go\u00fbts exigeants des personnes \u00e0 la recherche d&rsquo;une esth\u00e9tique contemporaine et minimaliste pour leur site Web estim\u00e9. Ce th\u00e8me resplendissant a \u00e9t\u00e9 adapt\u00e9 \u00e0 la plus grande pr\u00e9cision et \u00e0 l&rsquo;ing\u00e9niosit\u00e9 pour s&rsquo;int\u00e9grer de mani\u00e8re transparente au plugin WooCommerce largement acclam\u00e9, facilitant ainsi un processus sans tracas et rationalis\u00e9 dans la cr\u00e9ation d&rsquo;un emporium en ligne dans le but de fournir un assortiment de produits divers. B\u00e9n\u00e9ficiant d&rsquo;un design immacul\u00e9 et \u00e9pur\u00e9, ce th\u00e8me d\u00e9gage une aura de sophistication et de professionnalisme, avec de grandes quantit\u00e9s d&rsquo;espace blanc ornant son paysage virtuel. De plus, le th\u00e8me se targue de sa r\u00e9activit\u00e9 in\u00e9gal\u00e9e, la rendant \u00e9galement \u00e9blouissante dans une vaste gamme d&rsquo;appareils. Pour augmenter davantage son allure, ce chef-d&rsquo;\u0153uvre offre une vaste gamme d&rsquo;options de personnalisation, y compris un spectre in\u00e9puisable de choix de couleurs et un assortiment de dispositions de page d&rsquo;accueil captivantes. Il s&rsquo;ensuit sans \u00e9quivoque que le th\u00e8me WordPress WooCommerce de Metro Minimal Minimal Garge comme une option sans \u00e9quivoque pour ceux qui ont envie d&rsquo;un site Web qui combine \u00e0 la fois le style et la fonctionnalit\u00e9, tout en \u00e9tant g\u00e9rable sans effort et \u00e0 infiniment personnalisable.<\/p>\n<ul>\n<li>Design \u00e9l\u00e9gant et moderne avec une esth\u00e9tique propre et minimaliste<\/li>\n<li>Construit sp\u00e9cifiquement pour WooCommerce et WordPress, offrant une exp\u00e9rience de magasinage intuitive et conviviale<\/li>\n<li>La conception enti\u00e8rement r\u00e9active et adapt\u00e9e aux mobiles garantit que votre magasin a fi\u00e8re allure sur n&rsquo;importe quel appareil<\/li>\n<li>Plusieurs options de disposition de page d&rsquo;accueil pour r\u00e9pondre aux diff\u00e9rents besoins et pr\u00e9f\u00e9rences<\/li>\n<li>Options de personnalisation flexibles, y compris les sch\u00e9mas de couleurs, la typographie et plus<\/li>\n<li>Options avanc\u00e9es de recherche et de filtrage pour aider les clients \u00e0 trouver ce qu&rsquo;ils recherchent rapidement et facilement<\/li>\n<li>Plusieurs options de mise en page de produits, y compris les vues de grille et de liste<\/li>\n<li>Int\u00e9gration avec des passerelles de paiement populaires pour les transactions s\u00e9curis\u00e9es et transparentes<\/li>\n<li>\u00c9quipe d&rsquo;assistance d\u00e9di\u00e9e disponible pour r\u00e9pondre \u00e0 toutes les questions ou fournir une assistance au besoin<\/li>\n<li>Mises \u00e0 jour r\u00e9guli\u00e8res et corrections de bogues pour assurer des performances et une stabilit\u00e9 en cours.<\/li>\n<\/ul>\n","protected":false},"excerpt":{"rendered":"<p>Le th\u00e8me WordPress WooCommerce Metro Minimal Minimal met en valeur une esth\u00e9tique \u00e9l\u00e9gamment con\u00e7ue, moderne et minimaliste qui est id\u00e9ale pour toute boutique en ligne. Ce th\u00e8me est fier de son interface conviviale, ce qui permet la personnalisation sans effort et l&rsquo;ajout de listes de produits. Sp\u00e9cifiquement adapt\u00e9 \u00e0 la plate-forme WooCommerce, le th\u00e8me Metro Minimal comprend une gamme de fonctionnalit\u00e9s essentielles n\u00e9cessaires \u00e0 des ventes en ligne r\u00e9ussies, comme une conception r\u00e9active, une page d&rsquo;accueil personnalisable et des filtres de produit. De plus, ses performances impressionnantes et sa vitesse de charge rapide garantissent que vos clients peuvent profiter d&rsquo;une exp\u00e9rience d&rsquo;achat transparente \u00e0 partir du moment o\u00f9 ils entrent dans votre magasin jusqu&rsquo;\u00e0 l&rsquo;achat du produit. Que votre inventaire se compose d&rsquo;artisanat \u00e0 main ou d&rsquo;\u00e9lectronique haut de gamme, le th\u00e8me Metro Minimal pr\u00e9sente sans effort vos produits de mani\u00e8re sophistiqu\u00e9e et professionnelle.<\/p>\n","protected":false},"featured_media":144539,"comment_status":"open","ping_status":"open","template":"","meta":[],"product_brand":[2433],"product_cat":[1238,1444,1212],"product_tag":[1366],"class_list":{"0":"post-113594","1":"product","2":"type-product","3":"status-publish","4":"has-post-thumbnail","6":"product_brand-themeforest","7":"product_cat-commerce-electronique-themes","8":"product_cat-creatif-commerce-electronique-themes","9":"product_cat-themes","10":"product_tag-themeforest","11":"member-discount","12":"discount-restricted","14":"first","15":"instock","16":"sale","17":"downloadable","18":"virtual","19":"sold-individually","20":"purchasable","21":"product-type-simple"},"_links":{"self":[{"href":"https:\/\/gpl-love.com\/fr\/wp-json\/wp\/v2\/product\/113594","targetHints":{"allow":["GET"]}}],"collection":[{"href":"https:\/\/gpl-love.com\/fr\/wp-json\/wp\/v2\/product"}],"about":[{"href":"https:\/\/gpl-love.com\/fr\/wp-json\/wp\/v2\/types\/product"}],"replies":[{"embeddable":true,"href":"https:\/\/gpl-love.com\/fr\/wp-json\/wp\/v2\/comments?post=113594"}],"wp:featuredmedia":[{"embeddable":true,"href":"https:\/\/gpl-love.com\/fr\/wp-json\/wp\/v2\/media\/144539"}],"wp:attachment":[{"href":"https:\/\/gpl-love.com\/fr\/wp-json\/wp\/v2\/media?parent=113594"}],"wp:term":[{"taxonomy":"product_brand","embeddable":true,"href":"https:\/\/gpl-love.com\/fr\/wp-json\/wp\/v2\/product_brand?post=113594"},{"taxonomy":"product_cat","embeddable":true,"href":"https:\/\/gpl-love.com\/fr\/wp-json\/wp\/v2\/product_cat?post=113594"},{"taxonomy":"product_tag","embeddable":true,"href":"https:\/\/gpl-love.com\/fr\/wp-json\/wp\/v2\/product_tag?post=113594"}],"curies":[{"name":"wp","href":"https:\/\/api.w.org\/{rel}","templated":true}]}}