{"id":113590,"date":"2025-06-02T00:00:00","date_gmt":"2025-06-01T22:00:00","guid":{"rendered":"http:\/\/gpl-love.com\/fr\/produit\/cassio-ajax-portfolio-wordpress-theme\/"},"modified":"2026-03-20T22:58:12","modified_gmt":"2026-03-20T21:58:12","slug":"cassio-ajax-portfolio-wordpress-theme","status":"publish","type":"product","link":"https:\/\/gpl-love.com\/fr\/produit\/cassio-ajax-portfolio-wordpress-theme\/","title":{"rendered":"Cassio AJAX Portfolio WordPress Theme 3.6.0"},"content":{"rendered":"<h3>Cassio AJAX Portfolio WordPress Theme Traits<\/h3>\n<p>Le th\u00e8me WordPress du portefeuille Cassio Ajax se distingue comme un choix exceptionnel lorsqu&rsquo;il s&rsquo;agit de pr\u00e9senter votre travail avec la plus grande \u00e9l\u00e9gance. Ce th\u00e8me particulier r\u00e9pond parfaitement aux besoins des artistes, des photographes et des designers qui aspirent \u00e0 exposer leurs cr\u00e9ations d&rsquo;une mani\u00e8re \u00e9l\u00e9gante et contemporaine. Son portefeuille, propuls\u00e9 par Ajax Technology, offre un avantage distinctif en permettant aux visiteurs de parcourir de mani\u00e8re transparente votre travail sans les tracas des rechargements de page, garantissant ainsi une exp\u00e9rience utilisateur fluide et interactive. De plus, le th\u00e8me propose une fonction de personnalisation conviviale et une large gamme de mod\u00e8les pr\u00e9-con\u00e7us, vous permettant d&rsquo;adapter votre site Web en fonction de votre style et de vos pr\u00e9f\u00e9rences individuelles. De plus, le th\u00e8me WordPress du portefeuille Cassio Ajax est enti\u00e8rement r\u00e9actif et optimis\u00e9 pour les appareils mobiles, garantissant que votre portefeuille sera visuellement captivant et impeccablement structur\u00e9 sur toutes les tailles d&rsquo;\u00e9cran. En conclusion, ce th\u00e8me sert de solution remarquable pour ceux qui cherchent \u00e0 mettre en \u00e9vidence leur travail et \u00e0 \u00e9laborer un site Web de portefeuille vraiment fascinant.<\/p>\n<ul>\n<li>TH\u00c8ME DE WORDPRESS Portfolio professionnel et moderne<\/li>\n<li>Conception r\u00e9active qui s&rsquo;adapte \u00e0 toutes les tailles et appareils d&rsquo;\u00e9cran<\/li>\n<li>Multiages de portefeuilles et styles de portfolio pour pr\u00e9senter votre travail<\/li>\n<li>Mod\u00e8les pr\u00e9d\u00e9finis pour des pages importantes telles que sur, le contact et les services<\/li>\n<li>Prise en charge du chargement de l&rsquo;Ajax pour am\u00e9liorer la vitesse du site Web et l&rsquo;exp\u00e9rience utilisateur<\/li>\n<li>Animations et transitions CSS3 personnalisables pour un int\u00e9r\u00eat visuel suppl\u00e9mentaire<\/li>\n<li>Int\u00e9gration avec des plugins populaires tels que le formulaire de contact 7 et le r\u00e9f\u00e9rencement Yoast<\/li>\n<li>Code propre et bien organis\u00e9 pour une personnalisation et une maintenance faciles<\/li>\n<li>Support client d\u00e9di\u00e9 pour aider \u00e0 tout probl\u00e8me ou questions<\/li>\n<li>Mises \u00e0 jour et am\u00e9liorations r\u00e9guli\u00e8res pour assurer la compatibilit\u00e9 avec les derni\u00e8res versions WordPress et technologies Web.<\/li>\n<\/ul>\n","protected":false},"excerpt":{"rendered":"<p>D\u00e9couvrez le design \u00e9l\u00e9gant et moderne du th\u00e8me WordPress du portefeuille Cassio Ajax! Notre th\u00e8me offre des fonctionnalit\u00e9s r\u00e9volutionnaires de l&rsquo;AJAX, permettant \u00e0 votre site Web de fonctionner en douceur et efficacement, et en am\u00e9liorant l&rsquo;exp\u00e9rience utilisateur globale. Construit sp\u00e9cifiquement pour les sites Web de portefeuille, Cassio prend en charge une gamme de travaux cr\u00e9atifs d&rsquo;artistes, de photographes et d&rsquo;autres professionnels. Ce th\u00e8me WordPress poss\u00e8de une conception propre et minimaliste, garantissant que votre portefeuille se d\u00e9marque sans distractions. De plus, il est r\u00e9actif, s&rsquo;adaptant \u00e0 n&rsquo;importe quelle taille d&rsquo;\u00e9cran pour une visualisation optimale sur tous les appareils. Cr\u00e9ez un portfolio num\u00e9rique impressionnant avec le th\u00e8me WordPress du portefeuille Cassio Ajax!<\/p>\n","protected":false},"featured_media":143367,"comment_status":"open","ping_status":"open","template":"","meta":[],"product_brand":[2433],"product_cat":[1242,1212,1213],"product_tag":[1366],"class_list":{"0":"post-113590","1":"product","2":"type-product","3":"status-publish","4":"has-post-thumbnail","6":"product_brand-themeforest","7":"product_cat-creatif","8":"product_cat-themes","9":"product_cat-wordpress-themes","10":"product_tag-themeforest","11":"member-discount","12":"discount-restricted","14":"first","15":"instock","16":"sale","17":"downloadable","18":"virtual","19":"sold-individually","20":"purchasable","21":"product-type-simple"},"_links":{"self":[{"href":"https:\/\/gpl-love.com\/fr\/wp-json\/wp\/v2\/product\/113590","targetHints":{"allow":["GET"]}}],"collection":[{"href":"https:\/\/gpl-love.com\/fr\/wp-json\/wp\/v2\/product"}],"about":[{"href":"https:\/\/gpl-love.com\/fr\/wp-json\/wp\/v2\/types\/product"}],"replies":[{"embeddable":true,"href":"https:\/\/gpl-love.com\/fr\/wp-json\/wp\/v2\/comments?post=113590"}],"wp:featuredmedia":[{"embeddable":true,"href":"https:\/\/gpl-love.com\/fr\/wp-json\/wp\/v2\/media\/143367"}],"wp:attachment":[{"href":"https:\/\/gpl-love.com\/fr\/wp-json\/wp\/v2\/media?parent=113590"}],"wp:term":[{"taxonomy":"product_brand","embeddable":true,"href":"https:\/\/gpl-love.com\/fr\/wp-json\/wp\/v2\/product_brand?post=113590"},{"taxonomy":"product_cat","embeddable":true,"href":"https:\/\/gpl-love.com\/fr\/wp-json\/wp\/v2\/product_cat?post=113590"},{"taxonomy":"product_tag","embeddable":true,"href":"https:\/\/gpl-love.com\/fr\/wp-json\/wp\/v2\/product_tag?post=113590"}],"curies":[{"name":"wp","href":"https:\/\/api.w.org\/{rel}","templated":true}]}}