{"id":113588,"date":"2025-10-30T00:00:00","date_gmt":"2025-10-29T23:00:00","guid":{"rendered":"http:\/\/gpl-love.com\/fr\/produit\/blogar-blog-magazine-wordpress-theme\/"},"modified":"2026-03-20T22:56:28","modified_gmt":"2026-03-20T21:56:28","slug":"blogar-blog-magazine-wordpress-theme","status":"publish","type":"product","link":"https:\/\/gpl-love.com\/fr\/produit\/blogar-blog-magazine-wordpress-theme\/","title":{"rendered":"Blogar Blog Magazine WordPress Theme 1.3.3"},"content":{"rendered":"<h3>Blogar Blog Magazine WordPress Theme Traits<\/h3>\n<p>Le th\u00e8me du magazine Blogar Blog WordPress est un th\u00e8me WordPress incroyablement polyvalent et de pointe qui r\u00e9pond parfaitement aux besoins des blogueurs, des \u00e9crivains, des journalistes et des magazines en ligne. Il poss\u00e8de une interface pleinement r\u00e9active et pr\u00e9sente un design remarquablement propre et \u00e9l\u00e9gant, ce qui le rend sans effort personnalisable pour s&rsquo;aligner sur l&rsquo;identit\u00e9 de votre marque. Notamment, ce th\u00e8me propose un \u00e9ventail d&rsquo;options de mise en page, garantissant une flexibilit\u00e9 maximale pour votre site Web. De plus, il est m\u00e9ticuleusement optimis\u00e9 \u00e0 des fins d&rsquo;optimisation des moteurs de recherche (SEO) ainsi que pour les vitesses de chargement rapides, garantissant une exp\u00e9rience utilisateur exceptionnelle. De plus, ce th\u00e8me est \u00e9quip\u00e9 d&rsquo;une fonctionnalit\u00e9 ing\u00e9nieuse de partage social int\u00e9gr\u00e9, permettant \u00e0 vos lecteurs de partager sans effort votre contenu captivant sur diverses plateformes de m\u00e9dias sociaux. De plus, le th\u00e8me s&rsquo;int\u00e8gre parfaitement \u00e0 WooCommerce, vous accordant la commodit\u00e9 de l&rsquo;\u00e9tablissement rapidement d&rsquo;une boutique en ligne. Pour am\u00e9liorer encore ses capacit\u00e9s de personnalisation, le th\u00e8me WordPress du magazine Blogar Blog comprend un panneau d&rsquo;options de th\u00e8me puissant, qui vous permet d&rsquo;adapter votre site \u00e0 vos pr\u00e9f\u00e9rences et sp\u00e9cifications pr\u00e9cises. En fin de compte, que vous aspirez \u00e0 commencer un blog ou un magazine en ligne, le th\u00e8me du magazine Blogar Blog WordPress appara\u00eet incontestablement comme un choix exceptionnel qui d\u00e9passera sans aucun doute vos attentes.<\/p>\n<ul>\n<li>Design \u00e9l\u00e9gant et moderne avec une disposition propre<\/li>\n<li>Enti\u00e8rement personnalisable avec plusieurs palettes de couleurs et options de police<\/li>\n<li>Conception r\u00e9active qui s&rsquo;adapte \u00e0 toute taille ou appareil d&rsquo;\u00e9cran<\/li>\n<li>Livr\u00e9 avec 7 dispositions de d\u00e9monstration uniques pour une configuration de site Web facile<\/li>\n<li>Int\u00e9gr\u00e9 aux boutons de partage des m\u00e9dias sociaux pour un partage de contenu facile<\/li>\n<li>Formulaire de contact int\u00e9gr\u00e9 et formulaire d&rsquo;abonnement \u00e0 newsletter pour garder les lecteurs engag\u00e9s<\/li>\n<li>Moteur de recherche optimis\u00e9 pour une meilleure visibilit\u00e9 et un meilleur classement des moteurs de recherche<\/li>\n<li>Prend en charge divers formats de publication, y compris la vid\u00e9o, la galerie et l&rsquo;audio<\/li>\n<li>Compatible avec divers plugins WordPress pour ajouter des fonctionnalit\u00e9s<\/li>\n<li>Documentation compl\u00e8te et support client convivial pour une configuration et un d\u00e9pannage faciles<\/li>\n<\/ul>\n","protected":false},"excerpt":{"rendered":"<p>Pr\u00e9sentez votre contenu cr\u00e9atif avec le th\u00e8me WordPress du magazine Blogar Blog. Ce th\u00e8me WordPress dynamique a \u00e9t\u00e9 sp\u00e9cialement con\u00e7u pour les blogueurs, les \u00e9crivains et les cr\u00e9ateurs de contenu \u00e0 la recherche d&rsquo;une plate-forme esth\u00e9tique et fonctionnelle pour partager leur travail. Il regorge de fonctionnalit\u00e9s pr\u00e9cieuses, y compris une disposition hautement personnalisable, une conception r\u00e9active et des outils conviviaux. Le th\u00e8me Blogar offre une exp\u00e9rience immersive avec ses visuels \u00e9tonnants et ses interface intuitive. Les utilisateurs peuvent naviguer sans effort dans votre contenu, am\u00e9liorant leur engagement et leur interaction. Son design robuste assure \u00e9galement des performances optimales sur tous les appareils, offrant une exp\u00e9rience de navigation transparente pour votre public. Stimulez votre pr\u00e9sence en ligne et captez l&rsquo;attention de votre public avec le th\u00e8me WordPress du magazine Blogar Blog.<\/p>\n","protected":false},"featured_media":143253,"comment_status":"open","ping_status":"open","template":"","meta":[],"product_brand":[2433],"product_cat":[1220,1212,1213],"product_tag":[1366],"class_list":{"0":"post-113588","1":"product","2":"type-product","3":"status-publish","4":"has-post-thumbnail","6":"product_brand-themeforest","7":"product_cat-blog-magazine","8":"product_cat-themes","9":"product_cat-wordpress-themes","10":"product_tag-themeforest","11":"member-discount","12":"discount-restricted","14":"first","15":"instock","16":"sale","17":"downloadable","18":"virtual","19":"sold-individually","20":"purchasable","21":"product-type-simple"},"_links":{"self":[{"href":"https:\/\/gpl-love.com\/fr\/wp-json\/wp\/v2\/product\/113588","targetHints":{"allow":["GET"]}}],"collection":[{"href":"https:\/\/gpl-love.com\/fr\/wp-json\/wp\/v2\/product"}],"about":[{"href":"https:\/\/gpl-love.com\/fr\/wp-json\/wp\/v2\/types\/product"}],"replies":[{"embeddable":true,"href":"https:\/\/gpl-love.com\/fr\/wp-json\/wp\/v2\/comments?post=113588"}],"wp:featuredmedia":[{"embeddable":true,"href":"https:\/\/gpl-love.com\/fr\/wp-json\/wp\/v2\/media\/143253"}],"wp:attachment":[{"href":"https:\/\/gpl-love.com\/fr\/wp-json\/wp\/v2\/media?parent=113588"}],"wp:term":[{"taxonomy":"product_brand","embeddable":true,"href":"https:\/\/gpl-love.com\/fr\/wp-json\/wp\/v2\/product_brand?post=113588"},{"taxonomy":"product_cat","embeddable":true,"href":"https:\/\/gpl-love.com\/fr\/wp-json\/wp\/v2\/product_cat?post=113588"},{"taxonomy":"product_tag","embeddable":true,"href":"https:\/\/gpl-love.com\/fr\/wp-json\/wp\/v2\/product_tag?post=113588"}],"curies":[{"name":"wp","href":"https:\/\/api.w.org\/{rel}","templated":true}]}}