{"id":113586,"date":"2023-03-31T00:00:00","date_gmt":"2023-03-30T22:00:00","guid":{"rendered":"http:\/\/gpl-love.com\/fr\/produit\/wp-coupons-coupon-plugin-pour-wordpress\/"},"modified":"2026-03-20T23:49:38","modified_gmt":"2026-03-20T22:49:38","slug":"wp-coupons-coupon-plugin-pour-wordpress","status":"publish","type":"product","link":"https:\/\/gpl-love.com\/fr\/produit\/wp-coupons-coupon-plugin-pour-wordpress\/","title":{"rendered":"WP Coupons Coupon Plugin pour WordPress 1.8.3"},"content":{"rendered":"<h3>WP Coupons Coupon Plugin pour WordPress Traits<\/h3>\n<p>Le plugin de coupons WP Coupons pour WordPress, un outil profond\u00e9ment robuste, offre la capacit\u00e9 de g\u00e9n\u00e9rer et de superviser les coupons sur votre site Web WordPress. Ce plugin vous permet de cr\u00e9er et d&rsquo;adapter sans effort les coupons, de les int\u00e9grer de mani\u00e8re transparente sur votre site Web et de surveiller avec diligence leur efficacit\u00e9. Son interface conviviale facilite la facilit\u00e9 d&rsquo;utilisation, m\u00eame pour ceux qui manquent de comp\u00e9tence de codage. De plus, le plugin est \u00e9quip\u00e9 d&rsquo;une pl\u00e9thore de fonctionnalit\u00e9s, y compris un support de raccourcis, des mod\u00e8les de coupons, des dates d&rsquo;expiration des coupons et un assortiment d&rsquo;autres fonctionnalit\u00e9s pr\u00e9cieuses. Sans aucun doute, le plugin de coupons de coupons WP pour WordPress est un actif indispensable pour tout propri\u00e9taire de site Web aspirant \u00e0 amplifier les ventes et \u00e0 attirer une client\u00e8le plus grande.<\/p>\n<ul>\n<li>Processus d&rsquo;installation et de configuration facile<\/li>\n<li>Mod\u00e8les de coupons personnalisables pour correspondre \u00e0 la conception de votre site Web<\/li>\n<li>Interface conviviale pour la cr\u00e9ation et la gestion des coupons<\/li>\n<li>Option pour d\u00e9finir les dates d&rsquo;expiration et les limites d&rsquo;utilisation des coupons<\/li>\n<li>Possibilit\u00e9 d&rsquo;ins\u00e9rer des coupons n&rsquo;importe o\u00f9 sur votre site Web avec Shortcodes<\/li>\n<li>Int\u00e9gration avec des services de marketing par e-mail populaires pour la distribution des coupons<\/li>\n<li>Suivi et rapports d\u00e9taill\u00e9s de l&rsquo;utilisation et de l&rsquo;efficacit\u00e9 des coupons<\/li>\n<li>Compatibilit\u00e9 avec les plugins de commerce \u00e9lectronique populaires, tels que WooCommerce<\/li>\n<\/ul>\n","protected":false},"excerpt":{"rendered":"<p>Le plugin de coupons WP Coupons pour WordPress est un outil tr\u00e8s formidable et efficace qui vous offre la capacit\u00e9 pratique de g\u00e9n\u00e9rer et d&rsquo;administrer sans effort les coupons pour votre site Web. En utilisant ce plugin innovant, vous \u00eates autoris\u00e9 \u00e0 \u00e9tendre les remises exclusives \u00e0 vos clients estim\u00e9s, entra\u00eenant finalement une augmentation substantielle des chiffres de vente et une escalade notable dans le trafic du site Web. Le plugin lui-m\u00eame poss\u00e8de un processus d&rsquo;installation convivial louable et s&rsquo;accompagne d&rsquo;une vaste gamme de fonctionnalit\u00e9s exceptionnelles, y compris, mais sans s&rsquo;y limiter pour surveiller et \u00e9valuer m\u00e9ticuleusement les r\u00e9sultats triomphants de vos campagnes m\u00e9ticuleusement con\u00e7ues. De plus, le plugin est intelligemment con\u00e7u pour coexister harmonieusement avec un vaste r\u00e9pertoire de th\u00e8mes WordPress et s&rsquo;int\u00e9grer de mani\u00e8re transparente \u00e0 des plateformes de commerce \u00e9lectronique tr\u00e8s populaires telles que la WooCommerce largement acclam\u00e9e. Embarquez dans le voyage d&rsquo;offrir des coupons attrayants avec une facilit\u00e9 et une commodit\u00e9 in\u00e9gal\u00e9es en acqu\u00e9rant et en adoptant le remarquable plugon de coupons de coupons WP pour WordPress.<\/p>\n","protected":false},"featured_media":146142,"comment_status":"open","ping_status":"open","template":"","meta":[],"product_brand":[2713],"product_cat":[1207,1181,1186],"product_tag":[1884],"class_list":{"0":"post-113586","1":"product","2":"type-product","3":"status-publish","4":"has-post-thumbnail","6":"product_brand-wp-coupons","7":"product_cat-commercialisation-wordpress-plugins","8":"product_cat-plugins","9":"product_cat-wordpress-plugins","10":"product_tag-wp-coupons","11":"member-discount","12":"discount-restricted","14":"first","15":"instock","16":"sale","17":"downloadable","18":"virtual","19":"sold-individually","20":"purchasable","21":"product-type-simple"},"_links":{"self":[{"href":"https:\/\/gpl-love.com\/fr\/wp-json\/wp\/v2\/product\/113586","targetHints":{"allow":["GET"]}}],"collection":[{"href":"https:\/\/gpl-love.com\/fr\/wp-json\/wp\/v2\/product"}],"about":[{"href":"https:\/\/gpl-love.com\/fr\/wp-json\/wp\/v2\/types\/product"}],"replies":[{"embeddable":true,"href":"https:\/\/gpl-love.com\/fr\/wp-json\/wp\/v2\/comments?post=113586"}],"wp:featuredmedia":[{"embeddable":true,"href":"https:\/\/gpl-love.com\/fr\/wp-json\/wp\/v2\/media\/146142"}],"wp:attachment":[{"href":"https:\/\/gpl-love.com\/fr\/wp-json\/wp\/v2\/media?parent=113586"}],"wp:term":[{"taxonomy":"product_brand","embeddable":true,"href":"https:\/\/gpl-love.com\/fr\/wp-json\/wp\/v2\/product_brand?post=113586"},{"taxonomy":"product_cat","embeddable":true,"href":"https:\/\/gpl-love.com\/fr\/wp-json\/wp\/v2\/product_cat?post=113586"},{"taxonomy":"product_tag","embeddable":true,"href":"https:\/\/gpl-love.com\/fr\/wp-json\/wp\/v2\/product_tag?post=113586"}],"curies":[{"name":"wp","href":"https:\/\/api.w.org\/{rel}","templated":true}]}}