{"id":113584,"date":"2021-04-07T00:00:00","date_gmt":"2021-04-06T22:00:00","guid":{"rendered":"http:\/\/gpl-love.com\/fr\/produit\/boldman-hetyman-renovation-services-wordpress-theme\/"},"modified":"2026-03-20T22:56:36","modified_gmt":"2026-03-20T21:56:36","slug":"boldman-hetyman-renovation-services-wordpress-theme","status":"publish","type":"product","link":"https:\/\/gpl-love.com\/fr\/produit\/boldman-hetyman-renovation-services-wordpress-theme\/","title":{"rendered":"Boldman Handyman Renovation Services WordPress Theme 4.1"},"content":{"rendered":"<h3>Boldman Handyman Renovation Services WordPress Theme Traits<\/h3>\n<p>Boldman Handyman Renovation Services Le th\u00e8me WordPress est une solution num\u00e9rique tr\u00e8s louable qui a \u00e9t\u00e9 sp\u00e9cialement con\u00e7ue pour r\u00e9pondre aux besoins des soci\u00e9t\u00e9s de r\u00e9novation et des services de bricoleur. Ce th\u00e8me est caract\u00e9ris\u00e9 par son incroyable convivialit\u00e9 et sa r\u00e9activit\u00e9 compl\u00e8te, ce qui en fait un choix vraiment exceptionnel. Il offre une myriade d&rsquo;options de personnalisation qui vous permettent de cr\u00e9er sans effort un site Web qui d\u00e9gage du professionnalisme. En outre, il poss\u00e8de un \u00e9ventail diversifi\u00e9 de mod\u00e8les de pages pr\u00e9d\u00e9finis, y compris des services, des projets, \u00e0 propos de nous et des contacts, qui ont tous pour objectif de pr\u00e9senter efficacement vos services et votre travail. En plus de ces fonctionnalit\u00e9s remarquables, le th\u00e8me WordPress de Boldman Handyman Renovation Services offre \u00e9galement des fonctionnalit\u00e9s avanc\u00e9es telles que Visual Composer et Slider Revolution, vous permettant de concevoir sans effort des mises en page et des animations \u00e0 couper le souffle. De plus, ce th\u00e8me est enti\u00e8rement compatible avec divers plugins, y compris le formulaire de contact extr\u00eamement populaire 7, WooCommerce et WPML, am\u00e9liorant ainsi la fonctionnalit\u00e9 globale de votre site Web. En optant pour Boldman Handyman Renovation Services WordPress Th\u00e8me, vous vous \u00e9quipez les outils n\u00e9cessaires pour cr\u00e9er un site Web contemporain, visuellement attrayant et hautement fonctionnel qui pr\u00e9sentera efficacement votre entreprise \u00e0 un public mondial.<\/p>\n<ul>\n<li>Disposition conviviale avec un g\u00e9n\u00e9rateur de glisser-d\u00e9poser pour cr\u00e9er des conceptions de pages uniques<\/li>\n<li>En-t\u00eate et pied de page personnalisables avec plusieurs styles au choix<\/li>\n<li>Calendrier des rendez-vous int\u00e9gr\u00e9s pour planifier les services et consultations de r\u00e9novation<\/li>\n<li>Tables de tarification int\u00e9gr\u00e9es pour pr\u00e9senter les packages et services offerts<\/li>\n<li>Options de portefeuille pour pr\u00e9senter des projets de r\u00e9novation termin\u00e9s<\/li>\n<li>Fonctionnement du blog pour partager les conseils de r\u00e9novation et les nouvelles de l&rsquo;industrie<\/li>\n<li>Mod\u00e8les de plusieurs pages pour une personnalisation facile<\/li>\n<li>Widgets personnalis\u00e9s pour ajouter des fonctionnalit\u00e9s et am\u00e9liorer l&rsquo;exp\u00e9rience utilisateur<\/li>\n<li>Conception enti\u00e8rement r\u00e9active pour une visualisation optimale sur tous les appareils<\/li>\n<li>SEO optimis\u00e9 et charge rapide pour un meilleur classement des moteurs de recherche et une exp\u00e9rience utilisateur.<\/li>\n<\/ul>\n","protected":false},"excerpt":{"rendered":"<p>Boldman Handyman Renovation Services Le th\u00e8me WordPress est un th\u00e8me WordPress haut de gamme, con\u00e7u sp\u00e9cifiquement pour les entreprises de services, de r\u00e9novation et de maintenance. Ce th\u00e8me polyvalent pr\u00e9sente un design \u00e9l\u00e9gant r\u00e9actif et facile \u00e0 naviguer, garantissant que tous les clients potentiels ont une exp\u00e9rience de navigation fluide et agr\u00e9able. Le th\u00e8me Boldman est convivial, promettant une visibilit\u00e9 accrue pour votre entreprise en ligne.<\/p>\n<p>Avec Boldman, vous pouvez pr\u00e9senter votre expertise et vos services de mani\u00e8re professionnelle et visuellement attrayante. Le th\u00e8me est livr\u00e9 avec une myriade d&rsquo;options de personnalisation, vous permettant d&rsquo;adapter le design pour correspondre \u00e0 votre image de marque. Les pages et sections pr\u00e9-con\u00e7ues sont parfaites pour mettre en \u00e9vidence la vari\u00e9t\u00e9 des services que vous offrez, des r\u00e9parations simples aux r\u00e9novations complexes.<\/p>\n<p>Le th\u00e8me int\u00e8gre \u00e9galement un formulaire de r\u00e9servation hautement fonctionnel, ce qui permet aux clients de demander facilement vos services directement sur le site Web. De plus, il est compatible avec WooCommerce, ce qui signifie que vous pouvez vendre vos outils ou produits en ligne avec Little Hassle.<\/p>\n<p>Boldman Handyman Renovation Services Le th\u00e8me WordPress est une solution fiable et conviviale pour<\/p>\n","protected":false},"featured_media":143262,"comment_status":"open","ping_status":"open","template":"","meta":[],"product_brand":[2433],"product_cat":[1516,1212,1213],"product_tag":[1366],"class_list":{"0":"post-113584","1":"product","2":"type-product","3":"status-publish","4":"has-post-thumbnail","6":"product_brand-themeforest","7":"product_cat-entreprise","8":"product_cat-themes","9":"product_cat-wordpress-themes","10":"product_tag-themeforest","11":"member-discount","12":"discount-restricted","14":"first","15":"instock","16":"sale","17":"downloadable","18":"virtual","19":"sold-individually","20":"purchasable","21":"product-type-simple"},"_links":{"self":[{"href":"https:\/\/gpl-love.com\/fr\/wp-json\/wp\/v2\/product\/113584","targetHints":{"allow":["GET"]}}],"collection":[{"href":"https:\/\/gpl-love.com\/fr\/wp-json\/wp\/v2\/product"}],"about":[{"href":"https:\/\/gpl-love.com\/fr\/wp-json\/wp\/v2\/types\/product"}],"replies":[{"embeddable":true,"href":"https:\/\/gpl-love.com\/fr\/wp-json\/wp\/v2\/comments?post=113584"}],"wp:featuredmedia":[{"embeddable":true,"href":"https:\/\/gpl-love.com\/fr\/wp-json\/wp\/v2\/media\/143262"}],"wp:attachment":[{"href":"https:\/\/gpl-love.com\/fr\/wp-json\/wp\/v2\/media?parent=113584"}],"wp:term":[{"taxonomy":"product_brand","embeddable":true,"href":"https:\/\/gpl-love.com\/fr\/wp-json\/wp\/v2\/product_brand?post=113584"},{"taxonomy":"product_cat","embeddable":true,"href":"https:\/\/gpl-love.com\/fr\/wp-json\/wp\/v2\/product_cat?post=113584"},{"taxonomy":"product_tag","embeddable":true,"href":"https:\/\/gpl-love.com\/fr\/wp-json\/wp\/v2\/product_tag?post=113584"}],"curies":[{"name":"wp","href":"https:\/\/api.w.org\/{rel}","templated":true}]}}