{"id":113582,"date":"2021-08-28T00:00:00","date_gmt":"2021-08-27T22:00:00","guid":{"rendered":"http:\/\/gpl-love.com\/fr\/produit\/deva-30-leting-pages-wordpress-theme\/"},"modified":"2026-03-20T23:00:37","modified_gmt":"2026-03-20T22:00:37","slug":"deva-30-leting-pages-wordpress-theme","status":"publish","type":"product","link":"https:\/\/gpl-love.com\/fr\/produit\/deva-30-leting-pages-wordpress-theme\/","title":{"rendered":"Deva Landing Pages WordPress Theme 1.1.1"},"content":{"rendered":"<h3>Deva Landing Pages WordPress Theme Traits<\/h3>\n<p>Le th\u00e8me WordPress de Deva Pages WordPress, avec ses vastes capacit\u00e9s et son adaptabilit\u00e9, sert d&rsquo;instrument robuste et polyvalent pour la cr\u00e9ation de pages de destination visuellement captivantes, de pages de vente et de pages de g\u00e9n\u00e9ration de leads qui pr\u00e9sentent un niveau de conversion sans pr\u00e9c\u00e9dent. Gr\u00e2ce \u00e0 son interface commod\u00e9ment navigable, \u00e0 des mod\u00e8les pr\u00e9-con\u00e7us personnalisables et \u00e0 son constructeur de pages op\u00e9rationnellement sans effort, Deva Landing Pages fournit une avenue transparente pour le d\u00e9veloppement de pages de destination qui ont la capacit\u00e9 de g\u00e9n\u00e9rer un trafic substantiel, de capturer des pistes et d&rsquo;amplifier in\u00e9vitablement les chiffres de vente. Que l&rsquo;on se trouve \u00eatre un n\u00e9ophyte dans le domaine de WordPress ou d&rsquo;un expert chevronn\u00e9, les pages de destination Deva Proffers un \u00e9ventail de fonctionnalit\u00e9s et de choix avanc\u00e9s qui acc\u00e9l\u00e8rent le processus de g\u00e9n\u00e9ration de pages qui \u00e9manent du professionnalisme et sont m\u00e9ticuleusement optimis\u00e9s pour le summum de la performance. Ce th\u00e8me englobe un assortiment de fonctionnalit\u00e9s indispensables, allant de la conception sensible aux mobiles \u00e0 une int\u00e9gration transparente avec des plateformes de marketing par e-mail de premier plan, incarnant ainsi une solution compl\u00e8te qui fournit tous les composants n\u00e9cessaires n\u00e9cessaires \u00e0 la cr\u00e9ation de pages d&rsquo;atterrissage qui donnent des r\u00e9sultats tangibles. Par cons\u00e9quent, la question qui se pose est: pourquoi retarder? Embrassez les capacit\u00e9s extraordinaires du th\u00e8me WordPress Pages de destination Deva aujourd&rsquo;hui et commencez la construction de pages de destination qui sont impr\u00e9gn\u00e9es de catapulter votre entreprise vers une croissance exponentielle!<\/p>\n<ul>\n<li>Un th\u00e8me WordPress professionnel et moderne sp\u00e9cialement con\u00e7u pour les pages d&rsquo;atterrissage<\/li>\n<li>Comprend plus de 10 dispositions pr\u00e9d\u00e9finies diff\u00e9rentes \u00e0 choisir<\/li>\n<li>Convient \u00e0 un large \u00e9ventail d&rsquo;industries et de niches, notamment la technologie, le commerce \u00e9lectronique, la finance, et plus encore<\/li>\n<li>Enti\u00e8rement personnalisable, vous permettant d&rsquo;adapter le th\u00e8me \u00e0 vos besoins sp\u00e9cifiques et \u00e0 votre marque<\/li>\n<li>Construit sur la derni\u00e8re version de WordPress et optimis\u00e9 pour les vitesses de chargement rapide<\/li>\n<li>La conception r\u00e9active garantit que vos pages de destination sont superbes sur n&rsquo;importe quel appareil, des ordinateurs de bureau aux t\u00e9l\u00e9phones mobiles<\/li>\n<li>Comprend un certain nombre de fonctionnalit\u00e9s de g\u00e9n\u00e9ration de leads, telles que les formulaires de contact int\u00e9gr\u00e9s et les boutons d&rsquo;appel \u00e0 l&rsquo;action<\/li>\n<li>Facile \u00e0 utiliser et \u00e0 installer, m\u00eame pour ceux qui ont une expertise technique limit\u00e9e<\/li>\n<li>Livr\u00e9 avec une documentation approfondie et des mises \u00e0 jour r\u00e9guli\u00e8res et un soutien du d\u00e9veloppeur<\/li>\n<li>Compatible avec les plugins WordPress populaires comme Yoast SEO, les formulaires de gravit\u00e9 et WooCommerce.<\/li>\n<\/ul>\n","protected":false},"excerpt":{"rendered":"<p>Explorez le monde des designs \u00e9poustouflants avec notre th\u00e8me WordPress de Pages de destination Deva. Ce th\u00e8me unique et riche en fonctionnalit\u00e9s est parfait pour tous ceux qui cherchent \u00e0 cr\u00e9er des pages de destination engageantes et \u00e0 conversion \u00e9lev\u00e9e. Avec son int\u00e9gration transparente avec WordPress, le th\u00e8me Deva offre une exp\u00e9rience facile et conviviale, m\u00eame pour les d\u00e9butants.<\/p>\n<p>Les caract\u00e9ristiques cl\u00e9s incluent des mod\u00e8les personnalisables, des constructeurs de page de glisser-d\u00e9poser intuitifs, et une conception r\u00e9active qui garantit que votre page de destination est magnifique sur n&rsquo;importe quel appareil. Augmentez la visibilit\u00e9 de votre site avec le code SEO-Friendly et les temps de chargement rapides, offrant une exp\u00e9rience utilisateur optimale.<\/p>\n<p>De plus, le th\u00e8me Deva est compatible avec WooCommerce, vous permettant de transformer votre page de destination en une boutique en ligne \u00e0 part enti\u00e8re si n\u00e9cessaire. Avec des mises \u00e0 jour constantes et un support client d\u00e9di\u00e9, le th\u00e8me WordPress Pages de destination Deva offre un choix fiable pour les besoins de votre site Web.<\/p>\n<p>D\u00e9couvrez les avantages d&rsquo;une page de destination professionnelle et accrocheuse qui communique efficacement votre message, stimule les conversions et accro\u00eet votre pr\u00e9sence en ligne. Plongez dans le th\u00e8me Deva, o\u00f9 la fonctionnalit\u00e9 se r\u00e9unit<\/p>\n","protected":false},"featured_media":143524,"comment_status":"open","ping_status":"open","template":"","meta":[],"product_brand":[2433],"product_cat":[1242,1212,1213],"product_tag":[1366],"class_list":{"0":"post-113582","1":"product","2":"type-product","3":"status-publish","4":"has-post-thumbnail","6":"product_brand-themeforest","7":"product_cat-creatif","8":"product_cat-themes","9":"product_cat-wordpress-themes","10":"product_tag-themeforest","11":"member-discount","12":"discount-restricted","14":"first","15":"instock","16":"sale","17":"downloadable","18":"virtual","19":"sold-individually","20":"purchasable","21":"product-type-simple"},"_links":{"self":[{"href":"https:\/\/gpl-love.com\/fr\/wp-json\/wp\/v2\/product\/113582","targetHints":{"allow":["GET"]}}],"collection":[{"href":"https:\/\/gpl-love.com\/fr\/wp-json\/wp\/v2\/product"}],"about":[{"href":"https:\/\/gpl-love.com\/fr\/wp-json\/wp\/v2\/types\/product"}],"replies":[{"embeddable":true,"href":"https:\/\/gpl-love.com\/fr\/wp-json\/wp\/v2\/comments?post=113582"}],"wp:featuredmedia":[{"embeddable":true,"href":"https:\/\/gpl-love.com\/fr\/wp-json\/wp\/v2\/media\/143524"}],"wp:attachment":[{"href":"https:\/\/gpl-love.com\/fr\/wp-json\/wp\/v2\/media?parent=113582"}],"wp:term":[{"taxonomy":"product_brand","embeddable":true,"href":"https:\/\/gpl-love.com\/fr\/wp-json\/wp\/v2\/product_brand?post=113582"},{"taxonomy":"product_cat","embeddable":true,"href":"https:\/\/gpl-love.com\/fr\/wp-json\/wp\/v2\/product_cat?post=113582"},{"taxonomy":"product_tag","embeddable":true,"href":"https:\/\/gpl-love.com\/fr\/wp-json\/wp\/v2\/product_tag?post=113582"}],"curies":[{"name":"wp","href":"https:\/\/api.w.org\/{rel}","templated":true}]}}