{"id":113580,"date":"2021-04-07T00:00:00","date_gmt":"2021-04-06T22:00:00","guid":{"rendered":"http:\/\/gpl-love.com\/fr\/produit\/solonick-personal-portfolio-wordpress-theme\/"},"modified":"2026-04-10T18:40:15","modified_gmt":"2026-04-10T16:40:15","slug":"solonick-personal-portfolio-wordpress-theme","status":"publish","type":"product","link":"https:\/\/gpl-love.com\/fr\/produit\/solonick-personal-portfolio-wordpress-theme\/","title":{"rendered":"Solonick 4.2"},"content":{"rendered":"<h3>Solonick Traits<\/h3>\n<p>Le th\u00e8me WordPress du portefeuille personnel Solonick, avec une conception \u00e9l\u00e9gante et raffin\u00e9e, offre une solution optimale pour les personnes visant \u00e0 afficher leur travail et leur expertise sur un site Web visuellement captivant et sophistiqu\u00e9. Ce th\u00e8me, caract\u00e9ris\u00e9 par son esth\u00e9tique immacul\u00e9e et contemporaine, donne aux utilisateurs la possibilit\u00e9 de personnaliser de mani\u00e8re approfondie leur site, de lui faire un choix id\u00e9al pour les novices et les professionnels chevronn\u00e9s. Il englobe une gamme diversifi\u00e9e de pages et d&rsquo;\u00e9l\u00e9ments pr\u00e9-con\u00e7us, englobant un blog, un portefeuille et une page de contact, facilitant la cr\u00e9ation d&rsquo;une pr\u00e9sence en ligne distinctive et sur mesure. De plus, le th\u00e8me comprend une pl\u00e9thore d&rsquo;options de personnalisation, y compris plusieurs sch\u00e9mas de couleurs, des s\u00e9lections de polices et des styles de mise en page, assurant la cr\u00e9ation d&rsquo;un site Web qui s&rsquo;aligne parfaitement sur l&rsquo;identit\u00e9 unique de votre marque. S&rsquo;appuyant sur son design \u00e9l\u00e9gant, sa r\u00e9activit\u00e9 mobile et ses capacit\u00e9s de personnalisation conviviales, le th\u00e8me WordPress du portefeuille personnel Solonick appara\u00eet comme un choix exceptionnel pour les personnes cherchant \u00e0 montrer leur travail et leurs comp\u00e9tences de mani\u00e8re polie et \u00e0 la mode.<\/p>\n<ul>\n<li>Design de haute qualit\u00e9 et moderne optimis\u00e9 pour pr\u00e9senter vos projets personnels et votre travail<\/li>\n<li>Disposition r\u00e9active et adapt\u00e9e aux mobiles qui s&rsquo;adapte \u00e0 diff\u00e9rentes tailles d&rsquo;\u00e9cran et appareils<\/li>\n<li>Panneau d&rsquo;options de th\u00e8me personnalisables et faciles \u00e0 utiliser pour modifier et ajuster divers param\u00e8tres et \u00e9l\u00e9ments<\/li>\n<li>Plusieurs sections et pages de contenu pr\u00e9d\u00e9finies, y compris une page d&rsquo;accueil, une page \u00e0 propos, une page de contact, et plus<\/li>\n<li>Fonctionnalit\u00e9 de blog int\u00e9gr\u00e9e pour publier des articles et des mises \u00e0 jour li\u00e9es \u00e0 votre travail<\/li>\n<li>Int\u00e9gration int\u00e9gr\u00e9e des m\u00e9dias sociaux pour vous connecter avec votre public et promouvoir vos projets sur toutes les plateformes<\/li>\n<li>Compatibilit\u00e9 avec les plugins et outils WordPress populaires pour \u00e9tendre et am\u00e9liorer la fonctionnalit\u00e9 du th\u00e8me<\/li>\n<li>Optimis\u00e9 pour les temps de chargement de pages rapides et le r\u00e9f\u00e9rencement pour une meilleure visibilit\u00e9 et un classement des moteurs de recherche<\/li>\n<li>Support client et documentation robuste pour le d\u00e9pannage et tirer le meilleur parti du th\u00e8me<\/li>\n<li>Mises \u00e0 jour r\u00e9guli\u00e8res et corrections de bogues pour garantir que le th\u00e8me reste \u00e0 jour avec les derni\u00e8res tendances WordPress et Web.<\/li>\n<\/ul>\n","protected":false},"excerpt":{"rendered":"<p>Le th\u00e8me WordPress du portefeuille personnel de Solonick, r\u00e9put\u00e9 pour sa nature \u00e9tonnante et polyvalente, a \u00e9t\u00e9 sp\u00e9cifiquement con\u00e7u pour r\u00e9pondre aux besoins des cr\u00e9atifs, des ind\u00e9pendants et des professionnels cherchant \u00e0 exposer leur travail de mani\u00e8re captivante. B\u00e9n\u00e9ficiant d&rsquo;un design vierge et contemporain, une interface conviviale qui est \u00e0 la fois intuitive et transparente, ainsi qu&rsquo;un \u00e9ventail de fonctionnalit\u00e9s robustes, Solonick permet sans effort la cr\u00e9ation d&rsquo;un portefeuille qui se distingue sans effort de la concurrence. Que vous vous identifiiez en tant que designer, photographe, \u00e9crivain ou toute autre profession dans le vaste domaine de l&rsquo;expertise cr\u00e9ative, Solonick propose une bo\u00eete \u00e0 outils globale qui ne pr\u00e9sentera pas seulement vos talents, mais laissera \u00e9galement une impression durable sur les clients potentiels . En outre, la r\u00e9activit\u00e9 du th\u00e8me et la capacit\u00e9 de personnaliser sa disposition le font du choix id\u00e9al pour les personnes cherchant \u00e0 \u00e9tablir une pr\u00e9sence en ligne polie et professionnelle.<\/p>\n","protected":false},"featured_media":145305,"comment_status":"open","ping_status":"open","template":"","meta":[],"product_brand":[2433],"product_cat":[1242,1212,1213],"product_tag":[1366],"class_list":{"0":"post-113580","1":"product","2":"type-product","3":"status-publish","4":"has-post-thumbnail","6":"product_brand-themeforest","7":"product_cat-creatif","8":"product_cat-themes","9":"product_cat-wordpress-themes","10":"product_tag-themeforest","11":"member-discount","12":"discount-restricted","14":"first","15":"instock","16":"sale","17":"downloadable","18":"virtual","19":"sold-individually","20":"purchasable","21":"product-type-simple"},"_links":{"self":[{"href":"https:\/\/gpl-love.com\/fr\/wp-json\/wp\/v2\/product\/113580","targetHints":{"allow":["GET"]}}],"collection":[{"href":"https:\/\/gpl-love.com\/fr\/wp-json\/wp\/v2\/product"}],"about":[{"href":"https:\/\/gpl-love.com\/fr\/wp-json\/wp\/v2\/types\/product"}],"replies":[{"embeddable":true,"href":"https:\/\/gpl-love.com\/fr\/wp-json\/wp\/v2\/comments?post=113580"}],"wp:featuredmedia":[{"embeddable":true,"href":"https:\/\/gpl-love.com\/fr\/wp-json\/wp\/v2\/media\/145305"}],"wp:attachment":[{"href":"https:\/\/gpl-love.com\/fr\/wp-json\/wp\/v2\/media?parent=113580"}],"wp:term":[{"taxonomy":"product_brand","embeddable":true,"href":"https:\/\/gpl-love.com\/fr\/wp-json\/wp\/v2\/product_brand?post=113580"},{"taxonomy":"product_cat","embeddable":true,"href":"https:\/\/gpl-love.com\/fr\/wp-json\/wp\/v2\/product_cat?post=113580"},{"taxonomy":"product_tag","embeddable":true,"href":"https:\/\/gpl-love.com\/fr\/wp-json\/wp\/v2\/product_tag?post=113580"}],"curies":[{"name":"wp","href":"https:\/\/api.w.org\/{rel}","templated":true}]}}