{"id":113578,"date":"2021-07-11T00:00:00","date_gmt":"2021-07-10T22:00:00","guid":{"rendered":"http:\/\/gpl-love.com\/fr\/produit\/subscribe-to-download-subscription-plugin-pour-wordpress\/"},"modified":"2026-04-10T18:41:23","modified_gmt":"2026-04-10T16:41:23","slug":"subscribe-to-download-subscription-plugin-pour-wordpress","status":"publish","type":"product","link":"https:\/\/gpl-love.com\/fr\/produit\/subscribe-to-download-subscription-plugin-pour-wordpress\/","title":{"rendered":"Subscribe to Download Subscription Plugin pour WordPress 1.2.9"},"content":{"rendered":"<h3>Subscribe to Download Subscription Plugin pour WordPress Traits<\/h3>\n<p>Le plugin d&rsquo;abonnement \u00e0 t\u00e9l\u00e9charger pour WordPress se pr\u00e9sente comme un outil exceptionnel pour am\u00e9liorer le nombre de vos abonn\u00e9s par e-mail, tout en fournissant un contenu pr\u00e9cieux \u00e0 vos visiteurs estim\u00e9s. En utilisant ce plugin impressionnant, vous avez la capacit\u00e9 d&rsquo;\u00e9tendre une gamme d&rsquo;options de contenu t\u00e9l\u00e9chargeables, allant des livres \u00e9lectroniques, des rapports aux livres blancs, bien qu&rsquo;apr\u00e8s que vos visiteurs se soient abonn\u00e9s \u00e0 votre liste de diffusion estim\u00e9e. L&rsquo;int\u00e9gration transparente de ce plugin avec tous les services de marketing par e-mail en vigueur vous permet de surveiller sans effort les performances de vos aimants de plomb. Ainsi, vous offrez des adieux \u00e0 la question p\u00e9nible des taux de conversion faible et adoptez l&rsquo;av\u00e8nement d&rsquo;une liste de diffusion en expansion avec le plugin d&rsquo;abonnement \u00e0 t\u00e9l\u00e9charger pour WordPress.<\/p>\n<ul>\n<li>Fournit une fonctionnalit\u00e9 d&rsquo;abonnement pour permettre aux visiteurs de s&rsquo;abonner facilement aux t\u00e9l\u00e9chargements sur votre site WordPress<\/li>\n<li>Processus d&rsquo;installation et de configuration facile sans codage requis<\/li>\n<li>Offre plusieurs plans d&rsquo;abonnement pour g\u00e9n\u00e9rer des revenus \u00e0 partir de votre contenu num\u00e9rique<\/li>\n<li>Prend en charge diverses passerelles de paiement, notamment PayPal, Stripe et Authorize.net<\/li>\n<li>Vous permet de g\u00e9rer les abonn\u00e9s et leurs plans du tableau de bord WordPress<\/li>\n<li>Vous permet de personnaliser les formulaires d&rsquo;abonnement et les e-mails pour correspondre \u00e0 la marque de votre site<\/li>\n<li>Fournit des rapports et des analyses d\u00e9taill\u00e9es pour suivre les performances de l&rsquo;abonnement<\/li>\n<li>Offre des int\u00e9grations compatibles avec des plugins d&rsquo;adh\u00e9sion WordPress populaires<\/li>\n<li>Stimule l&rsquo;engagement des utilisateurs et construit un public fid\u00e8le pour les actifs num\u00e9riques de votre site<\/li>\n<li>Fournit un support client professionnel et des mises \u00e0 jour r\u00e9guli\u00e8res pour les fonctionnalit\u00e9s optimales.<\/li>\n<\/ul>\n","protected":false},"excerpt":{"rendered":"<p>Le plugin d&rsquo;abonnement \u00e0 t\u00e9l\u00e9charger pour WordPress est une solution id\u00e9ale pour les propri\u00e9taires de sites Web qui cherchent \u00e0 augmenter leurs campagnes de marketing par e-mail, leur offrant une excellente occasion d&rsquo;enrichir leur base d&rsquo;abonn\u00e9s par e-mail. En b\u00e9n\u00e9ficiant de ce plugin, vous \u00eates autoris\u00e9 \u00e0 consacrer un contenu exclusif \u00e0 t\u00e9l\u00e9charger exclusivement aux personnes qui choisissent de vous abonner \u00e0 votre liste de diffusion. Cette approche sans effort facilite consid\u00e9rablement l&rsquo;expansion de votre base d&rsquo;abonn\u00e9s par e-mail. De plus, ce plugin remarquable offre la commodit\u00e9 de formulaires et de mod\u00e8les personnalisables, vous permettant d&rsquo;adapter vos offres d&rsquo;abonnement conform\u00e9ment \u00e0 votre image de marque et \u00e0 votre public cible. De plus, il s&rsquo;int\u00e8gre de mani\u00e8re transparente aux plateformes de marketing par e-mail renomm\u00e9es telles que MailChimp, Constant Contact et Campaign Monitor. Amplifiez l&rsquo;efficacit\u00e9 de votre strat\u00e9gie de marketing par e-mail en exploitant les \u00e9normes capacit\u00e9s du plugin d&rsquo;abonnement \u00e0 t\u00e9l\u00e9charger pour WordPress.<\/p>\n","protected":false},"featured_media":145396,"comment_status":"open","ping_status":"open","template":"","meta":[],"product_brand":[2435],"product_cat":[1207,1181,1186],"product_tag":[1231],"class_list":{"0":"post-113578","1":"product","2":"type-product","3":"status-publish","4":"has-post-thumbnail","6":"product_brand-codecanyon","7":"product_cat-commercialisation-wordpress-plugins","8":"product_cat-plugins","9":"product_cat-wordpress-plugins","10":"product_tag-codecanyon","11":"member-discount","12":"discount-restricted","14":"first","15":"instock","16":"sale","17":"downloadable","18":"virtual","19":"sold-individually","20":"purchasable","21":"product-type-simple"},"_links":{"self":[{"href":"https:\/\/gpl-love.com\/fr\/wp-json\/wp\/v2\/product\/113578","targetHints":{"allow":["GET"]}}],"collection":[{"href":"https:\/\/gpl-love.com\/fr\/wp-json\/wp\/v2\/product"}],"about":[{"href":"https:\/\/gpl-love.com\/fr\/wp-json\/wp\/v2\/types\/product"}],"replies":[{"embeddable":true,"href":"https:\/\/gpl-love.com\/fr\/wp-json\/wp\/v2\/comments?post=113578"}],"wp:featuredmedia":[{"embeddable":true,"href":"https:\/\/gpl-love.com\/fr\/wp-json\/wp\/v2\/media\/145396"}],"wp:attachment":[{"href":"https:\/\/gpl-love.com\/fr\/wp-json\/wp\/v2\/media?parent=113578"}],"wp:term":[{"taxonomy":"product_brand","embeddable":true,"href":"https:\/\/gpl-love.com\/fr\/wp-json\/wp\/v2\/product_brand?post=113578"},{"taxonomy":"product_cat","embeddable":true,"href":"https:\/\/gpl-love.com\/fr\/wp-json\/wp\/v2\/product_cat?post=113578"},{"taxonomy":"product_tag","embeddable":true,"href":"https:\/\/gpl-love.com\/fr\/wp-json\/wp\/v2\/product_tag?post=113578"}],"curies":[{"name":"wp","href":"https:\/\/api.w.org\/{rel}","templated":true}]}}