{"id":113576,"date":"2025-08-15T00:00:00","date_gmt":"2025-08-14T22:00:00","guid":{"rendered":"http:\/\/gpl-love.com\/fr\/produit\/instagram-feed-wordpress-instagram-gallery\/"},"modified":"2026-04-01T00:30:32","modified_gmt":"2026-03-31T22:30:32","slug":"instagram-feed-wordpress-instagram-gallery","status":"publish","type":"product","link":"https:\/\/gpl-love.com\/fr\/produit\/instagram-feed-wordpress-instagram-gallery\/","title":{"rendered":"Instagram Feed WordPress Instagram Gallery 4.4.5"},"content":{"rendered":"<h3>Instagram Feed WordPress Instagram Gallery Traits<\/h3>\n<p>La galerie Instagram WordPress Instagram Feed est un plugin extr\u00eamement puissant qui vous offre la capacit\u00e9 remarquable d&rsquo;int\u00e9grer de mani\u00e8re transparente votre flux Instagram dans votre site Web WordPress, ce qui le rend un outil vraiment magnifique d&rsquo;une valeur immense. En exploitant son interface conviviale et son design personnalisable, vous pouvez pr\u00e9senter sans effort vos photos et vid\u00e9os Instagram captivantes dans une galerie extr\u00eamement \u00e9tonnante et tr\u00e8s r\u00e9active. De plus, ce splendide plugin vous donne \u00e9galement une multitude de modes d&rsquo;affichage, y compris les dispositions de carrousel, de grille et de ma\u00e7onnerie, vous offrant ainsi une flexibilit\u00e9 in\u00e9gal\u00e9e et une libert\u00e9 artistique. De plus, cela vous permet de faire un contr\u00f4le pr\u00e9cis sur le nombre de colonnes et de lignes, vous permettant de fa\u00e7onner un arrangement visuellement attrayant qui convient parfaitement \u00e0 votre vision cr\u00e9ative. Vous avez m\u00eame la capacit\u00e9 d&rsquo;adapter finement l&rsquo;espacement entre les images, assurant un affichage visuellement harmonieux et esth\u00e9tique. De plus, le plugin vous accorde la capacit\u00e9 remarquable pour filtrer s\u00e9lectivement votre flux Instagram en fonction de divers crit\u00e8res, tels que les hashtags, les utilisateurs ou les emplacements, facilitant ainsi l&rsquo;accomplissement de vos exigences et objectifs sp\u00e9cifiques. Sans aucun doute, ce plugin extraordinaire est un atout indispensable pour les blogueurs, les photographes et les entreprises, qui nourrissent un d\u00e9sir ardent de pr\u00e9senter leur splendide contenu Instagram sur leur site Web et de favoriser un lien profond\u00e9ment engageant et significatif avec leur public ch\u00e9ri.<\/p>\n<ul>\n<li>Affichez votre flux Instagram directement sur votre site Web WordPress<\/li>\n<li>Galerie magnifiquement con\u00e7ue pour pr\u00e9senter votre contenu Instagram<\/li>\n<li>Personnalisez la conception et la mise en page pour correspondre \u00e0 l&rsquo;esth\u00e9tique de votre site Web<\/li>\n<li>Configuration facile avec une int\u00e9gration simple avec votre compte Instagram<\/li>\n<li>Conception enti\u00e8rement r\u00e9active qui a fi\u00e8re allure sur n&rsquo;importe quel appareil ou taille d&rsquo;\u00e9cran<\/li>\n<li>Choisissez parmi diff\u00e9rentes options d&rsquo;affichage de galerie, y compris des grilles, des carrousels et plus<\/li>\n<li>Contr\u00f4lez le contenu qui appara\u00eet dans la galerie et quels types de messages sont exclus<\/li>\n<li>Mises \u00e0 jour automatis\u00e9es qui gardent votre flux Instagram \u00e0 jour sur votre site Web<\/li>\n<li>Temps de chargement rapide et optimis\u00e9 pour les performances sur votre site Web<\/li>\n<li>\u00c9quipe d&rsquo;assistance amicale et utile pour r\u00e9pondre \u00e0 toutes les questions ou fournir une assistance pour la configuration.<\/li>\n<\/ul>\n","protected":false},"excerpt":{"rendered":"<p>La galerie Instagram WordPress Instagram Feed est un plugin tr\u00e8s adaptable et multiforme qui vous accorde la possibilit\u00e9 de montrer votre flux Instagram sur votre site Web WordPress. Il offre une pl\u00e9thore d&rsquo;alternatives de mise en page, vous permettant d&rsquo;adapter l&rsquo;apparence et l&rsquo;ambiance de votre galerie pour s&rsquo;aligner parfaitement sur la conception de votre site Web. En outre, ce plugin englobe une multitude de fonctionnalit\u00e9s avanc\u00e9es, y compris la capacit\u00e9 de filtrer le contenu en fonction des hashtags et des utilisateurs, ainsi que la capacit\u00e9 de pr\u00e9senter des flux distincts \u00e0 diff\u00e9rentes pages. En tirant parti de ce plugin, vous pouvez accentuer sans effort votre contenu Instagram et favoriser des interactions significatives avec les visiteurs estim\u00e9s du site Web.<\/p>\n","protected":false},"featured_media":144234,"comment_status":"open","ping_status":"open","template":"","meta":[],"product_brand":[2435],"product_cat":[1189,1181,1186],"product_tag":[1231],"class_list":{"0":"post-113576","1":"product","2":"type-product","3":"status-publish","4":"has-post-thumbnail","6":"product_brand-codecanyon","7":"product_cat-personnalisation","8":"product_cat-plugins","9":"product_cat-wordpress-plugins","10":"product_tag-codecanyon","11":"member-discount","12":"discount-restricted","14":"first","15":"instock","16":"sale","17":"downloadable","18":"virtual","19":"sold-individually","20":"purchasable","21":"product-type-simple"},"_links":{"self":[{"href":"https:\/\/gpl-love.com\/fr\/wp-json\/wp\/v2\/product\/113576","targetHints":{"allow":["GET"]}}],"collection":[{"href":"https:\/\/gpl-love.com\/fr\/wp-json\/wp\/v2\/product"}],"about":[{"href":"https:\/\/gpl-love.com\/fr\/wp-json\/wp\/v2\/types\/product"}],"replies":[{"embeddable":true,"href":"https:\/\/gpl-love.com\/fr\/wp-json\/wp\/v2\/comments?post=113576"}],"wp:featuredmedia":[{"embeddable":true,"href":"https:\/\/gpl-love.com\/fr\/wp-json\/wp\/v2\/media\/144234"}],"wp:attachment":[{"href":"https:\/\/gpl-love.com\/fr\/wp-json\/wp\/v2\/media?parent=113576"}],"wp:term":[{"taxonomy":"product_brand","embeddable":true,"href":"https:\/\/gpl-love.com\/fr\/wp-json\/wp\/v2\/product_brand?post=113576"},{"taxonomy":"product_cat","embeddable":true,"href":"https:\/\/gpl-love.com\/fr\/wp-json\/wp\/v2\/product_cat?post=113576"},{"taxonomy":"product_tag","embeddable":true,"href":"https:\/\/gpl-love.com\/fr\/wp-json\/wp\/v2\/product_tag?post=113576"}],"curies":[{"name":"wp","href":"https:\/\/api.w.org\/{rel}","templated":true}]}}