{"id":113574,"date":"2025-06-16T00:00:00","date_gmt":"2025-06-15T22:00:00","guid":{"rendered":"http:\/\/gpl-love.com\/fr\/produit\/justified-image-grid-premium-wordpress-gallery\/"},"modified":"2026-03-20T23:21:16","modified_gmt":"2026-03-20T22:21:16","slug":"justified-image-grid-premium-wordpress-gallery","status":"publish","type":"product","link":"https:\/\/gpl-love.com\/fr\/produit\/justified-image-grid-premium-wordpress-gallery\/","title":{"rendered":"Justified Image Grid Premium WordPress Gallery 4.7.2"},"content":{"rendered":"<h3>Justified Image Grid Premium WordPress Gallery Traits<\/h3>\n<p>La galerie WordPress Premium Image Grid Justifi\u00e9 est un plugin incroyablement polyvalent et tr\u00e8s puissant qui donne aux utilisateurs la possibilit\u00e9 de cr\u00e9er des galeries absolument \u00e0 couper le souffle sur leur site Web WordPress. L&rsquo;une des fonctionnalit\u00e9s les plus notables de ce plugin est sa conception r\u00e9active exceptionnelle, qui s&rsquo;adapte de mani\u00e8re transparente \u00e0 diverses tailles et appareils d&rsquo;\u00e9cran. Cette qualit\u00e9 cruciale permet aux utilisateurs de montrer parfaitement leurs images captivantes d&rsquo;une mani\u00e8re visuellement \u00e9tonnante et impeccablement organis\u00e9e. De plus, le plugin propose une vaste gamme de param\u00e8tres personnalisables, permettant aux utilisateurs de modifier sans effort l&rsquo;apparence et le comportement de leur galerie selon les sp\u00e9cifications souhait\u00e9es. En outre, l&rsquo;interface intuitive de glisser-d\u00e9poser et de glisser fournie par ce plugin simplifie la t\u00e2che autrement ardue d&rsquo;ajouter et d&rsquo;organiser des images, rationalisant consid\u00e9rablement l&rsquo;ensemble du processus cr\u00e9atif. Comme si ces fonctionnalit\u00e9s remarquables ne suffisaient pas, le plugin soutient \u00e9galement fi\u00e8rement une s\u00e9lection diversifi\u00e9e de sources m\u00e9diatiques, y compris les plateformes extr\u00eamement populaires de Flickr, Instagram et YouTube. Par cons\u00e9quent, les utilisateurs sont dot\u00e9s d&rsquo;un \u00e9ventail abondant d&rsquo;options de contenu parmi lesquelles s\u00e9lectionner, garantissant que leur contenu visuel sera toujours \u00e0 la fois captivant et diversifi\u00e9. Tout bien consid\u00e9r\u00e9, il est clairement clair que la galerie WordPress Premium de grille d&rsquo;image justifi\u00e9e est un outil indispensable pour toute personne cherchant \u00e0 pr\u00e9senter son contenu visuel d&rsquo;une mani\u00e8re attrayante et rivet\u00e9e dynamiquement.<\/p>\n<ul>\n<li>Fournit une galerie enti\u00e8rement personnalisable pour votre site WordPress<\/li>\n<li>Permet la gestion et l&rsquo;organisation des images sans effort<\/li>\n<li>Offre plusieurs options de mise en page pour afficher des images, y compris la ma\u00e7onnerie et les grilles justifi\u00e9es<\/li>\n<li>Prend en charge une vari\u00e9t\u00e9 de sources d&rsquo;image, notamment Flickr et Instagram<\/li>\n<li>Comprend des options de style avanc\u00e9es pour un contr\u00f4le complet de conception<\/li>\n<li>Fournit une conception r\u00e9active pour une visualisation optimale sur n&rsquo;importe quel appareil<\/li>\n<li>Offre des options de Lightbox et de partage int\u00e9gr\u00e9es pour la navigation et le partage faciles<\/li>\n<li>Comprend des fonctionnalit\u00e9s conviviales pour aider vos images \u00e0 appara\u00eetre dans les r\u00e9sultats de recherche<\/li>\n<li>Fournit un support client de premier ordre pour assurer une exp\u00e9rience transparente<\/li>\n<li>Offre un achat unique avec des mises \u00e0 jour et un support \u00e0 vie<\/li>\n<\/ul>\n","protected":false},"excerpt":{"rendered":"<p>La galerie WordPress Premium de grille d&rsquo;image justifi\u00e9e offre une solution in\u00e9gal\u00e9e pour les personnes cherchant \u00e0 \u00e9tablir des galeries d&rsquo;images frappantes visuellement sur leurs sites Web. Ce plugin extraordinairement capable accorde aux utilisateurs la possibilit\u00e9 de montrer leurs images dans un format magnifiquement organis\u00e9 et esth\u00e9tique qui peut \u00eatre adapt\u00e9 sans effort pour compl\u00e9ter la conception globale de leur site Web. Gr\u00e2ce \u00e0 son interface de glisser-d\u00e9poser remarquablement conviviale, les individus peuvent incorporer de mani\u00e8re transparente des images de leur biblioth\u00e8que de m\u00e9dias existante ou de leurs sources externes, manipuler les configurations de leur galerie et g\u00e9n\u00e9rer un nombre illimit\u00e9 de galeries poss\u00e9dant chacune des styles et des param\u00e8tres distinctifs. Peu importe que sa profession tourne autour de la photographie, du talent artistique, des blogs ou de l&rsquo;entrepreneuriat, il est ind\u00e9niable que l&rsquo;int\u00e9gration de la galerie WordPress Premium Image Premium justifi\u00e9e ait le potentiel de m\u00e9tamorphoser leur site Web en un v\u00e9ritable chef-d&rsquo;\u0153uvre des prouesses visuelles.<\/p>\n","protected":false},"featured_media":144296,"comment_status":"open","ping_status":"open","template":"","meta":[],"product_brand":[2435],"product_cat":[1189,1181,1186],"product_tag":[1231],"class_list":{"0":"post-113574","1":"product","2":"type-product","3":"status-publish","4":"has-post-thumbnail","6":"product_brand-codecanyon","7":"product_cat-personnalisation","8":"product_cat-plugins","9":"product_cat-wordpress-plugins","10":"product_tag-codecanyon","11":"member-discount","12":"discount-restricted","14":"first","15":"instock","16":"sale","17":"downloadable","18":"virtual","19":"sold-individually","20":"purchasable","21":"product-type-simple"},"_links":{"self":[{"href":"https:\/\/gpl-love.com\/fr\/wp-json\/wp\/v2\/product\/113574","targetHints":{"allow":["GET"]}}],"collection":[{"href":"https:\/\/gpl-love.com\/fr\/wp-json\/wp\/v2\/product"}],"about":[{"href":"https:\/\/gpl-love.com\/fr\/wp-json\/wp\/v2\/types\/product"}],"replies":[{"embeddable":true,"href":"https:\/\/gpl-love.com\/fr\/wp-json\/wp\/v2\/comments?post=113574"}],"wp:featuredmedia":[{"embeddable":true,"href":"https:\/\/gpl-love.com\/fr\/wp-json\/wp\/v2\/media\/144296"}],"wp:attachment":[{"href":"https:\/\/gpl-love.com\/fr\/wp-json\/wp\/v2\/media?parent=113574"}],"wp:term":[{"taxonomy":"product_brand","embeddable":true,"href":"https:\/\/gpl-love.com\/fr\/wp-json\/wp\/v2\/product_brand?post=113574"},{"taxonomy":"product_cat","embeddable":true,"href":"https:\/\/gpl-love.com\/fr\/wp-json\/wp\/v2\/product_cat?post=113574"},{"taxonomy":"product_tag","embeddable":true,"href":"https:\/\/gpl-love.com\/fr\/wp-json\/wp\/v2\/product_tag?post=113574"}],"curies":[{"name":"wp","href":"https:\/\/api.w.org\/{rel}","templated":true}]}}