{"id":113572,"date":"2024-10-07T00:00:00","date_gmt":"2024-10-06T22:00:00","guid":{"rendered":"http:\/\/gpl-love.com\/fr\/produit\/april-fashion-woocommerce-wordpress-theme\/"},"modified":"2026-03-20T22:54:53","modified_gmt":"2026-03-20T21:54:53","slug":"april-fashion-woocommerce-wordpress-theme","status":"publish","type":"product","link":"https:\/\/gpl-love.com\/fr\/produit\/april-fashion-woocommerce-wordpress-theme\/","title":{"rendered":"APRIL Fashion WooCommerce WordPress Theme 6.5"},"content":{"rendered":"<h3>APRIL Fashion WooCommerce WordPress Theme Traits<\/h3>\n<p>April Fashion WooCommerce WordPress Th\u00e8me, connu pour sa haute qualit\u00e9, est un th\u00e8me premium exquis con\u00e7u sur mesure pour les entreprises de mode et de style de vie. Son design \u00e9l\u00e9gant et contemporain, associ\u00e9 \u00e0 un large \u00e9ventail de fonctionnalit\u00e9s personnalisables, garantit que votre site Web d\u00e9gage de l&rsquo;unicit\u00e9. Notamment, ce th\u00e8me s&rsquo;int\u00e8gre parfaitement \u00e0 WooCommerce, une plate-forme de commerce \u00e9lectronique renomm\u00e9e, facilitant l&rsquo;\u00e9tablissement sans effort d&rsquo;une boutique en ligne pour pr\u00e9senter et vendre votre marchandise. De plus, un ensemble diversifi\u00e9 de pages pr\u00e9d\u00e9finies &#8211; \u00e0 savoir, \u00e0 la maison, \u00e0 la boutique, au blog et \u00e0 nous &#8211; est incluse, rationalisant le processus de configuration initial de votre site Web. En tirant parti des capacit\u00e9s exceptionnelles d&rsquo;April Fashion, vous pouvez \u00e9laborer sans effort une pr\u00e9sence en ligne sophistiqu\u00e9e et visuellement captivante qui favorisera sans aucun doute l&rsquo;expansion de votre entreprise.<\/p>\n<ul>\n<li>Design magnifique et moderne qui attirera l&rsquo;attention des acheteurs en ligne<\/li>\n<li>Construit sp\u00e9cifiquement pour WooCommerce, assurant une int\u00e9gration transparente avec votre boutique en ligne<\/li>\n<li>Options de personnalisation faciles, vous permettant d&rsquo;adapter votre site \u00e0 votre identit\u00e9 de marque et \u00e0 vos offres de produits<\/li>\n<li>Conception r\u00e9active mobile qui optimise l&rsquo;affichage sur tous les appareils, des ordinateurs de bureau aux smartphones<\/li>\n<li>Options de navigation intuitive et de cat\u00e9gorie de produits pour aider les acheteurs \u00e0 trouver facilement ce qu&rsquo;ils recherchent<\/li>\n<li>Page d&rsquo;accueil multiples et options de mise en page de la page de produit pour r\u00e9pondre \u00e0 divers besoins commerciaux<\/li>\n<li>Compatible avec des plugins populaires tels que Slider Revolution et Contact Form 7 pour ajouter des fonctionnalit\u00e9s<\/li>\n<li>Documentation approfondie et support client fiable pour vous aider \u00e0 configurer et \u00e0 g\u00e9rer facilement votre boutique en ligne.<\/li>\n<\/ul>\n","protected":false},"excerpt":{"rendered":"<p>D\u00e9couvrez la polyvalence \u00e9l\u00e9gante d&rsquo;avril, un th\u00e8me WordPress WooCommerce de mode premium con\u00e7u pour le d\u00e9taillant de mode contemporain. Le design unique d&rsquo;April, am\u00e9lior\u00e9 avec une vari\u00e9t\u00e9 de fonctionnalit\u00e9s personnalisables, offre une superbe plate-forme pour pr\u00e9senter vos collections de mode. Avec son int\u00e9gration transparente avec WooCommerce, vous pouvez g\u00e9rer sans effort votre boutique en ligne, faciliter les transactions en douceur et la gestion des stocks faciles. Les principaux avantages de l&rsquo;utilisation d&rsquo;avril comprennent sa conception r\u00e9active, la garantie de votre site Web est superbe sur n&rsquo;importe quel appareil et une multitude de fonctionnalit\u00e9s avanc\u00e9es telles que Megamenu, LookBook et Product View. Tirez le meilleur parti de votre entreprise de mode en ligne avec le th\u00e8me WordPress d&rsquo;avril.<\/p>\n","protected":false},"featured_media":143147,"comment_status":"open","ping_status":"open","template":"","meta":[],"product_brand":[2433],"product_cat":[1238,1851,1212],"product_tag":[1366],"class_list":{"0":"post-113572","1":"product","2":"type-product","3":"status-publish","4":"has-post-thumbnail","6":"product_brand-themeforest","7":"product_cat-commerce-electronique-themes","8":"product_cat-entreprise-commerce-electronique-themes","9":"product_cat-themes","10":"product_tag-themeforest","11":"member-discount","12":"discount-restricted","14":"first","15":"instock","16":"sale","17":"downloadable","18":"virtual","19":"sold-individually","20":"purchasable","21":"product-type-simple"},"_links":{"self":[{"href":"https:\/\/gpl-love.com\/fr\/wp-json\/wp\/v2\/product\/113572","targetHints":{"allow":["GET"]}}],"collection":[{"href":"https:\/\/gpl-love.com\/fr\/wp-json\/wp\/v2\/product"}],"about":[{"href":"https:\/\/gpl-love.com\/fr\/wp-json\/wp\/v2\/types\/product"}],"replies":[{"embeddable":true,"href":"https:\/\/gpl-love.com\/fr\/wp-json\/wp\/v2\/comments?post=113572"}],"wp:featuredmedia":[{"embeddable":true,"href":"https:\/\/gpl-love.com\/fr\/wp-json\/wp\/v2\/media\/143147"}],"wp:attachment":[{"href":"https:\/\/gpl-love.com\/fr\/wp-json\/wp\/v2\/media?parent=113572"}],"wp:term":[{"taxonomy":"product_brand","embeddable":true,"href":"https:\/\/gpl-love.com\/fr\/wp-json\/wp\/v2\/product_brand?post=113572"},{"taxonomy":"product_cat","embeddable":true,"href":"https:\/\/gpl-love.com\/fr\/wp-json\/wp\/v2\/product_cat?post=113572"},{"taxonomy":"product_tag","embeddable":true,"href":"https:\/\/gpl-love.com\/fr\/wp-json\/wp\/v2\/product_tag?post=113572"}],"curies":[{"name":"wp","href":"https:\/\/api.w.org\/{rel}","templated":true}]}}