{"id":113570,"date":"2025-10-29T00:00:00","date_gmt":"2025-10-28T23:00:00","guid":{"rendered":"http:\/\/gpl-love.com\/fr\/produit\/supro-minimalist-ajax-woocommerce-wordpress-theme\/"},"modified":"2026-03-20T23:38:47","modified_gmt":"2026-03-20T22:38:47","slug":"supro-minimalist-ajax-woocommerce-wordpress-theme","status":"publish","type":"product","link":"https:\/\/gpl-love.com\/fr\/produit\/supro-minimalist-ajax-woocommerce-wordpress-theme\/","title":{"rendered":"Supro Minimalist AJAX WooCommerce WordPress Theme 2.0.3"},"content":{"rendered":"<h3>Supro Minimalist AJAX WooCommerce WordPress Theme Traits<\/h3>\n<p>Si vous \u00eates \u00e0 la recherche d&rsquo;une conception sophistiqu\u00e9e, \u00e0 jour et d\u00e9pouill\u00e9e pour votre plate-forme de commerce \u00e9lectronique, le th\u00e8me Supro Minimalist Ajax WooCommerce WordPress pourrait bien \u00eatre la solution parfaite. Ce th\u00e8me propose une exp\u00e9rience d&rsquo;achat sans couture, gr\u00e2ce \u00e0 son panier d&rsquo;achat et \u00e0 son syst\u00e8me de filtrage de produit \u00e0 propulsion de l&rsquo;Ajax, ce qui entra\u00eene des temps de chargement de page rapide. Non seulement il se vante d&rsquo;une disposition propre et \u00e9pur\u00e9e, vous permettant de pr\u00e9senter sans effort vos produits, mais il conserve \u00e9galement sa fonctionnalit\u00e9. De plus, ce th\u00e8me offre des options de personnalisation compl\u00e8tes, permettant aux utilisateurs de modifier facilement les couleurs, les polices et la mise en page pour s&rsquo;aligner sur l&rsquo;esth\u00e9tique de leur marque. En utilisant le th\u00e8me WordPress supro minimaliste Ajax WooCommerce, vous avez la possibilit\u00e9 de g\u00e9rer une boutique en ligne qui laissera sans aucun doute une impression durable sur vos clients, ce qui entra\u00eenera finalement des ventes accrues.<\/p>\n<ul>\n<li>Conception propre et minimaliste pour pr\u00e9senter des produits<\/li>\n<li>Technologie AJAX pour la navigation de page sans couture et le filtrage rapide des produits<\/li>\n<li>Compatibilit\u00e9 WooCommerce pour une gestion de boutiques en ligne facile<\/li>\n<li>Disposition r\u00e9active pour les appareils mobiles et tablettes<\/li>\n<li>Page d&rsquo;accueil personnalisable avec g\u00e9n\u00e9rateur de pages glisser-d\u00e9poser<\/li>\n<li>Plusieurs dispositions de page d&rsquo;accueil pr\u00e9-con\u00e7ues au choix<\/li>\n<li>Plusieurs options de couleurs et de polices pour un look unique<\/li>\n<li>Code convivial du r\u00e9f\u00e9rencement et optimis\u00e9 pour une vitesse de page rapide<\/li>\n<li>Importation de d\u00e9monstration en un clic pour une configuration facile<\/li>\n<li>\u00c9quipe de support d\u00e9di\u00e9e pour toutes les questions ou probl\u00e8mes<\/li>\n<\/ul>\n","protected":false},"excerpt":{"rendered":"<p>Le th\u00e8me WordPress supro minimaliste Ajax WooCommerce est une solution de commerce \u00e9lectronique exquise et de pointe qui s&rsquo;adresse aux entreprises de toutes tailles, englobant une vaste gamme de fonctionnalit\u00e9s. M\u00e9ticuleusement con\u00e7u avec l&rsquo;essence du minimalisme, ce th\u00e8me exceptionnel offre une interface \u00e9pur\u00e9e et rationalis\u00e9e qui met m\u00e9ticuleusement met en \u00e9vidence les produits, augmentant ainsi consid\u00e9rablement les taux de conversion. Tirant parti de la technologie AJAX innovante, les pages se chargent d&rsquo;une vitesse sans pr\u00e9c\u00e9dent et d&rsquo;une fluidit\u00e9 transparente, dominant ainsi les utilisateurs d&rsquo;une exp\u00e9rience in\u00e9gal\u00e9e et ininterrompue. De plus, en raison de sa compatibilit\u00e9 remarquable avec le c\u00e9l\u00e8bre plugin WooCommerce, Supro s&rsquo;int\u00e8gre de mani\u00e8re transparente en tant que partie int\u00e9grante de votre boutique en ligne, offrant une personnalisation in\u00e9gal\u00e9e et une abondance d&rsquo;options riches en fonctionnalit\u00e9s. De sa conception immacul\u00e9e et sophistiqu\u00e9e \u00e0 son interface conviviale et navigable sans effort, Supro appara\u00eet comme la solution par excellence pour les entreprises qui aspirent \u00e0 \u00e9tablir et \u00e0 g\u00e9rer efficacement une boutique en ligne robuste et prosp\u00e8re.<\/p>\n","protected":false},"featured_media":145437,"comment_status":"open","ping_status":"open","template":"","meta":[],"product_brand":[2433],"product_cat":[1238,1444,1212],"product_tag":[1366],"class_list":{"0":"post-113570","1":"product","2":"type-product","3":"status-publish","4":"has-post-thumbnail","6":"product_brand-themeforest","7":"product_cat-commerce-electronique-themes","8":"product_cat-creatif-commerce-electronique-themes","9":"product_cat-themes","10":"product_tag-themeforest","11":"member-discount","12":"discount-restricted","14":"first","15":"instock","16":"sale","17":"downloadable","18":"virtual","19":"sold-individually","20":"purchasable","21":"product-type-simple"},"_links":{"self":[{"href":"https:\/\/gpl-love.com\/fr\/wp-json\/wp\/v2\/product\/113570","targetHints":{"allow":["GET"]}}],"collection":[{"href":"https:\/\/gpl-love.com\/fr\/wp-json\/wp\/v2\/product"}],"about":[{"href":"https:\/\/gpl-love.com\/fr\/wp-json\/wp\/v2\/types\/product"}],"replies":[{"embeddable":true,"href":"https:\/\/gpl-love.com\/fr\/wp-json\/wp\/v2\/comments?post=113570"}],"wp:featuredmedia":[{"embeddable":true,"href":"https:\/\/gpl-love.com\/fr\/wp-json\/wp\/v2\/media\/145437"}],"wp:attachment":[{"href":"https:\/\/gpl-love.com\/fr\/wp-json\/wp\/v2\/media?parent=113570"}],"wp:term":[{"taxonomy":"product_brand","embeddable":true,"href":"https:\/\/gpl-love.com\/fr\/wp-json\/wp\/v2\/product_brand?post=113570"},{"taxonomy":"product_cat","embeddable":true,"href":"https:\/\/gpl-love.com\/fr\/wp-json\/wp\/v2\/product_cat?post=113570"},{"taxonomy":"product_tag","embeddable":true,"href":"https:\/\/gpl-love.com\/fr\/wp-json\/wp\/v2\/product_tag?post=113570"}],"curies":[{"name":"wp","href":"https:\/\/api.w.org\/{rel}","templated":true}]}}