{"id":113568,"date":"2021-09-18T00:00:00","date_gmt":"2021-09-17T22:00:00","guid":{"rendered":"http:\/\/gpl-love.com\/fr\/produit\/gridlove-news-portal-et-magazine-wordpress-theme\/"},"modified":"2026-03-20T23:19:06","modified_gmt":"2026-03-20T22:19:06","slug":"gridlove-news-portal-et-magazine-wordpress-theme","status":"publish","type":"product","link":"https:\/\/gpl-love.com\/fr\/produit\/gridlove-news-portal-et-magazine-wordpress-theme\/","title":{"rendered":"Gridlove News Portal et Magazine WordPress Theme 2.0.0"},"content":{"rendered":"<h3>Gridlove News Portal et Magazine WordPress Theme Traits<\/h3>\n<p>Le portail d&rsquo;informations Gridlove et le th\u00e8me WordPress du magazine est un th\u00e8me exceptionnellement robuste et riche en fonctionnalit\u00e9s qui a \u00e9t\u00e9 m\u00e9ticuleusement con\u00e7u pour r\u00e9pondre sp\u00e9cifiquement aux besoins et aux exigences des portails d&rsquo;information, des magazines en ligne et des sites Web de blogs. B\u00e9n\u00e9ficiant d&rsquo;un design \u00e9l\u00e9gant, contemporain et pleinement r\u00e9actif, ce th\u00e8me d\u00e9gage un sentiment de professionnalisme et de sophistication, ce qui en fait le choix id\u00e9al pour les personnes d\u00e9sireuses de pr\u00e9senter leur contenu d&rsquo;une mani\u00e8re visuellement \u00e9tonnante et \u00e9l\u00e9gante. Avec son constructeur de pages de drag et de pages de drop tr\u00e8s intuitif et convivial, les utilisateurs ont la possibilit\u00e9 de construire sans effort et sans couture des dispositions uniques et sur mesure pour leurs pages et publications, leur permettant ainsi d&rsquo;exprimer vraiment leur cr\u00e9ativit\u00e9 et leur ing\u00e9niosit\u00e9. En outre, ce th\u00e8me est rempli d&rsquo;une pl\u00e9thore de mod\u00e8les pr\u00e9-fabriqu\u00e9s, de widgets et de shortcodes, rendant ainsi l&rsquo;ajout de divers \u00e9l\u00e9ments \u00e0 son site Web une brise absolue. De plus, Gridlove est \u00e9quip\u00e9 d&rsquo;un panneau d&rsquo;options de th\u00e8me extr\u00eamement puissant, qui permet aux utilisateurs de personnaliser et d&rsquo;adapter et d&rsquo;adapter le th\u00e8me le th\u00e8me pour r\u00e9pondre \u00e0 leurs pr\u00e9f\u00e9rences et sp\u00e9cifications individuelles. De plus, ce th\u00e8me poss\u00e8de l&rsquo;optimisation du r\u00e9f\u00e9rencement, garantissant ainsi que votre site Web est capable de se classer efficacement et en bonne place sur les moteurs de recherche populaires, augmentant ainsi sa visibilit\u00e9, sa port\u00e9e et, finalement, son succ\u00e8s. Dans l&rsquo;ensemble, le th\u00e8me de Gridlove News et le th\u00e8me WordPress est un choix exceptionnel pour les personnes qui cherchent \u00e0 cr\u00e9er un portail d&rsquo;actualit\u00e9s ou de magazine hautement professionnel, tr\u00e8s professionnel et captivant qui est tenu de captiver et d&rsquo;enrichir les visiteurs.<\/p>\n<ul>\n<li>Portail d&rsquo;actualit\u00e9s hautement personnalisable et th\u00e8me WordPress de magazine<\/li>\n<li>Conception r\u00e9active qui a fi\u00e8re allure sur n&rsquo;importe quel appareil<\/li>\n<li>Plusieurs d\u00e9mos pr\u00e9-con\u00e7ues au choix<\/li>\n<li>Builder de page de glisser-d\u00e9poser int\u00e9gr\u00e9 pour une personnalisation facile<\/li>\n<li>Panneau d&rsquo;options de th\u00e8me avanc\u00e9 pour plus de contr\u00f4le sur la conception et les fonctionnalit\u00e9s<\/li>\n<li>Prend en charge divers formats de publication, y compris l&rsquo;image, la vid\u00e9o et l&rsquo;audio<\/li>\n<li>Boutons de partage des m\u00e9dias sociaux int\u00e9gr\u00e9s pour partage de contenu facile<\/li>\n<li>Compatible avec des plugins populaires tels que WooCommerce et Contact Form 7<\/li>\n<li>SEO optimis\u00e9 pour un meilleur classement des moteurs de recherche<\/li>\n<li>Mises \u00e0 jour r\u00e9guli\u00e8res et support client d\u00e9di\u00e9.<\/li>\n<\/ul>\n","protected":false},"excerpt":{"rendered":"<p>Gridlove News Portal and Magazine WordPress Le th\u00e8me est un th\u00e8me premium qui a \u00e9t\u00e9 con\u00e7u de mani\u00e8re complexe dans le but de s&rsquo;adresser aux blogueurs et aux publications en ligne. B\u00e9n\u00e9ficiant d&rsquo;un design \u00e9l\u00e9gant et d&rsquo;une interface intuitive, ce th\u00e8me est tout simplement id\u00e9al pour la cr\u00e9ation d&rsquo;un site Web moderne et visuellement captivant. Que vous g\u00e9rez un portail d&rsquo;actualit\u00e9s, un magazine en ligne ou m\u00eame un blog personnel, Gridlove propose une large gamme de fonctionnalit\u00e9s et d&rsquo;options de personnalisation qui vous aideront \u00e0 d\u00e9velopper une pr\u00e9sence en ligne vraiment unique et engageante. La conception r\u00e9active du th\u00e8me garantit que votre site appara\u00eetra impeccable sur n&rsquo;importe quel appareil, tandis que ses fonctionnalit\u00e9s de r\u00e9f\u00e9rencement int\u00e9gr\u00e9es facilitent l&rsquo;optimisation facile de votre contenu pour les moteurs de recherche. Que vous soyez un blogueur professionnel exp\u00e9riment\u00e9 ou un d\u00e9butant, Gridlove est le th\u00e8me par excellence qui vous aidera sans aucun doute \u00e0 transmettre efficacement votre message.<\/p>\n","protected":false},"featured_media":144152,"comment_status":"open","ping_status":"open","template":"","meta":[],"product_brand":[2433],"product_cat":[1220,1212,1213],"product_tag":[1366],"class_list":{"0":"post-113568","1":"product","2":"type-product","3":"status-publish","4":"has-post-thumbnail","6":"product_brand-themeforest","7":"product_cat-blog-magazine","8":"product_cat-themes","9":"product_cat-wordpress-themes","10":"product_tag-themeforest","11":"member-discount","12":"discount-restricted","14":"first","15":"instock","16":"sale","17":"downloadable","18":"virtual","19":"sold-individually","20":"purchasable","21":"product-type-simple"},"_links":{"self":[{"href":"https:\/\/gpl-love.com\/fr\/wp-json\/wp\/v2\/product\/113568","targetHints":{"allow":["GET"]}}],"collection":[{"href":"https:\/\/gpl-love.com\/fr\/wp-json\/wp\/v2\/product"}],"about":[{"href":"https:\/\/gpl-love.com\/fr\/wp-json\/wp\/v2\/types\/product"}],"replies":[{"embeddable":true,"href":"https:\/\/gpl-love.com\/fr\/wp-json\/wp\/v2\/comments?post=113568"}],"wp:featuredmedia":[{"embeddable":true,"href":"https:\/\/gpl-love.com\/fr\/wp-json\/wp\/v2\/media\/144152"}],"wp:attachment":[{"href":"https:\/\/gpl-love.com\/fr\/wp-json\/wp\/v2\/media?parent=113568"}],"wp:term":[{"taxonomy":"product_brand","embeddable":true,"href":"https:\/\/gpl-love.com\/fr\/wp-json\/wp\/v2\/product_brand?post=113568"},{"taxonomy":"product_cat","embeddable":true,"href":"https:\/\/gpl-love.com\/fr\/wp-json\/wp\/v2\/product_cat?post=113568"},{"taxonomy":"product_tag","embeddable":true,"href":"https:\/\/gpl-love.com\/fr\/wp-json\/wp\/v2\/product_tag?post=113568"}],"curies":[{"name":"wp","href":"https:\/\/api.w.org\/{rel}","templated":true}]}}