{"id":113533,"date":"2023-11-24T00:00:00","date_gmt":"2023-11-23T23:00:00","guid":{"rendered":"http:\/\/gpl-love.com\/fr\/produit\/woocommerce-file-approval\/"},"modified":"2026-03-20T23:45:36","modified_gmt":"2026-03-20T22:45:36","slug":"woocommerce-file-approval","status":"publish","type":"product","link":"https:\/\/gpl-love.com\/fr\/produit\/woocommerce-file-approval\/","title":{"rendered":"WooCommerce File Approval 9.8"},"content":{"rendered":"<h3>WooCommerce File Approval Traits<\/h3>\n<p>Afin d&rsquo;am\u00e9liorer leur contr\u00f4le sur leur boutique en ligne, les entreprises peuvent b\u00e9n\u00e9ficier de l&rsquo;utilisation de l&rsquo;extension puissante connue sous le nom d&rsquo;approbation de fichier WooCommerce. Cette extension facilite l&rsquo;approbation ou le rejet des fichiers soumis par les clients avant le traitement, permettant ainsi aux entreprises d&rsquo;exercer une surveillance m\u00e9ticuleuse. En tirant parti de cette fonctionnalit\u00e9, les entreprises peuvent s&rsquo;assurer efficacement que seuls les fichiers de qualit\u00e9 et de pertinence exceptionnels sont accept\u00e9s, att\u00e9nuant ainsi la survenue potentielle d&rsquo;erreurs pr\u00e9judiciables, de retards pr\u00e9matur\u00e9s ou d&rsquo;activit\u00e9s frauduleuses. De plus, l&rsquo;installation et l&rsquo;utilisation de l&rsquo;approbation du fichier WooCommerce sont extr\u00eamement simples, ce qui en fait un outil inestimable pour les entreprises qui d\u00e9tiennent la qualit\u00e9, la fiabilit\u00e9 et la s\u00e9curit\u00e9 en grande estime. Ind\u00e9pendamment de savoir si une entreprise est d&rsquo;une \u00e9chelle modeste ou d&rsquo;une ampleur substantielle, cette extension garantit ind\u00e9niablement l&rsquo;inclusion dans l&rsquo;arsenal de toute boutique en ligne qui aspire \u00e0 \u00e9viter les erreurs et \u00e0 garantir le contentement client.<\/p>\n<ul>\n<li>Permet une approbation facile des fichiers dans la plate-forme WooCommerce<\/li>\n<li>Disponible pour une utilisation avec divers types de fichiers, y compris des images et des documents<\/li>\n<li>Rationalise le processus d&rsquo;approbation des clients et des propri\u00e9taires de magasins<\/li>\n<li>Facilite une communication efficace entre les clients et les propri\u00e9taires de magasins concernant les soumissions de fichiers<\/li>\n<li>Peut \u00eatre personnalis\u00e9 pour r\u00e9pondre aux besoins sp\u00e9cifiques de votre boutique en ligne<\/li>\n<li>Compatible avec une vari\u00e9t\u00e9 de passerelles de paiement et d&rsquo;extensions WooCommerce<\/li>\n<li>Am\u00e9liore l&rsquo;organisation et le flux de travail pour les clients et les propri\u00e9taires de magasins<\/li>\n<li>R\u00e9duit les chances d&rsquo;erreurs ou de malentendus dans le processus de soumission et d&rsquo;approbation des fichiers<\/li>\n<li>Fournit un suivi d\u00e9taill\u00e9 et une tenue de dossiers pour les approbations et les soumissions de fichiers<\/li>\n<li>Int\u00e9gre parfaitement \u00e0 la configuration existante de WooCommerce<\/li>\n<li>Gauche du temps et des tracas pour les propri\u00e9taires de magasins en ligne, ce qui rend le processus d&rsquo;approbation plus efficace et plus fiable.<\/li>\n<\/ul>\n","protected":false},"excerpt":{"rendered":"<p>L&rsquo;approbation du fichier WooCommerce, un outil incroyablement robuste et efficace, a \u00e9t\u00e9 compliqu\u00e9e pour rationaliser consid\u00e9rablement le processus ardu d&rsquo;autorisation et de gestion efficace des fichiers qui sont complexes aux achats en ligne. En int\u00e9grant de mani\u00e8re transparente ce plugin ing\u00e9nieux dans votre syst\u00e8me, les clients peuvent t\u00e9l\u00e9charger sans effort leurs fichiers souhait\u00e9s, que ce soit \u00e0 des fins de personnalisation ou des efforts artistiques, tandis que les propri\u00e9taires de magasins, \u00e0 leur tour, peuvent \u00e0 leur tour examiner rapidement et facilement leur approbation \u00e0 ces fichiers avec plus de facilit\u00e9, ne n\u00e9cessitant rien de plus qu&rsquo;un simple clic. De plus, le plugin est \u00e9quip\u00e9 d&rsquo;une gamme de fonctionnalit\u00e9s remarquables, y compris la fourniture d&rsquo;alertes de courrier \u00e9lectronique pour s&rsquo;assurer qu&rsquo;aucune demande d&rsquo;approbation ne passe inaper\u00e7ue, la possibilit\u00e9 de cr\u00e9er des statuts d&rsquo;approbation personnalis\u00e9 ces approbations de fichiers. B\u00e9n\u00e9ficiant d&rsquo;incroyables capacit\u00e9s d&rsquo;\u00e9conomie de temps, le plugin d&rsquo;approbation de fichiers WooCommerce att\u00e9nue efficacement le risque d&rsquo;erreurs co\u00fbteuses et, par cons\u00e9quent, am\u00e9liore consid\u00e9rablement l&rsquo;exp\u00e9rience client globale en fournissant un processus de gestion de fichiers transparent et efficace.<\/p>\n","protected":false},"featured_media":145882,"comment_status":"open","ping_status":"open","template":"","meta":[],"product_brand":[2435],"product_cat":[1183,1182,1181],"product_tag":[1231],"class_list":{"0":"post-113533","1":"product","2":"type-product","3":"status-publish","4":"has-post-thumbnail","6":"product_brand-codecanyon","7":"product_cat-administration","8":"product_cat-commerce-electronique-plugins","9":"product_cat-plugins","10":"product_tag-codecanyon","11":"member-discount","12":"discount-restricted","14":"first","15":"instock","16":"sale","17":"downloadable","18":"virtual","19":"sold-individually","20":"purchasable","21":"product-type-simple"},"_links":{"self":[{"href":"https:\/\/gpl-love.com\/fr\/wp-json\/wp\/v2\/product\/113533","targetHints":{"allow":["GET"]}}],"collection":[{"href":"https:\/\/gpl-love.com\/fr\/wp-json\/wp\/v2\/product"}],"about":[{"href":"https:\/\/gpl-love.com\/fr\/wp-json\/wp\/v2\/types\/product"}],"replies":[{"embeddable":true,"href":"https:\/\/gpl-love.com\/fr\/wp-json\/wp\/v2\/comments?post=113533"}],"wp:featuredmedia":[{"embeddable":true,"href":"https:\/\/gpl-love.com\/fr\/wp-json\/wp\/v2\/media\/145882"}],"wp:attachment":[{"href":"https:\/\/gpl-love.com\/fr\/wp-json\/wp\/v2\/media?parent=113533"}],"wp:term":[{"taxonomy":"product_brand","embeddable":true,"href":"https:\/\/gpl-love.com\/fr\/wp-json\/wp\/v2\/product_brand?post=113533"},{"taxonomy":"product_cat","embeddable":true,"href":"https:\/\/gpl-love.com\/fr\/wp-json\/wp\/v2\/product_cat?post=113533"},{"taxonomy":"product_tag","embeddable":true,"href":"https:\/\/gpl-love.com\/fr\/wp-json\/wp\/v2\/product_tag?post=113533"}],"curies":[{"name":"wp","href":"https:\/\/api.w.org\/{rel}","templated":true}]}}