{"id":113531,"date":"2024-10-27T00:00:00","date_gmt":"2024-10-26T22:00:00","guid":{"rendered":"http:\/\/gpl-love.com\/fr\/produit\/ss-woocommerce-myaccount-ajax-tabs\/"},"modified":"2026-03-20T23:36:54","modified_gmt":"2026-03-20T22:36:54","slug":"ss-woocommerce-myaccount-ajax-tabs","status":"publish","type":"product","link":"https:\/\/gpl-love.com\/fr\/produit\/ss-woocommerce-myaccount-ajax-tabs\/","title":{"rendered":"SS WooCommerce Myaccount Ajax Tabs 2.8.0"},"content":{"rendered":"<h3>SS WooCommerce Myaccount Ajax Tabs Traits<\/h3>\n<p>SS WooCommerce MyAccount Ajax Tabs est un plugin tr\u00e8s robuste et efficace qui a \u00e9t\u00e9 m\u00e9ticuleusement con\u00e7u pour \u00e9lever l&rsquo;exp\u00e9rience utilisateur globale des clients WooCommerce. Son objectif principal est d&rsquo;introduire un nouveau tableau d&rsquo;onglets \u00e0 la page My Compte, facilitant ainsi la navigation transparente et offrant un acc\u00e8s pratique \u00e0 des informations cruciales li\u00e9es au compte. En incorporant la technologie AJAX de pointe, le plugin assure un chargement rapide et dynamique de ces onglets, \u00e9liminant le besoin de toute actualisation de page. Les clients sont autoris\u00e9s \u00e0 parcourir sans effort et \u00e0 modifier leurs commandes, leurs d\u00e9tails d&rsquo;exp\u00e9dition, leurs d\u00e9tails de compte et une myriade d&rsquo;autres \u00e9l\u00e9ments essentiels. Un avantage suppl\u00e9mentaire r\u00e9side dans la personnalisation exceptionnelle du plugin et le processus d&rsquo;installation convivial du plugin, ce qui le rend un atout inestimable pour tout magasin WooCommerce. En fait, il est devenu un outil imp\u00e9ratif pour les entreprises qui aspirent \u00e0 rationaliser leur parcours client et \u00e0 amplifier le contentement global des clients.<\/p>\n<ul>\n<li>Permet une navigation facile et intuitive des informations de compte client dans WooCommerce<\/li>\n<li>Utilise la technologie AJAX pour am\u00e9liorer les temps de chargement des pages et am\u00e9liorer l&rsquo;exp\u00e9rience utilisateur<\/li>\n<li>Affiche les informations du compte client dans des onglets organis\u00e9s et visuellement attrayants<\/li>\n<li>Permet la personnalisation des noms d&rsquo;onglet et quelles informations sont affich\u00e9es dans chaque onglet<\/li>\n<li>Fournit un look propre et moderne sur la page du compte client<\/li>\n<li>Augmente la satisfaction des clients en facilitant la visualisation et la gestion des informations du compte<\/li>\n<li>Aide les entreprises \u00e0 gagner du temps en r\u00e9duisant les demandes de support client concernant les informations de compte<\/li>\n<li>Compatible avec les versions WooCommerce -0 et plus<\/li>\n<li>R\u00e9guli\u00e8rement mis \u00e0 jour et soutenu par un support client fiable<\/li>\n<\/ul>\n","protected":false},"excerpt":{"rendered":"<p>Les onglets SS WooCommerce MyAccount Ajax sont un plugin incroyablement robuste et efficace qui a \u00e9t\u00e9 sp\u00e9cifiquement con\u00e7u pour augmenter et \u00e9lever la fonctionnalit\u00e9 globale de votre boutique en ligne. En incorporant ce plugin dans votre site Web, vous aurez la possibilit\u00e9 d&rsquo;int\u00e9grer sans effort les onglets dynamiques dans la page des comptes de vos clients, simplifiant ainsi le processus d&rsquo;acc\u00e8s et de gestion de leurs commandes, t\u00e9l\u00e9chargements, carnets d&rsquo;adresses et autres d\u00e9tails pertinents. Notamment, ce plugin est fier de pr\u00e9senter une interface extr\u00eamement conviviale, garantissant ainsi que vos clients pourront naviguer et utiliser les diff\u00e9rentes fonctionnalit\u00e9s et fonctions d&rsquo;une mani\u00e8re transparente et intuitive. De plus, en raison de son int\u00e9gration transparente avec WooCommerce, ce plugin s&rsquo;harmonisera de mani\u00e8re transparente avec votre boutique en ligne existante, aboutissant \u00e0 une exp\u00e9rience utilisateur vraiment rationalis\u00e9e et sans tracas pour vous et vos clients. En outre, il convient de noter que ce plugin exploite la puissance de la technologie innovante de l&rsquo;Ajax, ce qui permet un chargement acc\u00e9l\u00e9r\u00e9 et efficace de contenu sur votre site Web. Par cons\u00e9quent, cela ne sert pas seulement \u00e0 am\u00e9liorer la vitesse et la r\u00e9activit\u00e9 globales de votre site, mais joue \u00e9galement un r\u00f4le essentiel dans l&rsquo;optimisation de l&rsquo;exp\u00e9rience globale pour vos clients. En fin de compte, en incorporant les onglets SS WooCommerce MyAccount Ajax dans votre boutique en ligne, vous pourrez offrir \u00e0 vos clients une exp\u00e9rience in\u00e9gal\u00e9e et superlative qui laissera certainement une impression durable.<\/p>\n","protected":false},"featured_media":145318,"comment_status":"open","ping_status":"open","template":"","meta":[],"product_brand":[2435],"product_cat":[1182,1223,1181],"product_tag":[1231],"class_list":{"0":"post-113531","1":"product","2":"type-product","3":"status-publish","4":"has-post-thumbnail","6":"product_brand-codecanyon","7":"product_cat-commerce-electronique-plugins","8":"product_cat-personnalisation-commerce-electronique-plugins","9":"product_cat-plugins","10":"product_tag-codecanyon","11":"member-discount","12":"discount-restricted","14":"first","15":"instock","16":"sale","17":"downloadable","18":"virtual","19":"sold-individually","20":"purchasable","21":"product-type-simple"},"_links":{"self":[{"href":"https:\/\/gpl-love.com\/fr\/wp-json\/wp\/v2\/product\/113531","targetHints":{"allow":["GET"]}}],"collection":[{"href":"https:\/\/gpl-love.com\/fr\/wp-json\/wp\/v2\/product"}],"about":[{"href":"https:\/\/gpl-love.com\/fr\/wp-json\/wp\/v2\/types\/product"}],"replies":[{"embeddable":true,"href":"https:\/\/gpl-love.com\/fr\/wp-json\/wp\/v2\/comments?post=113531"}],"wp:featuredmedia":[{"embeddable":true,"href":"https:\/\/gpl-love.com\/fr\/wp-json\/wp\/v2\/media\/145318"}],"wp:attachment":[{"href":"https:\/\/gpl-love.com\/fr\/wp-json\/wp\/v2\/media?parent=113531"}],"wp:term":[{"taxonomy":"product_brand","embeddable":true,"href":"https:\/\/gpl-love.com\/fr\/wp-json\/wp\/v2\/product_brand?post=113531"},{"taxonomy":"product_cat","embeddable":true,"href":"https:\/\/gpl-love.com\/fr\/wp-json\/wp\/v2\/product_cat?post=113531"},{"taxonomy":"product_tag","embeddable":true,"href":"https:\/\/gpl-love.com\/fr\/wp-json\/wp\/v2\/product_tag?post=113531"}],"curies":[{"name":"wp","href":"https:\/\/api.w.org\/{rel}","templated":true}]}}