{"id":113529,"date":"2024-10-03T00:00:00","date_gmt":"2024-10-02T22:00:00","guid":{"rendered":"http:\/\/gpl-love.com\/fr\/produit\/woocommerce-order-approval\/"},"modified":"2026-04-10T18:47:34","modified_gmt":"2026-04-10T16:47:34","slug":"woocommerce-order-approval","status":"publish","type":"product","link":"https:\/\/gpl-love.com\/fr\/produit\/woocommerce-order-approval\/","title":{"rendered":"WooCommerce Order Approval 9.4"},"content":{"rendered":"<h3>WooCommerce Order Approval Traits<\/h3>\n<p>Le plugin d&rsquo;approbation de commande WooCommerce est un outil indispensable pour les propri\u00e9taires de magasins cherchant \u00e0 rationaliser leur syst\u00e8me de traitement des commandes de mani\u00e8re transparente. En incorporant ce plugin dans votre site Web, vous aurez la capacit\u00e9 de g\u00e9rer sans effort vos commandes gr\u00e2ce \u00e0 la cr\u00e9ation de workflows d&rsquo;approbation adapt\u00e9s \u00e0 vos besoins sp\u00e9cifiques. La polyvalence de ce plugin permet l&rsquo;attribution de plusieurs approbateurs pour chaque ordre individuel, chacun qui peut se voir attribuer des r\u00f4les et des autorisations distinctes. Lors de la soumission d&rsquo;une ordonnance, il sera temporairement d\u00e9tenu pour approbation, vous permettant ainsi d&rsquo;acc\u00e9der commod\u00e9ment \u00e0 une liste compl\u00e8te des commandes en attente qui n\u00e9cessitent l&rsquo;approbation. De plus, la fourniture de notifications par e-mail automatis\u00e9es sert \u00e0 informer rapidement les approbateurs chaque fois qu&rsquo;une commande n\u00e9cessite leur attention individuelle. L&rsquo;adoption de l&rsquo;utilisation de ce plugin vous permettra par cons\u00e9quent de garantir que chaque commande est m\u00e9ticuleusement examin\u00e9e et approuv\u00e9e avant le d\u00e9but de l&rsquo;\u00e9tape de traitement, att\u00e9nuant par cons\u00e9quent la probabilit\u00e9 d&rsquo;erreurs et servant \u00e0 am\u00e9liorer l&rsquo;exp\u00e9rience client globale.<\/p>\n<ul>\n<li>Permet aux propri\u00e9taires de magasins d&rsquo;approuver ou de rejeter les commandes avant de traiter le paiement<\/li>\n<li>Donne aux propri\u00e9taires de magasins un meilleur contr\u00f4le sur le processus de r\u00e9alisation des commandes<\/li>\n<li>\u00c9viter le traitement des paiements pour les commandes qui n\u00e9cessitent des informations suppl\u00e9mentaires ou une confirmation<\/li>\n<li>rationalise la communication entre les propri\u00e9taires de magasins et les clients<\/li>\n<li>Aide \u00e0 r\u00e9duire la probabilit\u00e9 de traiter les ordres frauduleux<\/li>\n<li>Fonctionne de mani\u00e8re transparente avec les workflows et outils existants<\/li>\n<li>Am\u00e9liore la satisfaction globale du client en garantissant que les commandes sont remplies avec pr\u00e9cision et opportun<\/li>\n<li>Peut \u00eatre facilement personnalis\u00e9 pour r\u00e9pondre aux besoins uniques de chaque propri\u00e9taire de magasin<\/li>\n<li>Gave le temps et les efforts en automatisant le processus d&rsquo;approbation de la commande<\/li>\n<li>Fournit des informations pr\u00e9cieuses sur les mod\u00e8les de commande des clients et le comportement.<\/li>\n<\/ul>\n","protected":false},"excerpt":{"rendered":"<p>L&rsquo;approbation de l&rsquo;ordre de WooCommerce, un outil robuste m\u00e9ticuleusement con\u00e7u pour faciliter une gestion efficace des flux de travail des commandes pour les entreprises, s&rsquo;av\u00e8re indispensable. Ce plugin ing\u00e9nieux permet aux propri\u00e9taires de magasins la possibilit\u00e9 d&rsquo;approuver m\u00e9ticuleusement ou de d\u00e9sapprouver les demandes de commande avant de se lancer dans la phase de traitement, garantissant ainsi des livraisons de produits pr\u00e9cises et ponctuelles. Rassurez-vous, avec l&rsquo;approbation de l&rsquo;ordonnance WooCommerce, la mise en place des r\u00e9glementations d&rsquo;approbation de l&rsquo;ordre, englobant la d\u00e9termination des valeurs de commande minimales ou des restrictions sur les quantit\u00e9s de commande, devient une t\u00e2che simple. En outre, le r\u00e9pertoire du plugin comprend des notifications par e-mail personnalisables et une interface conviviale, facilitant ainsi la gestion des commandes transparente du d\u00e9but \u00e0 l&rsquo;aboutissement. Que vous vous trouviez confi\u00e9 \u00e0 la gestion d&rsquo;une modeste boutique en ligne ou d&rsquo;une vaste entreprise, l&rsquo;approbation de la commande WooCommerce appara\u00eet comme la solution ultime, rationalisant de mani\u00e8re approfondie votre flux de travail de commande tout en renfor\u00e7ant simultan\u00e9ment la satisfaction du client.<\/p>\n","protected":false},"featured_media":145940,"comment_status":"open","ping_status":"open","template":"","meta":[],"product_brand":[2435],"product_cat":[1183,1182,1181],"product_tag":[1231],"class_list":{"0":"post-113529","1":"product","2":"type-product","3":"status-publish","4":"has-post-thumbnail","6":"product_brand-codecanyon","7":"product_cat-administration","8":"product_cat-commerce-electronique-plugins","9":"product_cat-plugins","10":"product_tag-codecanyon","11":"member-discount","12":"discount-restricted","14":"first","15":"instock","16":"sale","17":"downloadable","18":"virtual","19":"sold-individually","20":"purchasable","21":"product-type-simple"},"_links":{"self":[{"href":"https:\/\/gpl-love.com\/fr\/wp-json\/wp\/v2\/product\/113529","targetHints":{"allow":["GET"]}}],"collection":[{"href":"https:\/\/gpl-love.com\/fr\/wp-json\/wp\/v2\/product"}],"about":[{"href":"https:\/\/gpl-love.com\/fr\/wp-json\/wp\/v2\/types\/product"}],"replies":[{"embeddable":true,"href":"https:\/\/gpl-love.com\/fr\/wp-json\/wp\/v2\/comments?post=113529"}],"wp:featuredmedia":[{"embeddable":true,"href":"https:\/\/gpl-love.com\/fr\/wp-json\/wp\/v2\/media\/145940"}],"wp:attachment":[{"href":"https:\/\/gpl-love.com\/fr\/wp-json\/wp\/v2\/media?parent=113529"}],"wp:term":[{"taxonomy":"product_brand","embeddable":true,"href":"https:\/\/gpl-love.com\/fr\/wp-json\/wp\/v2\/product_brand?post=113529"},{"taxonomy":"product_cat","embeddable":true,"href":"https:\/\/gpl-love.com\/fr\/wp-json\/wp\/v2\/product_cat?post=113529"},{"taxonomy":"product_tag","embeddable":true,"href":"https:\/\/gpl-love.com\/fr\/wp-json\/wp\/v2\/product_tag?post=113529"}],"curies":[{"name":"wp","href":"https:\/\/api.w.org\/{rel}","templated":true}]}}