{"id":113527,"date":"2022-03-15T00:00:00","date_gmt":"2022-03-14T23:00:00","guid":{"rendered":"http:\/\/gpl-love.com\/fr\/produit\/ultimate-member-friends-addon\/"},"modified":"2026-03-20T22:57:30","modified_gmt":"2026-03-20T21:57:30","slug":"ultimate-member-friends-addon","status":"publish","type":"product","link":"https:\/\/gpl-love.com\/fr\/produit\/ultimate-member-friends-addon\/","title":{"rendered":"Brisk Multi-Purpose Elementor WordPress Theme 3.2.2"},"content":{"rendered":"<h3>Brisk Multi-Purpose Elementor WordPress Theme Traits<\/h3>\n<p>Le th\u00e8me WordPress Elementor Multi-Purpose Brisk, avec sa polyvalence et son dynamisme, s&rsquo;av\u00e8re \u00eatre une option exceptionnelle pour un \u00e9ventail diversifi\u00e9 de sites Web. Que l&rsquo;on soit entrepreneur, pigiste ou agence, ce th\u00e8me englobe tous les \u00e9l\u00e9ments n\u00e9cessaires pour fa\u00e7onner un site Web remarquable de qualit\u00e9 professionnelle. Gr\u00e2ce \u00e0 l&rsquo;utilisation de son constructeur de pages de glisser-d\u00e9poser Elementor, les individus ont la possibilit\u00e9 de personnaliser sans effort les dispositions, les couleurs, les polices et un \u00e9ventail d&rsquo;autres facettes, garantissant ainsi que leur site Web s&rsquo;aligne parfaitement sur le style distinct de leur marque. B\u00e9n\u00e9ficiant d&rsquo;une s\u00e9lection de plus de 80 mod\u00e8les pr\u00e9-con\u00e7us, les utilisateurs peuvent g\u00e9n\u00e9rer rapidement des pages adapt\u00e9es \u00e0 un blog, un portefeuille, un magasin ou toute autre classification du site Web. De plus, le th\u00e8me WordPress Elementor Multi-usulor vif est habilement optimis\u00e9 pour la vitesse, garantissant que son site se charge rapidement et efficacement pour la lecture de leur public. En conclusion, ce th\u00e8me s&rsquo;av\u00e8re \u00eatre un choix exceptionnel pour tous ceux qui cherchent \u00e0 cr\u00e9er un site Web visuellement captivant et hautement fonctionnel avec une facilit\u00e9 in\u00e9gal\u00e9e.<\/p>\n<ul>\n<li>Th\u00e8me convivial et personnalisable pour le d\u00e9veloppement du site Web WordPress<\/li>\n<li>Comprend plus de 15 d\u00e9mos pr\u00e9-con\u00e7ues pour diverses niches telles que les affaires, l&rsquo;agence, le portefeuille et le commerce \u00e9lectronique<\/li>\n<li>Options de personnalisation avanc\u00e9es avec le constructeur de page Elementor<\/li>\n<li>Compatible avec les plugins WordPress populaires tels que WooCommerce, Contact Form 7 et Yoast SEO<\/li>\n<li>Conception enti\u00e8rement r\u00e9active pour une visualisation transparente sur n&rsquo;importe quel appareil<\/li>\n<li>Vitesse de chargement rapide pour une am\u00e9lioration de l&rsquo;exp\u00e9rience utilisateur et un classement SEO<\/li>\n<li>Comprend plusieurs styles d&rsquo;en-t\u00eate et de pied de page pour plus de flexibilit\u00e9 de conception<\/li>\n<li>Int\u00e9gration int\u00e9gr\u00e9e des m\u00e9dias sociaux avec les boutons de partage et de suivi<\/li>\n<li>Documentation robuste et \u00e9quipe de support d\u00e9di\u00e9e pour tout probl\u00e8me ou questions<\/li>\n<li>Mises \u00e0 jour r\u00e9guli\u00e8res et corrections de bogues pour assurer des performances et une compatibilit\u00e9 optimales avec les mises \u00e0 jour WordPress.<\/li>\n<\/ul>\n","protected":false},"excerpt":{"rendered":"<p>Lib\u00e9rez la puissance de la cr\u00e9ativit\u00e9 avec le th\u00e8me WordPress Elementor Multi-usulor vif. Ce th\u00e8me innovant et convivial est parfait pour tout type de site Web, allant des magasins de commerce \u00e9lectronique aux blogs personnels, aux portefeuilles, etc. Avec le Robust Elementor Page Builder, vous pouvez facilement personnaliser votre site Web pour correspondre \u00e0 votre style et aux pr\u00e9f\u00e9rences uniques. Le th\u00e8me est \u00e9galement livr\u00e9 avec un design r\u00e9actif, garantissant que votre site est magnifique sur tous les appareils. Associ\u00e9 au r\u00e9f\u00e9rencement, il aide votre site \u00e0 se classer plus haut dans les r\u00e9sultats de recherche, augmentant sa visibilit\u00e9 et attirant plus de visiteurs. Le th\u00e8me WordPress Elementor Multi-Purpose Brisk propose \u00e9galement un \u00e9ventail de fonctionnalit\u00e9s impressionnantes telles que des en-t\u00eates et des pieds de page personnalisables, une int\u00e9gration de polices Google et une compatibilit\u00e9 WooCommerce. Ce n&rsquo;est pas seulement un th\u00e8me, c&rsquo;est une solution compl\u00e8te pour \u00e9tablir une pr\u00e9sence en ligne r\u00e9ussie. \u00c9levez votre site Web avec le th\u00e8me WordPress Elementor Multi-usulor vif.<\/p>\n","protected":false},"featured_media":143322,"comment_status":"open","ping_status":"open","template":"","meta":[],"product_brand":[2433],"product_cat":[1214,1212,1213],"product_tag":[1366],"class_list":{"0":"post-113527","1":"product","2":"type-product","3":"status-publish","4":"has-post-thumbnail","6":"product_brand-themeforest","7":"product_cat-polyvalent","8":"product_cat-themes","9":"product_cat-wordpress-themes","10":"product_tag-themeforest","11":"member-discount","12":"discount-restricted","14":"first","15":"instock","16":"sale","17":"downloadable","18":"virtual","19":"sold-individually","20":"purchasable","21":"product-type-simple"},"_links":{"self":[{"href":"https:\/\/gpl-love.com\/fr\/wp-json\/wp\/v2\/product\/113527","targetHints":{"allow":["GET"]}}],"collection":[{"href":"https:\/\/gpl-love.com\/fr\/wp-json\/wp\/v2\/product"}],"about":[{"href":"https:\/\/gpl-love.com\/fr\/wp-json\/wp\/v2\/types\/product"}],"replies":[{"embeddable":true,"href":"https:\/\/gpl-love.com\/fr\/wp-json\/wp\/v2\/comments?post=113527"}],"wp:featuredmedia":[{"embeddable":true,"href":"https:\/\/gpl-love.com\/fr\/wp-json\/wp\/v2\/media\/143322"}],"wp:attachment":[{"href":"https:\/\/gpl-love.com\/fr\/wp-json\/wp\/v2\/media?parent=113527"}],"wp:term":[{"taxonomy":"product_brand","embeddable":true,"href":"https:\/\/gpl-love.com\/fr\/wp-json\/wp\/v2\/product_brand?post=113527"},{"taxonomy":"product_cat","embeddable":true,"href":"https:\/\/gpl-love.com\/fr\/wp-json\/wp\/v2\/product_cat?post=113527"},{"taxonomy":"product_tag","embeddable":true,"href":"https:\/\/gpl-love.com\/fr\/wp-json\/wp\/v2\/product_tag?post=113527"}],"curies":[{"name":"wp","href":"https:\/\/api.w.org\/{rel}","templated":true}]}}