{"id":113523,"date":"2023-06-01T00:00:00","date_gmt":"2023-05-31T22:00:00","guid":{"rendered":"http:\/\/gpl-love.com\/fr\/produit\/apollo-html-5-audio-player-for-wpbakery-page-builder\/"},"modified":"2026-03-20T22:54:48","modified_gmt":"2026-03-20T21:54:48","slug":"apollo-html-5-audio-player-for-wpbakery-page-builder","status":"publish","type":"product","link":"https:\/\/gpl-love.com\/fr\/produit\/apollo-html-5-audio-player-for-wpbakery-page-builder\/","title":{"rendered":"Apollo HTML 5 Audio Player pour WPBakery Page Builder 2.5"},"content":{"rendered":"<h3>Apollo HTML 5 Audio Player pour WPBakery Page Builder Traits<\/h3>\n<p>Le lecteur audio APOLLO HTML 5 pour WPBakery Page Builder est un lecteur audio incroyablement robuste et convivial qui fournit un moyen sans couture et sans effort d&rsquo;incorporer des fichiers audio dans votre site Web. Sa compatibilit\u00e9 exceptionnelle avec WPBakery Page Builder permet une personnalisation sans effort, vous permettant d&rsquo;adapter le joueur \u00e0 s&rsquo;aligner parfaitement avec la conception et la mise en page uniques de votre site Web. Ce joueur audio remarquable prend en charge une vaste gamme de formats de fichiers audio, englobant des options populaires telles que MP3, WAV et OGG, tout en offrant un \u00e9ventail de fonctionnalit\u00e9s avanc\u00e9es, y compris la possibilit\u00e9 de cr\u00e9er des listes de lecture, d&rsquo;activer le mode Shuffle et d&rsquo;activer le mode de r\u00e9p\u00e9tition. De plus, sa conception remarquablement adaptative garantit que le lecteur audio conserve son excellence visuelle et ses fonctionnalit\u00e9s optimales sur tous les appareils, en s&rsquo;adaptant sans effort aux dimensions d&rsquo;\u00e9cran des ordinateurs de bureau, des tablettes et des t\u00e9l\u00e9phones portables. Compte tenu de sa simplicit\u00e9 remarquable dans l&rsquo;utilisation et de sa gamme enrichie de fonctionnalit\u00e9s, le lecteur audio Apollo HTML 5 \u00e9merge vraiment comme la solution ultime pour incorporer de mani\u00e8re transparente des \u00e9l\u00e9ments audio dans votre site Web.<\/p>\n<ul>\n<li>INTRESSE SUPPORTEMENT avec WPBAKERY Page Builder pour une personnalisation et un placement faciles des joueurs audio.<\/li>\n<li>La conception enti\u00e8rement r\u00e9active permet une visualisation optimale sur n&rsquo;importe quel appareil.<\/li>\n<li>Prend en charge une large gamme de formats de fichiers audio, y compris MP3, WAV et OGG.<\/li>\n<li>Options avanc\u00e9es pour personnaliser les commandes et l&rsquo;apparence des joueurs, y compris les sch\u00e9mas de couleurs et les styles de bouton.<\/li>\n<li>L&rsquo;interface facile \u00e0 utiliser fait de l&rsquo;ajout de contenu audio \u00e0 votre site Web.<\/li>\n<li>Utilise la derni\u00e8re technologie HTML 5 pour la lecture audio rapide et fiable.<\/li>\n<li>Comprend une documentation compl\u00e8te et une prise en charge du d\u00e9pannage et de la personnalisation.<\/li>\n<\/ul>\n","protected":false},"excerpt":{"rendered":"<p>Am\u00e9liorez les capacit\u00e9s audio de votre site Web avec le lecteur audio Apollo HTML 5 pour WPBakery Page Builder. Ce lecteur audio riche en fonctionnalit\u00e9s est sp\u00e9cialement con\u00e7u pour WPBAKERY, un b\u00e2timent de page WordPress leader, pour permettre une int\u00e9gration transparente et des fonctionnalit\u00e9s plus \u00e9lev\u00e9es. Avec sa technologie HTML 5, le lecteur audio Apollo assure une exp\u00e9rience audio fluide et de haute qualit\u00e9 compatible sur une gamme d&rsquo;appareils. Il est personnalisable, facile \u00e0 utiliser et parfait pour quiconque visant \u00e0 ajouter une touche professionnelle \u00e0 leur site Web. Ne laissez pas votre public manquer un battement, amplifie votre contenu audio avec le lecteur audio Apollo HTML 5 pour WPBakery Page Builder.<\/p>\n","protected":false},"featured_media":143142,"comment_status":"open","ping_status":"open","template":"","meta":[],"product_brand":[2435],"product_cat":[1189,1181,1186],"product_tag":[1231],"class_list":{"0":"post-113523","1":"product","2":"type-product","3":"status-publish","4":"has-post-thumbnail","6":"product_brand-codecanyon","7":"product_cat-personnalisation","8":"product_cat-plugins","9":"product_cat-wordpress-plugins","10":"product_tag-codecanyon","11":"member-discount","12":"discount-restricted","14":"first","15":"instock","16":"sale","17":"downloadable","18":"virtual","19":"sold-individually","20":"purchasable","21":"product-type-simple"},"_links":{"self":[{"href":"https:\/\/gpl-love.com\/fr\/wp-json\/wp\/v2\/product\/113523","targetHints":{"allow":["GET"]}}],"collection":[{"href":"https:\/\/gpl-love.com\/fr\/wp-json\/wp\/v2\/product"}],"about":[{"href":"https:\/\/gpl-love.com\/fr\/wp-json\/wp\/v2\/types\/product"}],"replies":[{"embeddable":true,"href":"https:\/\/gpl-love.com\/fr\/wp-json\/wp\/v2\/comments?post=113523"}],"wp:featuredmedia":[{"embeddable":true,"href":"https:\/\/gpl-love.com\/fr\/wp-json\/wp\/v2\/media\/143142"}],"wp:attachment":[{"href":"https:\/\/gpl-love.com\/fr\/wp-json\/wp\/v2\/media?parent=113523"}],"wp:term":[{"taxonomy":"product_brand","embeddable":true,"href":"https:\/\/gpl-love.com\/fr\/wp-json\/wp\/v2\/product_brand?post=113523"},{"taxonomy":"product_cat","embeddable":true,"href":"https:\/\/gpl-love.com\/fr\/wp-json\/wp\/v2\/product_cat?post=113523"},{"taxonomy":"product_tag","embeddable":true,"href":"https:\/\/gpl-love.com\/fr\/wp-json\/wp\/v2\/product_tag?post=113523"}],"curies":[{"name":"wp","href":"https:\/\/api.w.org\/{rel}","templated":true}]}}