{"id":113521,"date":"2021-04-05T00:00:00","date_gmt":"2021-04-04T22:00:00","guid":{"rendered":"http:\/\/gpl-love.com\/fr\/produit\/warranties-and-returns-for-woocommerce\/"},"modified":"2026-04-10T18:45:17","modified_gmt":"2026-04-10T16:45:17","slug":"warranties-and-returns-for-woocommerce","status":"publish","type":"product","link":"https:\/\/gpl-love.com\/fr\/produit\/warranties-and-returns-for-woocommerce\/","title":{"rendered":"Warranties et Returns pour WooCommerce 5.2.1"},"content":{"rendered":"<h3>Warranties et Returns pour WooCommerce Traits<\/h3>\n<p>Les garanties et les rendements pour WooCommerce sont un plugin extr\u00eamement puissant qui sert \u00e0 rationaliser le processus lourd de gestion des garanties et de retours pour votre boutique en ligne. Ce plugin poss\u00e8de une vaste gamme de fonctionnalit\u00e9s sophistiqu\u00e9es qui facilitent efficacement la gestion des demandes des clients, la surveillance des rendements, la facilitation des remboursements et le traitement des r\u00e9clamations de garantie. \u00c0 l&rsquo;aide de ce plugin remarquable, vous pouvez fa\u00e7onner et adapter les politiques de garantie \u00e0 vos sp\u00e9cifications exactes, \u00e9tablir des r\u00e9glementations de retour et m\u00eame automatiser l&rsquo;int\u00e9gralit\u00e9 du processus de l&rsquo;initiation \u00e0 l&rsquo;ach\u00e8vement. De plus, vous poss\u00e9dez la possibilit\u00e9 de construire une page de garanties et de renvoie d\u00e9di\u00e9es sur votre site Web, remplie d&rsquo;une interface intuitivement conviviale et de formulaires modifiables. Que vous jouiez des biens, des garanties et des retours et des rendements tangibles ou intangibles pour vous accorder les moyens de superviser sans effort votre garantie et vos politiques de retour, garantissant ainsi que vos pr\u00e9cieux clients profitent d&rsquo;une exp\u00e9rience de magasinage impeccablement sans faille.<\/p>\n<ul>\n<li>Configuration facile et gestion des garanties et des rendements pour votre boutique WooCommerce<\/li>\n<li>Int\u00e9gration compl\u00e8te avec WooCommerce, ce qui facilite le suivi et les demandes de garantie et de retour<\/li>\n<li>Conditions g\u00e9n\u00e9rales de garantie personnalisables, y compris la dur\u00e9e de la couverture et le type de couverture<\/li>\n<li>Capacit\u00e9 \u00e0 suivre les r\u00e9clamations et les rendements de la garantie du d\u00e9but \u00e0 la fin, en tenant les clients inform\u00e9s \u00e0 chaque \u00e9tape du chemin<\/li>\n<li>Notifications par e-mail automatiques envoy\u00e9es aux clients lorsque leur garantie ou leur demande de retour a \u00e9t\u00e9 approuv\u00e9e ou refus\u00e9e<\/li>\n<li>Option pour les clients pour acheter une couverture de garantie prolong\u00e9e pour plus de tranquillit\u00e9 d&rsquo;esprit<\/li>\n<li>Int\u00e9gration transparente avec des transporteurs d&rsquo;exp\u00e9dition populaires pour la cr\u00e9ation facile de l&rsquo;\u00e9tiquette de retour et le suivi des exp\u00e9ditions<\/li>\n<li>Des rapports et des analyses d\u00e9taill\u00e9s pour vous aider \u00e0 suivre la garantie et le retour des tendances et \u00e0 prendre des d\u00e9cisions bas\u00e9es sur les donn\u00e9es pour votre entreprise.<\/li>\n<\/ul>\n","protected":false},"excerpt":{"rendered":"<p>Les garanties et les retours pour WooCommerce sont un outil incroyable qui vous accorde la possibilit\u00e9 de g\u00e9rer et d&rsquo;\u00e9tablir sans effort les garanties et les politiques de retour pour votre boutique en ligne estim\u00e9e. Ce plugin tr\u00e8s robuste vous permet d&rsquo;adapter vos garanties et de retourner les politiques pour vous aligner pr\u00e9cis\u00e9ment sur les exigences uniques de votre entreprise, tout en englobant une pl\u00e9thore de fonctionnalit\u00e9s de pointe qui optimisent efficacement votre flux de travail et garantissent efficacement la satisfaction du client in\u00e9gal\u00e9. Que vous aspirez \u00e0 fournir des remboursements simples ou des programmes de garantie complets, des garanties et des retours pour WooCommerce incarne parfaitement la r\u00e9solution id\u00e9ale pour votre entreprise en ligne florissante.<\/p>\n","protected":false},"featured_media":145737,"comment_status":"open","ping_status":"open","template":"","meta":[],"product_brand":[2435],"product_cat":[1183,1182,1181],"product_tag":[1231],"class_list":{"0":"post-113521","1":"product","2":"type-product","3":"status-publish","4":"has-post-thumbnail","6":"product_brand-codecanyon","7":"product_cat-administration","8":"product_cat-commerce-electronique-plugins","9":"product_cat-plugins","10":"product_tag-codecanyon","11":"member-discount","12":"discount-restricted","14":"first","15":"instock","16":"sale","17":"downloadable","18":"virtual","19":"sold-individually","20":"purchasable","21":"product-type-simple"},"_links":{"self":[{"href":"https:\/\/gpl-love.com\/fr\/wp-json\/wp\/v2\/product\/113521","targetHints":{"allow":["GET"]}}],"collection":[{"href":"https:\/\/gpl-love.com\/fr\/wp-json\/wp\/v2\/product"}],"about":[{"href":"https:\/\/gpl-love.com\/fr\/wp-json\/wp\/v2\/types\/product"}],"replies":[{"embeddable":true,"href":"https:\/\/gpl-love.com\/fr\/wp-json\/wp\/v2\/comments?post=113521"}],"wp:featuredmedia":[{"embeddable":true,"href":"https:\/\/gpl-love.com\/fr\/wp-json\/wp\/v2\/media\/145737"}],"wp:attachment":[{"href":"https:\/\/gpl-love.com\/fr\/wp-json\/wp\/v2\/media?parent=113521"}],"wp:term":[{"taxonomy":"product_brand","embeddable":true,"href":"https:\/\/gpl-love.com\/fr\/wp-json\/wp\/v2\/product_brand?post=113521"},{"taxonomy":"product_cat","embeddable":true,"href":"https:\/\/gpl-love.com\/fr\/wp-json\/wp\/v2\/product_cat?post=113521"},{"taxonomy":"product_tag","embeddable":true,"href":"https:\/\/gpl-love.com\/fr\/wp-json\/wp\/v2\/product_tag?post=113521"}],"curies":[{"name":"wp","href":"https:\/\/api.w.org\/{rel}","templated":true}]}}