{"id":113519,"date":"2025-05-05T00:00:00","date_gmt":"2025-05-04T22:00:00","guid":{"rendered":"http:\/\/gpl-love.com\/fr\/produit\/woobe-woocommerce-bulk-editor-and-products-manager-professional\/"},"modified":"2026-04-10T18:45:53","modified_gmt":"2026-04-10T16:45:53","slug":"woobe-woocommerce-bulk-editor-and-products-manager-professional","status":"publish","type":"product","link":"https:\/\/gpl-love.com\/fr\/produit\/woobe-woocommerce-bulk-editor-and-products-manager-professional\/","title":{"rendered":"WOOBE WooCommerce Bulk Editor et Products Manager Professional 2.1.7"},"content":{"rendered":"<h3>WOOBE WooCommerce Bulk Editor et Products Manager Professional Traits<\/h3>\n<p>Woobe WooCommerce Bulk Editor and Products Manager Professional est un outil incroyablement puissant sp\u00e9cialement con\u00e7u pour r\u00e9pondre aux besoins des entreprises qui s&rsquo;appuient fortement sur WooCommerce. Ce logiciel exceptionnel offre aux utilisateurs la possibilit\u00e9 de g\u00e9rer sans effort leur inventaire et de mettre \u00e0 jour efficacement plusieurs produits simultan\u00e9ment. La fonctionnalit\u00e9 ing\u00e9nieuse de l&rsquo;\u00e9diteur en vrac accorde aux utilisateurs le pouvoir d&rsquo;apporter simultan\u00e9ment des modifications \u00e0 une multitude de produits, ce qui permet finalement \u00e0 un temps et \u00e0 des efforts pr\u00e9cieux. De plus, le logiciel offre la commodit\u00e9 de cr\u00e9er de nouveaux produits en vrac via une importation de fichiers CSV pratique. En outre, la fonctionnalit\u00e9 du chef de produit accorde aux utilisateurs un contr\u00f4le in\u00e9gal\u00e9 sur l&rsquo;inventaire de leur magasin, en les permettant d&rsquo;ajouter, de modifier et de supprimer les produits sans effort \u00e0 leur discr\u00e9tion. En r\u00e9sum\u00e9, le Woobe WooCommerce Bulk Editor et Products Manager Professional repr\u00e9sente ind\u00e9niablement un outil indispensable pour toute entreprise cherchant \u00e0 optimiser leurs op\u00e9rations de commerce \u00e9lectronique et \u00e0 am\u00e9liorer leur rentabilit\u00e9 globale.<\/p>\n<ul>\n<li>G\u00e9rer plusieurs produits \u00e0 la fois avec des capacit\u00e9s d&rsquo;\u00e9dition en vrac<\/li>\n<li>Simplifiez la gestion des produits en cr\u00e9ant des r\u00e8gles pour les mises \u00e0 jour des produits<\/li>\n<li>Mettre \u00e0 jour les attributs, les cat\u00e9gories et les balises du produit en vrac<\/li>\n<li>Ajouter ou supprimer facilement les produits des ventes et des promotions<\/li>\n<li>Exporter et importer des donn\u00e9es de produit pour des mises \u00e0 jour rapides<\/li>\n<li>Capacit\u00e9s de recherche avanc\u00e9es pour une gestion rapide et efficace des produits<\/li>\n<li>Personnalisez les tableaux de produits pour afficher uniquement les informations n\u00e9cessaires<\/li>\n<li>Filtres de produit pour les mises \u00e0 jour cibl\u00e9es et l&rsquo;organisation<\/li>\n<li>Planifiez les mises \u00e0 jour des produits pour la mise en \u0153uvre future<\/li>\n<li>Int\u00e9gration avec WooCommerce pour la gestion des produits transparentes.<\/li>\n<\/ul>\n","protected":false},"excerpt":{"rendered":"<p>L&rsquo;\u00e9diteur en vrac Woobe WooCommerce et Products Manager Professional est un outil incroyablement robuste et efficace qui offre un niveau de commodit\u00e9 in\u00e9gal\u00e9 lorsqu&rsquo;il s&rsquo;agit de g\u00e9rer efficacement votre magasin WooCommerce. Ce plugin tr\u00e8s intuitif pr\u00e9sente aux utilisateurs la possibilit\u00e9 d&rsquo;apporter sans effort des modifications \u00e0 de nombreux d\u00e9tails de produit, de g\u00e9rer de mani\u00e8re experte la gestion des stocks et de classer experte les produits tout au long de quelques clics simples. Quelle que soit l&rsquo;\u00e9chelle de votre inventaire ou la taille de votre entreprise, l&rsquo;\u00e9diteur en vrac Woobe WooCommerce et le professionnel des produits professionnels r\u00e9volutionneront sans aucun doute votre flux de travail, vous permettant de maximiser l&rsquo;efficacit\u00e9 et d&rsquo;\u00e9conomiser un temps inestimable dans le processus.<\/p>\n","protected":false},"featured_media":145784,"comment_status":"open","ping_status":"open","template":"","meta":[],"product_brand":[2435],"product_cat":[1183,1182,1181],"product_tag":[1231],"class_list":{"0":"post-113519","1":"product","2":"type-product","3":"status-publish","4":"has-post-thumbnail","6":"product_brand-codecanyon","7":"product_cat-administration","8":"product_cat-commerce-electronique-plugins","9":"product_cat-plugins","10":"product_tag-codecanyon","11":"member-discount","12":"discount-restricted","14":"first","15":"instock","16":"sale","17":"downloadable","18":"virtual","19":"sold-individually","20":"purchasable","21":"product-type-simple"},"_links":{"self":[{"href":"https:\/\/gpl-love.com\/fr\/wp-json\/wp\/v2\/product\/113519","targetHints":{"allow":["GET"]}}],"collection":[{"href":"https:\/\/gpl-love.com\/fr\/wp-json\/wp\/v2\/product"}],"about":[{"href":"https:\/\/gpl-love.com\/fr\/wp-json\/wp\/v2\/types\/product"}],"replies":[{"embeddable":true,"href":"https:\/\/gpl-love.com\/fr\/wp-json\/wp\/v2\/comments?post=113519"}],"wp:featuredmedia":[{"embeddable":true,"href":"https:\/\/gpl-love.com\/fr\/wp-json\/wp\/v2\/media\/145784"}],"wp:attachment":[{"href":"https:\/\/gpl-love.com\/fr\/wp-json\/wp\/v2\/media?parent=113519"}],"wp:term":[{"taxonomy":"product_brand","embeddable":true,"href":"https:\/\/gpl-love.com\/fr\/wp-json\/wp\/v2\/product_brand?post=113519"},{"taxonomy":"product_cat","embeddable":true,"href":"https:\/\/gpl-love.com\/fr\/wp-json\/wp\/v2\/product_cat?post=113519"},{"taxonomy":"product_tag","embeddable":true,"href":"https:\/\/gpl-love.com\/fr\/wp-json\/wp\/v2\/product_tag?post=113519"}],"curies":[{"name":"wp","href":"https:\/\/api.w.org\/{rel}","templated":true}]}}