{"id":113517,"date":"2022-03-25T00:00:00","date_gmt":"2022-03-24T23:00:00","guid":{"rendered":"http:\/\/gpl-love.com\/fr\/produit\/seocify-seo-and-digital-marketing-agency-wordpress-theme\/"},"modified":"2026-04-10T18:39:16","modified_gmt":"2026-04-10T16:39:16","slug":"seocify-seo-and-digital-marketing-agency-wordpress-theme","status":"publish","type":"product","link":"https:\/\/gpl-love.com\/fr\/produit\/seocify-seo-and-digital-marketing-agency-wordpress-theme\/","title":{"rendered":"Seocify SEO And Digital Marketing Agency WordPress Theme 3.1"},"content":{"rendered":"<h3>Seocify SEO And Digital Marketing Agency WordPress Theme Traits<\/h3>\n<p>Le th\u00e8me WordPress de l&rsquo;agence SEO et de l&rsquo;agence de marketing num\u00e9rique se distingue comme un th\u00e8me tr\u00e8s avanc\u00e9 et premium, con\u00e7u exclusivement pour les agences de marketing num\u00e9rique sp\u00e9cialis\u00e9es dans l&rsquo;optimisation des moteurs de recherche (SEO) et une pl\u00e9thore d&rsquo;autres services de marketing en ligne. Ce th\u00e8me remarquable offre une flexibilit\u00e9 in\u00e9gal\u00e9e, vous permettant de la personnaliser en fonction de vos exigences distinctives et de votre identit\u00e9 de marque. Il regorge d&rsquo;une vaste gamme de fonctionnalit\u00e9s qui aident sans effort votre agence \u00e0 pr\u00e9senter efficacement ses services, son portefeuille et son \u00e9quipe exceptionnelle. En tirant parti de la puissance de Seocify, vous pouvez fa\u00e7onner sans effort un site Web sophistiqu\u00e9 et poli qui non seulement attire et conserve des clients, mais renforce \u00e9galement votre visibilit\u00e9 en ligne et propulse l&rsquo;expansion de votre entreprise prosp\u00e8re. Il importe que vous soyez une startup naissante ou une puissance marketing bien \u00e9tablie; Seocify appara\u00eet comme le choix d\u00e9finitif pour tous vos besoins en marketing num\u00e9rique.<\/p>\n<ul>\n<li>Conception personnalisable et r\u00e9active<\/li>\n<li>Sp\u00e9cialement con\u00e7u pour le r\u00e9f\u00e9rencement et les agences de marketing num\u00e9rique<\/li>\n<li>Comprend des fonctionnalit\u00e9s d&rsquo;optimisation de moteur de recherche avanc\u00e9es<\/li>\n<li>Livr\u00e9 avec des mod\u00e8les pr\u00e9d\u00e9finis pour des pages importantes comme nous, Contact et Services<\/li>\n<li>Compatible avec les constructeurs de page de glisser-d\u00e9poser populaires pour une personnalisation facile<\/li>\n<li>Comprend la section des tables de tarification int\u00e9gr\u00e9es et des t\u00e9moignages pour pr\u00e9senter votre travail<\/li>\n<li>Int\u00e9gr\u00e9 avec des plugins populaires comme Yoast SEO, le formulaire de contact 7 et WooCommerce<\/li>\n<li>Comprend plusieurs styles d&rsquo;en-t\u00eate et de pied de page \u00e0 choisir<\/li>\n<li>Traduction pr\u00eate et comprend plusieurs fichiers linguistiques<\/li>\n<li>R\u00e9guli\u00e8rement mis \u00e0 jour avec de nouvelles fonctionnalit\u00e9s et corrections de bogues<\/li>\n<li>Livr\u00e9 avec une documentation d\u00e9taill\u00e9e et un excellent support client.<\/li>\n<\/ul>\n","protected":false},"excerpt":{"rendered":"<p>Le th\u00e8me WordPress de l&rsquo;agence SEO et de l&rsquo;agence de marketing num\u00e9rique est un instrument exceptionnellement puissant pour les entreprises s&rsquo;effor\u00e7ant d&rsquo;am\u00e9liorer leur classement de moteur de recherche et leur importance num\u00e9rique. Ce th\u00e8me a \u00e9t\u00e9 m\u00e9ticuleusement con\u00e7u pour r\u00e9pondre exclusivement aux agences fournissant des services de r\u00e9f\u00e9rencement et de marketing num\u00e9rique, pr\u00e9sentant une disposition innovante et sophistiqu\u00e9e remplie d&rsquo;attributs personnalisables pour s&rsquo;aligner parfaitement avec votre marque. \u00c9quip\u00e9s d&rsquo;outils d&rsquo;optimisation de moteur de recherche pr\u00e9install\u00e9s, les utilisateurs peuvent affiner sans effort et rapidement leur site Web pour obtenir une visibilit\u00e9 et une d\u00e9couvre optimales. En outre, les fonctionnalit\u00e9s notables englobent Google Analytics int\u00e9gr\u00e9, une multitude d&rsquo;options d&rsquo;en-t\u00eate et une conception r\u00e9active qui d\u00e9gage de la magnificence dans tous les gadgets. En vertu de Seocify, votre entreprise peut \u00e9clipser ses concurrents dans le domaine f\u00e9rocement concurrentiel du marketing num\u00e9rique.<\/p>\n","protected":false},"featured_media":145219,"comment_status":"open","ping_status":"open","template":"","meta":[],"product_brand":[2433],"product_cat":[1242,1212,1213],"product_tag":[1366],"class_list":{"0":"post-113517","1":"product","2":"type-product","3":"status-publish","4":"has-post-thumbnail","6":"product_brand-themeforest","7":"product_cat-creatif","8":"product_cat-themes","9":"product_cat-wordpress-themes","10":"product_tag-themeforest","11":"member-discount","12":"discount-restricted","14":"first","15":"instock","16":"sale","17":"downloadable","18":"virtual","19":"sold-individually","20":"purchasable","21":"product-type-simple"},"_links":{"self":[{"href":"https:\/\/gpl-love.com\/fr\/wp-json\/wp\/v2\/product\/113517","targetHints":{"allow":["GET"]}}],"collection":[{"href":"https:\/\/gpl-love.com\/fr\/wp-json\/wp\/v2\/product"}],"about":[{"href":"https:\/\/gpl-love.com\/fr\/wp-json\/wp\/v2\/types\/product"}],"replies":[{"embeddable":true,"href":"https:\/\/gpl-love.com\/fr\/wp-json\/wp\/v2\/comments?post=113517"}],"wp:featuredmedia":[{"embeddable":true,"href":"https:\/\/gpl-love.com\/fr\/wp-json\/wp\/v2\/media\/145219"}],"wp:attachment":[{"href":"https:\/\/gpl-love.com\/fr\/wp-json\/wp\/v2\/media?parent=113517"}],"wp:term":[{"taxonomy":"product_brand","embeddable":true,"href":"https:\/\/gpl-love.com\/fr\/wp-json\/wp\/v2\/product_brand?post=113517"},{"taxonomy":"product_cat","embeddable":true,"href":"https:\/\/gpl-love.com\/fr\/wp-json\/wp\/v2\/product_cat?post=113517"},{"taxonomy":"product_tag","embeddable":true,"href":"https:\/\/gpl-love.com\/fr\/wp-json\/wp\/v2\/product_tag?post=113517"}],"curies":[{"name":"wp","href":"https:\/\/api.w.org\/{rel}","templated":true}]}}