{"id":113515,"date":"2022-04-05T00:00:00","date_gmt":"2022-04-04T22:00:00","guid":{"rendered":"http:\/\/gpl-love.com\/fr\/produit\/stike-it-startups-wordpress-theme\/"},"modified":"2026-04-10T18:40:33","modified_gmt":"2026-04-10T16:40:33","slug":"stike-it-startups-wordpress-theme","status":"publish","type":"product","link":"https:\/\/gpl-love.com\/fr\/produit\/stike-it-startups-wordpress-theme\/","title":{"rendered":"Stike IT Startups WordPress Theme 2.7"},"content":{"rendered":"<h3>Stike IT Startups WordPress Theme Traits<\/h3>\n<p>Le th\u00e8me WordPress des startups STIKE IT est un th\u00e8me innovant et sophistiqu\u00e9 qui a \u00e9t\u00e9 sp\u00e9cifiquement con\u00e7u pour les startups et les entreprises ax\u00e9es sur la technologie. Ce th\u00e8me exceptionnel offre une conception tr\u00e8s r\u00e9active, garantissant des fonctionnalit\u00e9s transparentes sur une large gamme d&rsquo;appareils. De plus, il poss\u00e8de une vaste gamme d&rsquo;options de personnalisation, vous permettant de l&rsquo;adapter \u00e0 l&rsquo;identit\u00e9 et aux exigences uniques de votre entreprise. En fournissant un assortiment de pages pr\u00e9-construites, en englobant des composants pivots tels que la section informative \u00ab\u00a0sur nous\u00a0\u00bb, la vue d&rsquo;ensemble des services complets et les d\u00e9tails de la tarification transparente, ce th\u00e8me facilite sans effort la vitrine efficace de votre entreprise, capturant efficacement l&rsquo;attention des clients potentiels potentiels. . En outre, il englobe une section d\u00e9di\u00e9e \u00e0 des fins de blog, vous accordant la possibilit\u00e9 de partager votre expertise de l&rsquo;industrie et de cultiver une forte pr\u00e9sence de la marque. En utilisant le th\u00e8me WordPress des startups STIKE IT, vous pouvez \u00e9tablir une formidable pr\u00e9sence en ligne, distinguant efficacement votre entreprise dans un paysage de march\u00e9 farouchement concurrentiel.<\/p>\n<ul>\n<li>Design moderne et \u00e9l\u00e9gant pour les startups et les entreprises technologiques<\/li>\n<li>Disposition de page d&rsquo;accueil personnalisable avec g\u00e9n\u00e9rateur de page Drag and Drop<\/li>\n<li>Mod\u00e8les pr\u00e9-con\u00e7us pour le portefeuille, l&rsquo;\u00e9quipe, les t\u00e9moignages et les pages de services<\/li>\n<li>Conception r\u00e9active pour une visualisation optimale sur tous les appareils<\/li>\n<li>Int\u00e9gration avec des plugins WordPress populaires tels que WooCommerce et Formulaire de contact 7<\/li>\n<li>Panneau d&rsquo;options de th\u00e8me facile \u00e0 utiliser pour une personnalisation \u00e9tendue<\/li>\n<li>SEO optimis\u00e9 pour am\u00e9liorer le classement des moteurs de recherche<\/li>\n<li>Importation en un clic de contenu de d\u00e9monstration pour mettre votre site op\u00e9rationnel rapidement<\/li>\n<li>\u00c9quipe d&rsquo;assistance amicale et d\u00e9vou\u00e9e pour obtenir de l&rsquo;aide pour tous les probl\u00e8mes ou questions.<\/li>\n<\/ul>\n","protected":false},"excerpt":{"rendered":"<p>Le th\u00e8me WordPress des startups STIKE IT se pr\u00e9sente comme la solution ultime pour les startups cherchant \u00e0 \u00e9tablir une pr\u00e9sence en ligne notable. Ce th\u00e8me de pointe et visuellement captivant poss\u00e8de une abondance de fonctionnalit\u00e9s modernes et de contr\u00f4les conviviaux, ce qui le rend sans effort g\u00e9rable pour les individus de tous les niveaux d&rsquo;expertise technique pour construire un site Web poli et sophistiqu\u00e9 dans un court laps de temps. Gr\u00e2ce \u00e0 sa conception enti\u00e8rement r\u00e9active, les propri\u00e9taires de sites peuvent \u00eatre assur\u00e9s que leur contenu d\u00e9gagera un attrait visuel optimal sur toutes sortes de dispositifs. En outre, le th\u00e8me WordPress des startups STIKE IT englobe une s\u00e9lection d&rsquo;outils de marketing formidables, y compris l&rsquo;int\u00e9gration des m\u00e9dias sociaux sans couture et l&rsquo;optimisation compl\u00e8te du r\u00e9f\u00e9rencement, qui servent tous \u00e0 catapulter les startups vers leur public cible souhait\u00e9 et faciliter la croissance exponentielle de leurs entreprises naissantes.<\/p>\n","protected":false},"featured_media":145328,"comment_status":"open","ping_status":"open","template":"","meta":[],"product_brand":[2433],"product_cat":[1516,1212,1213],"product_tag":[1366],"class_list":{"0":"post-113515","1":"product","2":"type-product","3":"status-publish","4":"has-post-thumbnail","6":"product_brand-themeforest","7":"product_cat-entreprise","8":"product_cat-themes","9":"product_cat-wordpress-themes","10":"product_tag-themeforest","11":"member-discount","12":"discount-restricted","14":"first","15":"instock","16":"sale","17":"downloadable","18":"virtual","19":"sold-individually","20":"purchasable","21":"product-type-simple"},"_links":{"self":[{"href":"https:\/\/gpl-love.com\/fr\/wp-json\/wp\/v2\/product\/113515","targetHints":{"allow":["GET"]}}],"collection":[{"href":"https:\/\/gpl-love.com\/fr\/wp-json\/wp\/v2\/product"}],"about":[{"href":"https:\/\/gpl-love.com\/fr\/wp-json\/wp\/v2\/types\/product"}],"replies":[{"embeddable":true,"href":"https:\/\/gpl-love.com\/fr\/wp-json\/wp\/v2\/comments?post=113515"}],"wp:featuredmedia":[{"embeddable":true,"href":"https:\/\/gpl-love.com\/fr\/wp-json\/wp\/v2\/media\/145328"}],"wp:attachment":[{"href":"https:\/\/gpl-love.com\/fr\/wp-json\/wp\/v2\/media?parent=113515"}],"wp:term":[{"taxonomy":"product_brand","embeddable":true,"href":"https:\/\/gpl-love.com\/fr\/wp-json\/wp\/v2\/product_brand?post=113515"},{"taxonomy":"product_cat","embeddable":true,"href":"https:\/\/gpl-love.com\/fr\/wp-json\/wp\/v2\/product_cat?post=113515"},{"taxonomy":"product_tag","embeddable":true,"href":"https:\/\/gpl-love.com\/fr\/wp-json\/wp\/v2\/product_tag?post=113515"}],"curies":[{"name":"wp","href":"https:\/\/api.w.org\/{rel}","templated":true}]}}