{"id":113508,"date":"2026-05-02T00:00:00","date_gmt":"2026-05-01T22:00:00","guid":{"rendered":"http:\/\/gpl-love.com\/fr\/produit\/woocommerce-box-office\/"},"modified":"2026-05-03T06:31:15","modified_gmt":"2026-05-03T04:31:15","slug":"woocommerce-box-office","status":"publish","type":"product","link":"https:\/\/gpl-love.com\/fr\/produit\/woocommerce-box-office\/","title":{"rendered":"WooCommerce Box Office 1.4.0"},"content":{"rendered":"<h3>WooCommerce Box Office Traits<\/h3>\n<p>WooCommerce Box Office, un plugin robuste, a \u00e9t\u00e9 m\u00e9ticuleusement con\u00e7u pour optimiser les fonctionnalit\u00e9s de votre magasin WooCommerce en incorporant un composant au box-office. Ce plugin remarquable vous permet de fournir sans effort des billets pour divers \u00e9v\u00e9nements ou performances directement sur votre site Web, \u00e9vitant ainsi l&rsquo;exigence d&rsquo;une plate-forme de billetterie tierce. Int\u00e9gr\u00e9e de mani\u00e8re transparente \u00e0 votre tableau de bord WordPress, le box-office WooCommerce vous accorde la possibilit\u00e9 de g\u00e9n\u00e9rer des \u00e9v\u00e9nements sans effort, d&rsquo;\u00e9tablir des prix et des quantit\u00e9s de billets et de superviser efficacement les ventes de billets. De plus, ce plugin poss\u00e8de une myriade de fonctionnalit\u00e9s impressionnantes, y compris, mais sans s&rsquo;y limiter, des billets personnalis\u00e9s, des capacit\u00e9s de balayage de code-barres et des rappels d&rsquo;\u00e9v\u00e9nements, garantissant ainsi une exp\u00e9rience rationalis\u00e9e et impeccable pour vous-m\u00eame et votre client\u00e8le estim\u00e9e. Que votre rassemblement pr\u00e9vu se compose d&rsquo;un concert fascinant, d&rsquo;une performance th\u00e9\u00e2trale passionnante ou de tout autre genre d&rsquo;\u00e9v\u00e9nement, assurez-vous que le box-office WooCommerce sert de solution par excellence pour la vente en ligne de billets.<\/p>\n<ul>\n<li>Un syst\u00e8me de billetterie facile \u00e0 utiliser pour les \u00e9v\u00e9nements et les spectacles<\/li>\n<li>S&rsquo;int\u00e8gre de mani\u00e8re transparente \u00e0 votre site Web WooCommerce existant<\/li>\n<li>Types de billets personnalisables, prix et disponibilit\u00e9<\/li>\n<li>Ventes et suivi des ventes en temps r\u00e9el<\/li>\n<li>Traitement des paiements s\u00e9curis\u00e9s via WooCommerce<\/li>\n<li>Tableaux de si\u00e8ges interactifs pour les \u00e9v\u00e9nements de si\u00e8ges attribu\u00e9s<\/li>\n<li>Code \u00e0 barres SCAYER pour un enregistrement rapide<\/li>\n<li>Outils de gestion des \u00e9v\u00e9nements et des billets pour les organisateurs<\/li>\n<li>Conception r\u00e9active mobile pour que les clients puissent acheter des billets sur n&rsquo;importe quel appareil<\/li>\n<\/ul>\n","protected":false},"excerpt":{"rendered":"<p>WooCommerce Box Office est un outil de pointe et r\u00e9volutionnaire m\u00e9ticuleusement con\u00e7u pour aider \u00e0 l&rsquo;optimisation et \u00e0 l&rsquo;am\u00e9lioration de votre processus de billetterie en ligne. Il s&rsquo;int\u00e8gre parfaitement \u00e0 votre magasin WooCommerce pr\u00e9existant, vous offrant l&rsquo;occasion sans effort de donner sans effort des billets pour un large \u00e9ventail d&rsquo;\u00e9v\u00e9nements, y compris, mais sans s&rsquo;y limiter, des concerts, des spectacles et d&rsquo;autres spectacles engageants. La flexibilit\u00e9 in\u00e9gal\u00e9e offerte par WooCommerce Box Office vous donne la possibilit\u00e9 de personnaliser et d&rsquo;adapter vos types de billets en fonction de vos besoins sp\u00e9cifiques, tout en vous permettant simultan\u00e9ment d&rsquo;\u00e9tablir et de r\u00e9guler les niveaux de tarification avec la plus grande pr\u00e9cision. De plus, la commodit\u00e9 et l&rsquo;efficacit\u00e9 de la gestion de toutes vos ventes de billets dans un tableau de bord facilement navigable sont un avantage ind\u00e9niable offert par ce logiciel r\u00e9volutionnaire. Adieu \u00e0 la nature perplexe et lourde des feuilles de calcul et de la saisie manuelle laborieuse, alors que le box-office WooCommerce simplifie et rationalise ces t\u00e2ches autrement ardues, garantissant ainsi une exp\u00e9rience transparente et d\u00e9licieuse pour vous en tant que fournisseur et vos clients estim\u00e9s.<\/p>\n","protected":false},"featured_media":145818,"comment_status":"open","ping_status":"open","template":"","meta":[],"product_brand":[2440],"product_cat":[1183,1182,1181],"product_tag":[1398],"class_list":{"0":"post-113508","1":"product","2":"type-product","3":"status-publish","4":"has-post-thumbnail","6":"product_brand-woocommerce","7":"product_cat-administration","8":"product_cat-commerce-electronique-plugins","9":"product_cat-plugins","10":"product_tag-woocommerce","11":"member-discount","12":"discount-restricted","14":"first","15":"instock","16":"sale","17":"downloadable","18":"virtual","19":"sold-individually","20":"purchasable","21":"product-type-simple"},"_links":{"self":[{"href":"https:\/\/gpl-love.com\/fr\/wp-json\/wp\/v2\/product\/113508","targetHints":{"allow":["GET"]}}],"collection":[{"href":"https:\/\/gpl-love.com\/fr\/wp-json\/wp\/v2\/product"}],"about":[{"href":"https:\/\/gpl-love.com\/fr\/wp-json\/wp\/v2\/types\/product"}],"replies":[{"embeddable":true,"href":"https:\/\/gpl-love.com\/fr\/wp-json\/wp\/v2\/comments?post=113508"}],"wp:featuredmedia":[{"embeddable":true,"href":"https:\/\/gpl-love.com\/fr\/wp-json\/wp\/v2\/media\/145818"}],"wp:attachment":[{"href":"https:\/\/gpl-love.com\/fr\/wp-json\/wp\/v2\/media?parent=113508"}],"wp:term":[{"taxonomy":"product_brand","embeddable":true,"href":"https:\/\/gpl-love.com\/fr\/wp-json\/wp\/v2\/product_brand?post=113508"},{"taxonomy":"product_cat","embeddable":true,"href":"https:\/\/gpl-love.com\/fr\/wp-json\/wp\/v2\/product_cat?post=113508"},{"taxonomy":"product_tag","embeddable":true,"href":"https:\/\/gpl-love.com\/fr\/wp-json\/wp\/v2\/product_tag?post=113508"}],"curies":[{"name":"wp","href":"https:\/\/api.w.org\/{rel}","templated":true}]}}