{"id":113506,"date":"2024-07-26T00:00:00","date_gmt":"2024-07-25T22:00:00","guid":{"rendered":"http:\/\/gpl-love.com\/fr\/produit\/whmcs-client-area-for-wordpress\/"},"modified":"2026-04-10T18:45:36","modified_gmt":"2026-04-10T16:45:36","slug":"whmcs-client-area-for-wordpress","status":"publish","type":"product","link":"https:\/\/gpl-love.com\/fr\/produit\/whmcs-client-area-for-wordpress\/","title":{"rendered":"WHMCS Client Area pour WordPress 4.3"},"content":{"rendered":"<h3>WHMCS Client Area pour WordPress Traits<\/h3>\n<p>Le domaine client WHMCS pour WordPress, un plugin tr\u00e8s innovant, sert \u00e0 autonomiser les propri\u00e9taires de sites Web en facilitant l&rsquo;int\u00e9gration de leur site WordPress avec des logiciels de facturation et de support WHMCS. Ce plugin remarquable assure une connexion transparente entre WordPress et WHMCS, fournissant ainsi aux entreprises une solution simple et tr\u00e8s efficace pour g\u00e9rer leurs comptes clients et leurs processus de facturation. Au moyen de ce plugin, les utilisateurs peuvent g\u00e9rer sans effort et en toute s\u00e9curit\u00e9 leurs d\u00e9tails de facturation, parcourir les factures et superviser les billets de support &#8211; tous facilement accessibles \u00e0 partir du confort de leur tableau de bord WordPress. En fin de compte, le domaine client WHMCS pour WordPress rationalise consid\u00e9rablement la t\u00e2che de gestion des comptes et de facturation des clients, ce qui en fait un outil indispensable pour les entreprises qui visent \u00e0 optimiser leurs op\u00e9rations et \u00e0 fournir un support client exceptionnel.<\/p>\n<ul>\n<li>Int\u00e9grez de mani\u00e8re transparente le portail client WHMCS dans votre site Web WordPress<\/li>\n<li>Mod\u00e8les personnalisables pour correspondre \u00e0 la conception de votre site Web<\/li>\n<li>Offrez aux clients un acc\u00e8s \u00e0 leurs factures, produits \/ services, billets de support et plus directement \u00e0 partir de votre site WordPress<\/li>\n<li>R\u00e9duire la confusion du client et augmenter l&rsquo;accessibilit\u00e9 en gardant tout au m\u00eame endroit<\/li>\n<li>Exp\u00e9rience utilisateur am\u00e9lior\u00e9e pour les clients avec une seule connexion pour WordPress et WHMCS<\/li>\n<\/ul>\n","protected":false},"excerpt":{"rendered":"<p>Le domaine client WHMCS pour WordPress, un plugin remarquablement convivial, offre aux utilisateurs la possibilit\u00e9 d&rsquo;int\u00e9grer de mani\u00e8re transparente leurs services de facturation et de soutien WHMCS directement dans leur site Web WordPress. Gr\u00e2ce \u00e0 l&rsquo;utilisation de ce plugin, les clients acqui\u00e8rent la possibilit\u00e9 de se connecter facilement, de parcourir les d\u00e9tails de leur compte, de soumettre des billets d&rsquo;assistance et de g\u00e9rer avec comp\u00e9tence leur facturation, le tout dans les limites de leur site WordPress. Cette int\u00e9gration, caract\u00e9ris\u00e9e par sa nature transparente, sert non seulement \u00e0 enrichir l&rsquo;exp\u00e9rience utilisateur globale, mais sert \u00e9galement de moyen de gagner un temps pr\u00e9cieux et de rationaliser les processus op\u00e9rationnels de votre entreprise. Prenez la d\u00e9cision de mettre \u00e0 niveau votre site Web sans d\u00e9lai et d\u00e9bloquez le potentiel d&rsquo;optimiser votre gestion des clients avec le domaine client WHMCS ph\u00e9nom\u00e9nal pour WordPress.<\/p>\n","protected":false},"featured_media":145762,"comment_status":"open","ping_status":"open","template":"","meta":[],"product_brand":[2435],"product_cat":[1187,1181,1186],"product_tag":[1231],"class_list":{"0":"post-113506","1":"product","2":"type-product","3":"status-publish","4":"has-post-thumbnail","6":"product_brand-codecanyon","7":"product_cat-administration-wordpress-plugins","8":"product_cat-plugins","9":"product_cat-wordpress-plugins","10":"product_tag-codecanyon","11":"member-discount","12":"discount-restricted","14":"first","15":"instock","16":"sale","17":"downloadable","18":"virtual","19":"sold-individually","20":"purchasable","21":"product-type-simple"},"_links":{"self":[{"href":"https:\/\/gpl-love.com\/fr\/wp-json\/wp\/v2\/product\/113506","targetHints":{"allow":["GET"]}}],"collection":[{"href":"https:\/\/gpl-love.com\/fr\/wp-json\/wp\/v2\/product"}],"about":[{"href":"https:\/\/gpl-love.com\/fr\/wp-json\/wp\/v2\/types\/product"}],"replies":[{"embeddable":true,"href":"https:\/\/gpl-love.com\/fr\/wp-json\/wp\/v2\/comments?post=113506"}],"wp:featuredmedia":[{"embeddable":true,"href":"https:\/\/gpl-love.com\/fr\/wp-json\/wp\/v2\/media\/145762"}],"wp:attachment":[{"href":"https:\/\/gpl-love.com\/fr\/wp-json\/wp\/v2\/media?parent=113506"}],"wp:term":[{"taxonomy":"product_brand","embeddable":true,"href":"https:\/\/gpl-love.com\/fr\/wp-json\/wp\/v2\/product_brand?post=113506"},{"taxonomy":"product_cat","embeddable":true,"href":"https:\/\/gpl-love.com\/fr\/wp-json\/wp\/v2\/product_cat?post=113506"},{"taxonomy":"product_tag","embeddable":true,"href":"https:\/\/gpl-love.com\/fr\/wp-json\/wp\/v2\/product_tag?post=113506"}],"curies":[{"name":"wp","href":"https:\/\/api.w.org\/{rel}","templated":true}]}}