{"id":113504,"date":"2024-02-05T00:00:00","date_gmt":"2024-02-04T23:00:00","guid":{"rendered":"http:\/\/gpl-love.com\/fr\/produit\/airi-clean-minimal-woocommerce-theme\/"},"modified":"2026-03-20T22:54:09","modified_gmt":"2026-03-20T21:54:09","slug":"airi-clean-minimal-woocommerce-theme","status":"publish","type":"product","link":"https:\/\/gpl-love.com\/fr\/produit\/airi-clean-minimal-woocommerce-theme\/","title":{"rendered":"Airi Clean Minimal WooCommerce Theme 1.6.0"},"content":{"rendered":"<h3>Airi Clean Minimal WooCommerce Theme Traits<\/h3>\n<p>Airi Clean Minimal WooCommerce Th\u00e8me, un th\u00e8me WordPress premium, offre une excellente solution pour les personnes cherchant \u00e0 \u00e9tablir des magasins en ligne professionnels. Ce th\u00e8me poss\u00e8de une conception propre et minimaliste, priorisant la pr\u00e9sentation optimale de vos produits. En outre, il offre aux utilisateurs une page d&rsquo;accueil personnalisable, accordant \u00e0 la libert\u00e9 de construire une disposition distincte gr\u00e2ce \u00e0 l&rsquo;utilisation des widgets de glisser-d\u00e9poser. Notamment, le th\u00e8me WooCommerce Airi Clean Minimal est enti\u00e8rement compatible avec WooCommerce, le c\u00e9l\u00e8bre plugin de commerce \u00e9lectronique pour WordPress. Par cons\u00e9quent, la gestion de vos produits, commandes et paiements devient une entreprise sans effort. De plus, ce th\u00e8me poss\u00e8de plusieurs autres fonctionnalit\u00e9s remarquables, telles qu&rsquo;une conception r\u00e9active, une optimisation SEO, une int\u00e9gration des m\u00e9dias sociaux et un panneau d&rsquo;options de th\u00e8me puissant. Que vous visiez \u00e0 vendre des produits physiques ou num\u00e9riques, le th\u00e8me WooCommerce Airi Clean Minimal reste un choix exceptionnel pour construire un site Web de commerce \u00e9lectronique accompli.<\/p>\n<ul>\n<li>Design moderne et \u00e9l\u00e9gant<\/li>\n<li>Enti\u00e8rement r\u00e9actif et convivial<\/li>\n<li>Construit sp\u00e9cifiquement pour les magasins WooCommerce<\/li>\n<li>Comprend plusieurs options de page d&rsquo;accueil et de mise en page<\/li>\n<li>Builder de page de glisser-d\u00e9poser facile \u00e0 utiliser<\/li>\n<li>Conception de t\u00eate et de pied de page personnalisable<\/li>\n<li>SEO optimis\u00e9 pour un meilleur classement des moteurs de recherche<\/li>\n<li>Vitesses de chargement rapide pour une meilleure exp\u00e9rience utilisateur<\/li>\n<li>Livr\u00e9 avec des plugins premium comme Slider Revolution et WPBakery Page Builder<\/li>\n<li>Prend en charge les fonctionnalit\u00e9s multicanguelles et multi-monnaies<\/li>\n<li>Documentation compl\u00e8te et \u00e9quipe de soutien d\u00e9di\u00e9e.<\/li>\n<\/ul>\n","protected":false},"excerpt":{"rendered":"<p>Embrassez l&rsquo;\u00e9l\u00e9gance de la simplicit\u00e9 avec le th\u00e8me WooCommerce minimal Airi Clean. Ce th\u00e8me est parfait pour ceux qui appr\u00e9cient une esth\u00e9tique \u00e9l\u00e9gante et moderne pour leur boutique en ligne. La compatibilit\u00e9 WooCommerce garantit une exp\u00e9rience d&rsquo;achat en douceur pour vos clients, tandis que la conception minimaliste pr\u00e9sente vos produits de mani\u00e8re attrayante. Le th\u00e8me AIRI est \u00e9galement propre, ce qui signifie qu&rsquo;il est exempt d&rsquo;\u00e9l\u00e9ments d&rsquo;encombrement et inutiles, permettant \u00e0 vos clients de se concentrer sur ce qui compte vraiment &#8211; vos produits. Les autres fonctionnalit\u00e9s cl\u00e9s incluent une personnalisation facile, une conception r\u00e9active et des mises \u00e0 jour r\u00e9guli\u00e8res. D\u00e9couvrez la simplicit\u00e9 et l&rsquo;efficacit\u00e9 du th\u00e8me WooCommerce minimal Airi Clean aujourd&rsquo;hui.<\/p>\n","protected":false},"featured_media":143099,"comment_status":"open","ping_status":"open","template":"","meta":[],"product_brand":[2433],"product_cat":[1238,1851,1212],"product_tag":[1366],"class_list":{"0":"post-113504","1":"product","2":"type-product","3":"status-publish","4":"has-post-thumbnail","6":"product_brand-themeforest","7":"product_cat-commerce-electronique-themes","8":"product_cat-entreprise-commerce-electronique-themes","9":"product_cat-themes","10":"product_tag-themeforest","11":"member-discount","12":"discount-restricted","14":"first","15":"instock","16":"sale","17":"downloadable","18":"virtual","19":"sold-individually","20":"purchasable","21":"product-type-simple"},"_links":{"self":[{"href":"https:\/\/gpl-love.com\/fr\/wp-json\/wp\/v2\/product\/113504","targetHints":{"allow":["GET"]}}],"collection":[{"href":"https:\/\/gpl-love.com\/fr\/wp-json\/wp\/v2\/product"}],"about":[{"href":"https:\/\/gpl-love.com\/fr\/wp-json\/wp\/v2\/types\/product"}],"replies":[{"embeddable":true,"href":"https:\/\/gpl-love.com\/fr\/wp-json\/wp\/v2\/comments?post=113504"}],"wp:featuredmedia":[{"embeddable":true,"href":"https:\/\/gpl-love.com\/fr\/wp-json\/wp\/v2\/media\/143099"}],"wp:attachment":[{"href":"https:\/\/gpl-love.com\/fr\/wp-json\/wp\/v2\/media?parent=113504"}],"wp:term":[{"taxonomy":"product_brand","embeddable":true,"href":"https:\/\/gpl-love.com\/fr\/wp-json\/wp\/v2\/product_brand?post=113504"},{"taxonomy":"product_cat","embeddable":true,"href":"https:\/\/gpl-love.com\/fr\/wp-json\/wp\/v2\/product_cat?post=113504"},{"taxonomy":"product_tag","embeddable":true,"href":"https:\/\/gpl-love.com\/fr\/wp-json\/wp\/v2\/product_tag?post=113504"}],"curies":[{"name":"wp","href":"https:\/\/api.w.org\/{rel}","templated":true}]}}