{"id":113502,"date":"2024-02-02T00:00:00","date_gmt":"2024-02-01T23:00:00","guid":{"rendered":"http:\/\/gpl-love.com\/fr\/produit\/hero-menu-responsive-wordpress-mega-menu-plugin\/"},"modified":"2026-03-20T23:19:29","modified_gmt":"2026-03-20T22:19:29","slug":"hero-menu-responsive-wordpress-mega-menu-plugin","status":"publish","type":"product","link":"https:\/\/gpl-love.com\/fr\/produit\/hero-menu-responsive-wordpress-mega-menu-plugin\/","title":{"rendered":"Hero Menu Responsive WordPress Mega Menu Plugin 1.16.5"},"content":{"rendered":"<h3>Hero Menu Responsive WordPress Mega Menu Plugin Traits<\/h3>\n<p>Hero Menu est un plugin de menu WordPress tr\u00e8s robuste et r\u00e9actif qui a \u00e9t\u00e9 m\u00e9ticuleusement con\u00e7u pour les propri\u00e9taires de sites Web et les d\u00e9veloppeurs cherchant \u00e0 fa\u00e7onner des menus visuellement \u00e9tonnants et hautement navigables. En vertu de son interface de glisser-d\u00e9poser, les utilisateurs peuvent g\u00e9n\u00e9rer et personnaliser sans effort les menus qui s&rsquo;alignent de mani\u00e8re transparente sur la conception et la fonctionnalit\u00e9 de leur site Web. De plus, ce plugin propose une gamme de mod\u00e8les et de styles facilement disponibles qui peuvent \u00eatre modifi\u00e9s sans effort pour r\u00e9pondre \u00e0 vos besoins sp\u00e9cifiques. Hero Menu est enti\u00e8rement compatible avec tous les th\u00e8mes WordPress et poss\u00e8de des fonctionnalit\u00e9s avanc\u00e9es, y compris l&rsquo;int\u00e9gration avec des polices Google, des menus collants et une int\u00e9gration transparente avec les constructeurs de pages populaires. Avec le menu des h\u00e9ros \u00e0 votre disposition, vous avez la possibilit\u00e9 de concevoir des menus exquis et fonctionnels qui am\u00e9lioreront consid\u00e9rablement l&rsquo;exp\u00e9rience utilisateur de votre site Web et vous propulseront efficacement vers la r\u00e9alisation de vos objectifs commerciaux.<\/p>\n<ul>\n<li>Cr\u00e9e des m\u00e9ga menus r\u00e9actifs et personnalisables pour les sites Web WordPress<\/li>\n<li>Comprend un g\u00e9n\u00e9rateur de menu glisser-d\u00e9poser pour une personnalisation facile<\/li>\n<li>Compatible avec tous les th\u00e8mes WordPress et prend en charge les langues RTL<\/li>\n<li>Offre un acc\u00e8s rapide au contenu et \u00e0 la navigation du site Web essentiel<\/li>\n<li>Offre une vari\u00e9t\u00e9 de styles de menu, d&rsquo;ic\u00f4nes et d&rsquo;animations pour am\u00e9liorer l&rsquo;exp\u00e9rience utilisateur<\/li>\n<li>Permet l&rsquo;int\u00e9gration avec des plugins populaires tels que WooCommerce et WPML<\/li>\n<li>Comprend une fonction de recherche en direct pour une navigation sur site plus rapide et plus efficace<\/li>\n<li>Offre des menus d\u00e9roulants \u00e0 plusieurs niveaux pour une organisation plus facile de contenu<\/li>\n<li>Fournit un excellent support client et une documentation d\u00e9taill\u00e9e pour une installation et une utilisation faciles.<\/li>\n<\/ul>\n","protected":false},"excerpt":{"rendered":"<p>Profitez d&rsquo;une exp\u00e9rience de navigation sur le site sans tracas et sans effort en utilisant le plugin de menu WordPress Response Responsive r\u00e9actif. Ce plugin extraordinaire propose une fonction de menu m\u00e9ga adaptable et conviviale qui donne aux utilisateurs la possibilit\u00e9 d&rsquo;acc\u00e9der rapidement et de mani\u00e8re pratique au contenu souhait\u00e9. Sans oublier, sa conception r\u00e9active garantit que votre menu semblera impeccable et visuellement attrayant sur toutes les tailles d&rsquo;\u00e9cran ou les appareils mobiles. De plus, l&rsquo;interface sans effort de glisser-d\u00e9poser vous permet de cr\u00e9er des menus captivants et pratiques sans n\u00e9cessiter de comp\u00e9tences techniques sp\u00e9cialis\u00e9es. Prenez la sage pas d&rsquo;investissement dans le menu des h\u00e9ros aujourd&rsquo;hui et assistez \u00e0 une am\u00e9lioration importante dans l&rsquo;exp\u00e9rience utilisateur globale de votre site Web.<\/p>\n","protected":false},"featured_media":144175,"comment_status":"open","ping_status":"open","template":"","meta":[],"product_brand":[2435],"product_cat":[1189,1181,1186],"product_tag":[1231],"class_list":{"0":"post-113502","1":"product","2":"type-product","3":"status-publish","4":"has-post-thumbnail","6":"product_brand-codecanyon","7":"product_cat-personnalisation","8":"product_cat-plugins","9":"product_cat-wordpress-plugins","10":"product_tag-codecanyon","11":"member-discount","12":"discount-restricted","14":"first","15":"instock","16":"sale","17":"downloadable","18":"virtual","19":"sold-individually","20":"purchasable","21":"product-type-simple"},"_links":{"self":[{"href":"https:\/\/gpl-love.com\/fr\/wp-json\/wp\/v2\/product\/113502","targetHints":{"allow":["GET"]}}],"collection":[{"href":"https:\/\/gpl-love.com\/fr\/wp-json\/wp\/v2\/product"}],"about":[{"href":"https:\/\/gpl-love.com\/fr\/wp-json\/wp\/v2\/types\/product"}],"replies":[{"embeddable":true,"href":"https:\/\/gpl-love.com\/fr\/wp-json\/wp\/v2\/comments?post=113502"}],"wp:featuredmedia":[{"embeddable":true,"href":"https:\/\/gpl-love.com\/fr\/wp-json\/wp\/v2\/media\/144175"}],"wp:attachment":[{"href":"https:\/\/gpl-love.com\/fr\/wp-json\/wp\/v2\/media?parent=113502"}],"wp:term":[{"taxonomy":"product_brand","embeddable":true,"href":"https:\/\/gpl-love.com\/fr\/wp-json\/wp\/v2\/product_brand?post=113502"},{"taxonomy":"product_cat","embeddable":true,"href":"https:\/\/gpl-love.com\/fr\/wp-json\/wp\/v2\/product_cat?post=113502"},{"taxonomy":"product_tag","embeddable":true,"href":"https:\/\/gpl-love.com\/fr\/wp-json\/wp\/v2\/product_tag?post=113502"}],"curies":[{"name":"wp","href":"https:\/\/api.w.org\/{rel}","templated":true}]}}