{"id":113500,"date":"2026-04-21T00:00:00","date_gmt":"2026-04-20T22:00:00","guid":{"rendered":"http:\/\/gpl-love.com\/fr\/produit\/pinterest-for-woocommerce\/"},"modified":"2026-04-21T18:30:41","modified_gmt":"2026-04-21T16:30:41","slug":"pinterest-for-woocommerce","status":"publish","type":"product","link":"https:\/\/gpl-love.com\/fr\/produit\/pinterest-for-woocommerce\/","title":{"rendered":"Pinterest pour WooCommerce 1.4.26"},"content":{"rendered":"<h3>Pinterest pour WooCommerce Traits<\/h3>\n<p>Pinterest pour WooCommerce est un plugin innovant et de pointe qui a \u00e9t\u00e9 m\u00e9ticuleusement con\u00e7u dans l&rsquo;objectif principal d&rsquo;aider les entreprises \u00e0 promouvoir efficacement leurs produits et finalement \u00e0 augmenter les ventes. Cet outil tr\u00e8s influent et robuste facilite de mani\u00e8re transparente l&rsquo;int\u00e9gration de votre magasin WooCommerce avec la plate-forme Pinterest extr\u00eamement populaire et largement utilis\u00e9e, vous pr\u00e9sentant ainsi une opportunit\u00e9 inestimable de pr\u00e9senter et de montrer votre gamme diversifi\u00e9e de produits \u00e0 un public beaucoup plus large et plus expansif.<\/p>\n<p>Gr\u00e2ce \u00e0 l&rsquo;utilisation de Pinterest pour WooCommerce, vous avez la possibilit\u00e9 de cr\u00e9er habilement des \u00e9pingles, des planches et des collections captivants et tr\u00e8s engageants, tous soigneusement d\u00e9di\u00e9s \u00e0 la pr\u00e9sentation de vos produits de la mani\u00e8re la plus attrayante et la plus attrayante et esth\u00e9tiquement concevable. De plus, ce plugin exceptionnel propose une gamme de fonctionnalit\u00e9s d&rsquo;analyse et de rapports avanc\u00e9es et de pointe qui vous permettent efficacement de comprendre et de vraiment saisir l&rsquo;impact profond de votre activit\u00e9 Pinterest, vous permettant par la suite d&rsquo;optimiser et Affinez votre strat\u00e9gie globale avec l&rsquo;objectif ultime de r\u00e9aliser un retour sur investissement maximal (ROI).<\/p>\n<p>Que vous soyez une petite entreprise en herbe et en plein essor ou une entreprise \u00e9tablie et importante, il est clair sans \u00e9quivoque que Pinterest pour WooCommerce est un outil crucial indispensable qui est absolument imp\u00e9ratif pour tout d\u00e9taillant en ligne qui cherche avec ferm\u00e9 tout en atteignant et captivant simultan\u00e9ment une client\u00e8le enti\u00e8rement nouvelle et inexploit\u00e9e.<\/p>\n<ul>\n<li>Int\u00e9grez de mani\u00e8re transparente votre magasin WooCommerce avec Pinterest<\/li>\n<li>Cr\u00e9e automatiquement des broches de produits \u00e0 partir de vos produits WooCommerce<\/li>\n<li>vous permet de g\u00e9rer toutes vos broches de produit \u00e0 partir de votre tableau de bord WooCommerce<\/li>\n<li>suit les performances de vos \u00e9pingles de produit via l&rsquo;analyse<\/li>\n<li>Am\u00e9liore votre strat\u00e9gie de marketing de commerce \u00e9lectronique en stimulant votre pr\u00e9sence Pinterest<\/li>\n<li>vous fait gagner du temps en \u00e9liminant la n\u00e9cessit\u00e9 de cr\u00e9er des \u00e9pingles Pinterest manuellement<\/li>\n<li>augmente la visibilit\u00e9 et la d\u00e9couverte de vos produits sur Pinterest<\/li>\n<li>Aide \u00e0 g\u00e9n\u00e9rer plus de trafic et de ventes vers votre magasin WooCommerce<\/li>\n<\/ul>\n","protected":false},"excerpt":{"rendered":"<p>Pr\u00e9sentation des entr\u00e9es: Pinterest pour WooCommerce, un outil exceptionnellement robuste qui synchronise de mani\u00e8re transparente votre magasin WooCommerce avec Pinterest, facilitant ainsi l&rsquo;importation sans effort de vos produits sur la plate-forme et la cr\u00e9ation ult\u00e9rieure d&rsquo;\u00e9pingles de produits captivantes visuelles dans une p\u00e9riode remarquablement courte. Les entr\u00e9es poss\u00e8dent \u00e9galement la capacit\u00e9 remarquable pour vous permettre de planifier efficacement la diffusion de vos \u00e9pingles aux moments les plus opportuns, de surveiller et d&rsquo;\u00e9valuer m\u00e9ticuleusement vos performances globales, et de mettre en \u0153uvre des techniques d&rsquo;optimisation strat\u00e9gique pour am\u00e9liorer la visibilit\u00e9 de vos produits. Par cons\u00e9quent, cette application ing\u00e9nieuse rationalise efficacement le processus de connexion et de captivation de votre public cible sur Pinterest, renfor\u00e7ant ainsi consid\u00e9rablement vos chiffres de vente. Ne perdez pas de temps et vous lancez dans votre voyage vers un succ\u00e8s sans pr\u00e9c\u00e9dent en embrassant la contribution: Pinterest pour WooCommerce aujourd&rsquo;hui!<\/p>\n","protected":false},"featured_media":144983,"comment_status":"open","ping_status":"open","template":"","meta":[],"product_brand":[2440],"product_cat":[1182,1181,1406],"product_tag":[1398],"class_list":{"0":"post-113500","1":"product","2":"type-product","3":"status-publish","4":"has-post-thumbnail","6":"product_brand-woocommerce","7":"product_cat-commerce-electronique-plugins","8":"product_cat-plugins","9":"product_cat-social-commerce-electronique-plugins","10":"product_tag-woocommerce","11":"member-discount","12":"discount-restricted","14":"first","15":"instock","16":"sale","17":"downloadable","18":"virtual","19":"sold-individually","20":"purchasable","21":"product-type-simple"},"_links":{"self":[{"href":"https:\/\/gpl-love.com\/fr\/wp-json\/wp\/v2\/product\/113500","targetHints":{"allow":["GET"]}}],"collection":[{"href":"https:\/\/gpl-love.com\/fr\/wp-json\/wp\/v2\/product"}],"about":[{"href":"https:\/\/gpl-love.com\/fr\/wp-json\/wp\/v2\/types\/product"}],"replies":[{"embeddable":true,"href":"https:\/\/gpl-love.com\/fr\/wp-json\/wp\/v2\/comments?post=113500"}],"wp:featuredmedia":[{"embeddable":true,"href":"https:\/\/gpl-love.com\/fr\/wp-json\/wp\/v2\/media\/144983"}],"wp:attachment":[{"href":"https:\/\/gpl-love.com\/fr\/wp-json\/wp\/v2\/media?parent=113500"}],"wp:term":[{"taxonomy":"product_brand","embeddable":true,"href":"https:\/\/gpl-love.com\/fr\/wp-json\/wp\/v2\/product_brand?post=113500"},{"taxonomy":"product_cat","embeddable":true,"href":"https:\/\/gpl-love.com\/fr\/wp-json\/wp\/v2\/product_cat?post=113500"},{"taxonomy":"product_tag","embeddable":true,"href":"https:\/\/gpl-love.com\/fr\/wp-json\/wp\/v2\/product_tag?post=113500"}],"curies":[{"name":"wp","href":"https:\/\/api.w.org\/{rel}","templated":true}]}}